{"id":2299,"date":"2021-11-23T09:01:21","date_gmt":"2021-11-23T07:01:21","guid":{"rendered":"https:\/\/monditaly.com\/kauppa\/?post_type=product&#038;p=2299"},"modified":"2026-01-02T12:24:30","modified_gmt":"2026-01-02T10:24:30","slug":"bordon-crianza-1ltk-6x075l","status":"publish","type":"product","link":"https:\/\/monditaly.com\/kauppa\/tuote\/bordon-crianza-1ltk-6x075l\/","title":{"rendered":"Bord\u00f3n Crianza 1ltk (12&#215;0,75l)"},"content":{"rendered":"<p>Maa: Espanja<br \/>\nAlue: Rioja<br \/>\nViinityyppi: Punaviini<br \/>\nPullokoko: 0,75 l<br \/>\nRyp\u00e4leet: Temparnillo, Garnacha tinta, Garnacha<br \/>\nSokerit: 2 g\/l<br \/>\nHapot: 5,5 g\/l<br \/>\nAlkoholi: 13,5 %<\/p>\n<p>Tuoksu: Mausteinen, mustaherukkainen, tamminen.<br \/>\nMaku: T\u00e4ytel\u00e4inen, keskitanniininen, punamarjainen, vaniljainen, lakritsinen.<\/p>\n<p>Cherry red in colour with a ruby rim; red fruit overtones present in the nose, it is smoky with hints of liquorice. In the mouth, it is clean, tasty, fresh and balanced. It has a lengthy finish, both fruity and spicy. It is ideal with pulses, white meats and grilled meat, sheep cheese, pasta and fried food in general. Best served at 16\u00b0C.<\/p>\n","protected":false},"excerpt":{"rendered":"<p id=\"tw-target-text\" class=\"tw-data-text tw-text-large tw-ta\" dir=\"ltr\" data-placeholder=\"Translation\"><span class=\"Y2IQFc\" lang=\"fi\">Viettelev\u00e4n sile\u00e4 ja silkinpehme\u00e4 punainen Crianza Riojan alueelta Koillis-Espanjasta.<\/span><\/p>\n","protected":false},"featured_media":2300,"template":"","meta":[],"product_brand":[],"product_cat":[23,294,352,353],"product_tag":[356,357],"class_list":{"0":"post-2299","1":"product","2":"type-product","3":"status-publish","4":"has-post-thumbnail","6":"product_cat-juomat","7":"product_cat-juomat-horeca","8":"product_cat-viinit","9":"product_cat-punaviinit","10":"product_tag-punaviini","11":"product_tag-red-wine","12":"product_shipping_class-horeca","14":"first","15":"instock","16":"taxable","17":"shipping-taxable","18":"product-type-simple"},"_links":{"self":[{"href":"https:\/\/monditaly.com\/kauppa\/wp-json\/wp\/v2\/product\/2299","targetHints":{"allow":["GET"]}}],"collection":[{"href":"https:\/\/monditaly.com\/kauppa\/wp-json\/wp\/v2\/product"}],"about":[{"href":"https:\/\/monditaly.com\/kauppa\/wp-json\/wp\/v2\/types\/product"}],"wp:featuredmedia":[{"embeddable":true,"href":"https:\/\/monditaly.com\/kauppa\/wp-json\/wp\/v2\/media\/2300"}],"wp:attachment":[{"href":"https:\/\/monditaly.com\/kauppa\/wp-json\/wp\/v2\/media?parent=2299"}],"wp:term":[{"taxonomy":"product_brand","embeddable":true,"href":"https:\/\/monditaly.com\/kauppa\/wp-json\/wp\/v2\/product_brand?post=2299"},{"taxonomy":"product_cat","embeddable":true,"href":"https:\/\/monditaly.com\/kauppa\/wp-json\/wp\/v2\/product_cat?post=2299"},{"taxonomy":"product_tag","embeddable":true,"href":"https:\/\/monditaly.com\/kauppa\/wp-json\/wp\/v2\/product_tag?post=2299"}],"curies":[{"name":"wp","href":"https:\/\/api.w.org\/{rel}","templated":true}]}}