{"id":2305,"date":"2021-11-23T10:26:53","date_gmt":"2021-11-23T08:26:53","guid":{"rendered":"https:\/\/monditaly.com\/kauppa\/?post_type=product&#038;p=2305"},"modified":"2026-01-02T10:28:06","modified_gmt":"2026-01-02T08:28:06","slug":"santome-tai-bianco-parcel-368-1ltk-6x075l","status":"publish","type":"product","link":"https:\/\/monditaly.com\/kauppa\/tuote\/santome-tai-bianco-parcel-368-1ltk-6x075l\/","title":{"rendered":"Santom\u00e8 Tai Bianco Parcel #368 1ltk (6&#215;0,75l)"},"content":{"rendered":"<p>Maa: Italia<br \/>\nAlue: Veneto<br \/>\nViinityyppi: Valkoviini<br \/>\nPullokoko: 0,75 l<br \/>\nRyp\u00e4leet: Tai Bianco (Tocai)<br \/>\nSokerit: 2 g\/l<br \/>\nHapot: 5,3 g\/l<br \/>\nAlkoholi: 14 %<\/p>\n<p>Tuoksu: Klassinen, hienovaraisen kukkainen. Selkeit\u00e4 persikan ja aprikoosin nuotteja sekoittuneena keltaisiin kukkiin sek\u00e4 tinjamin, oreganon ja salvian mausteisuutta.<br \/>\nMaku: Voimakas, t\u00e4ytel\u00e4inen, pehme\u00e4, tasapainoisen hapokas, aromaattinen. Pitk\u00e4 j\u00e4lkimaku.<br \/>\nVegaaninen<\/p>\n<p>Classic intense subtle bouquet. Clear fruity hints of peach and apricot blended with yellow flowers and spicy aroma of thyme, oregano and refreshing salvia.Taste is rich, strong, powerful , smooth and balanced acidity, with the same aromatic fragrance perceived by nose. Dry lasting finish.<br \/>\nIt is ideal with complex fish risottos, fish and beef carpaccio, grilled fish, foil-baked fish, baked and smoked fish with herbs and spices. It is also good with grilled porcini mushrooms, and fairly fatty cheeses. It is also a fine meditation wine. Best served at 18\/20\u00b0C.<\/p>\n","protected":false},"excerpt":{"rendered":"<p>T\u00e4ytel\u00e4inen ja pitk\u00e4kestoinen maku<\/p>\n","protected":false},"featured_media":2306,"template":"","meta":[],"product_brand":[],"product_cat":[23,294,352,354],"product_tag":[359,369,358],"class_list":{"0":"post-2305","1":"product","2":"type-product","3":"status-publish","4":"has-post-thumbnail","6":"product_cat-juomat","7":"product_cat-juomat-horeca","8":"product_cat-viinit","9":"product_cat-valkoviinit","10":"product_tag-santome","11":"product_tag-valkoviini","12":"product_tag-white-wine","13":"product_shipping_class-horeca","15":"first","16":"instock","17":"taxable","18":"shipping-taxable","19":"product-type-simple"},"_links":{"self":[{"href":"https:\/\/monditaly.com\/kauppa\/wp-json\/wp\/v2\/product\/2305","targetHints":{"allow":["GET"]}}],"collection":[{"href":"https:\/\/monditaly.com\/kauppa\/wp-json\/wp\/v2\/product"}],"about":[{"href":"https:\/\/monditaly.com\/kauppa\/wp-json\/wp\/v2\/types\/product"}],"wp:featuredmedia":[{"embeddable":true,"href":"https:\/\/monditaly.com\/kauppa\/wp-json\/wp\/v2\/media\/2306"}],"wp:attachment":[{"href":"https:\/\/monditaly.com\/kauppa\/wp-json\/wp\/v2\/media?parent=2305"}],"wp:term":[{"taxonomy":"product_brand","embeddable":true,"href":"https:\/\/monditaly.com\/kauppa\/wp-json\/wp\/v2\/product_brand?post=2305"},{"taxonomy":"product_cat","embeddable":true,"href":"https:\/\/monditaly.com\/kauppa\/wp-json\/wp\/v2\/product_cat?post=2305"},{"taxonomy":"product_tag","embeddable":true,"href":"https:\/\/monditaly.com\/kauppa\/wp-json\/wp\/v2\/product_tag?post=2305"}],"curies":[{"name":"wp","href":"https:\/\/api.w.org\/{rel}","templated":true}]}}