{"id":2307,"date":"2021-11-23T11:10:41","date_gmt":"2021-11-23T09:10:41","guid":{"rendered":"https:\/\/monditaly.com\/kauppa\/?post_type=product&#038;p=2307"},"modified":"2024-12-09T14:59:05","modified_gmt":"2024-12-09T12:59:05","slug":"santome-ana-6-1ltk-6x075l","status":"publish","type":"product","link":"https:\/\/monditaly.com\/kauppa\/tuote\/santome-ana-6-1ltk-6x075l\/","title":{"rendered":"Santom\u00e8 Anna 6 1ltk (6&#215;0,75l)"},"content":{"rendered":"<p>Maa: Italia<br \/>\nAlue: Veneto<br \/>\nViinityyppi: Valkoviini<br \/>\nPullokoko: 0,75 l<br \/>\nRyp\u00e4leet: Chardonnay, Riesling<br \/>\nSokerit: 6 g\/l<br \/>\nHapot: 6,3 g\/l<br \/>\nAlkoholi: 11,6 %<\/p>\n<p>Tuoksu: Voimakas, kukkainen. Salvian, viikunanlehtien ja paprikan vivahteet. Kevyen mineraalinen ja sitrushedelm\u00e4n syd\u00e4n. Mausteinen, v\u00e4limerellinen lopputuoksu.<br \/>\nMaku: Raikas, hienovarainen, elegantti, kevyt. Sitruunainen\u00a0j\u00e4lkimaku.<br \/>\nVegaaninen<\/p>\n<p>An intense and complex bouquet, with fresh vegetable sensations of sage, fig leaves and sweet pepper. This is followed by a delicate mineral and fruity hint of pineapple and sensations of citrus fruits including grapefruit and citron, with a light and spicy Mediterranean finish.<br \/>\nFresh, subtle, elegant, delicately gentle and light, final taste of citrus.<br \/>\nIt is ideal with delicate herb risottos, onion soup, mushroom soup, and pasta with tomato sauce. It also combines happily with fresh herbed cheeses, fish first courses or grilled white meat. Best served at 16\/18\u00b0C.<\/p>\n","protected":false},"excerpt":{"rendered":"<p id=\"tw-target-text\" class=\"tw-data-text tw-text-large tw-ta\" dir=\"ltr\" data-placeholder=\"Translation\"><span class=\"Y2IQFc\" lang=\"fi\">&#8220;Anna 6&#8221; on sekoitus Chardonnayta ja Rieslingi\u00e4.<\/span><\/p>\n","protected":false},"featured_media":5382,"template":"","meta":[],"product_brand":[],"product_cat":[23,294,352,354],"product_tag":[359,369,358],"class_list":{"0":"post-2307","1":"product","2":"type-product","3":"status-publish","4":"has-post-thumbnail","6":"product_cat-juomat","7":"product_cat-juomat-horeca","8":"product_cat-viinit","9":"product_cat-valkoviinit","10":"product_tag-santome","11":"product_tag-valkoviini","12":"product_tag-white-wine","13":"product_shipping_class-horeca","15":"first","16":"instock","17":"taxable","18":"shipping-taxable","19":"product-type-simple"},"_links":{"self":[{"href":"https:\/\/monditaly.com\/kauppa\/wp-json\/wp\/v2\/product\/2307","targetHints":{"allow":["GET"]}}],"collection":[{"href":"https:\/\/monditaly.com\/kauppa\/wp-json\/wp\/v2\/product"}],"about":[{"href":"https:\/\/monditaly.com\/kauppa\/wp-json\/wp\/v2\/types\/product"}],"wp:featuredmedia":[{"embeddable":true,"href":"https:\/\/monditaly.com\/kauppa\/wp-json\/wp\/v2\/media\/5382"}],"wp:attachment":[{"href":"https:\/\/monditaly.com\/kauppa\/wp-json\/wp\/v2\/media?parent=2307"}],"wp:term":[{"taxonomy":"product_brand","embeddable":true,"href":"https:\/\/monditaly.com\/kauppa\/wp-json\/wp\/v2\/product_brand?post=2307"},{"taxonomy":"product_cat","embeddable":true,"href":"https:\/\/monditaly.com\/kauppa\/wp-json\/wp\/v2\/product_cat?post=2307"},{"taxonomy":"product_tag","embeddable":true,"href":"https:\/\/monditaly.com\/kauppa\/wp-json\/wp\/v2\/product_tag?post=2307"}],"curies":[{"name":"wp","href":"https:\/\/api.w.org\/{rel}","templated":true}]}}