{"id":2329,"date":"2021-11-23T15:38:56","date_gmt":"2021-11-23T13:38:56","guid":{"rendered":"https:\/\/monditaly.com\/kauppa\/?post_type=product&#038;p=2329"},"modified":"2026-01-02T10:09:19","modified_gmt":"2026-01-02T08:09:19","slug":"santome-prosecco-brut-1ltk-6x075l","status":"publish","type":"product","link":"https:\/\/monditaly.com\/kauppa\/tuote\/santome-prosecco-brut-1ltk-6x075l\/","title":{"rendered":"Santom\u00e8 Prosecco Brut 1ltk (6&#215;0,75l)"},"content":{"rendered":"<p>Maa: Italia<br \/>\nAlue: Veneto<br \/>\nViinityyppi: Kuohuviini, charmat -metodi<br \/>\nPullokoko: 0,75 l<br \/>\nRyp\u00e4leet: Glera<br \/>\nSokerit: 7,5 g\/l<br \/>\nHapot: 5,9 g\/l<br \/>\nAlkoholi: 11 %<\/p>\n<p>Tuoksu: Voimakas, hedelm\u00e4iset vivahteet, vihre\u00e4 omena, valkoiset kukat.<br \/>\nMaku: Miellytt\u00e4v\u00e4, kevyt, raikas ja pehme\u00e4sti virtaava, kevyell\u00e4 sitruunaisella hapokkuudella. Hyv\u00e4 tasapainoinen ja viipyilev\u00e4 j\u00e4lkimaku.<br \/>\nVegaaninen.<\/p>\n<p>Intense, with crusty bread and yeast predominant. Fruity component follows with green apple while a delicate hint of white flowers provides the floral component. Taste is pleasant, light, fresh, smooth-flowing with a distinct lemony acidity. Well-balanced, with a dry, sapid and persistent finish. A great wine for aperitifs. It is ideal with hors d\u2019oeuvres and light fish first courses; excellent with raw fish dishes. It is also good with pasta salads and with slivers of parmigiano or grana Padano<br \/>\ncheese. Best served at 6\/8\u00b0C.<\/p>\n","protected":false},"excerpt":{"rendered":"<p>Tasapainoinen kuohuviini kest\u00e4v\u00e4ll\u00e4 j\u00e4lkimaulla<\/p>\n","protected":false},"featured_media":2330,"template":"","meta":[],"product_brand":[],"product_cat":[23,294,355],"product_tag":[375,373,359],"class_list":{"0":"post-2329","1":"product","2":"type-product","3":"status-publish","4":"has-post-thumbnail","6":"product_cat-juomat","7":"product_cat-juomat-horeca","8":"product_cat-kuohuviinit-samppanjat","9":"product_tag-brut","10":"product_tag-prosecco","11":"product_tag-santome","12":"product_shipping_class-horeca","14":"first","15":"instock","16":"taxable","17":"shipping-taxable","18":"product-type-simple"},"_links":{"self":[{"href":"https:\/\/monditaly.com\/kauppa\/wp-json\/wp\/v2\/product\/2329","targetHints":{"allow":["GET"]}}],"collection":[{"href":"https:\/\/monditaly.com\/kauppa\/wp-json\/wp\/v2\/product"}],"about":[{"href":"https:\/\/monditaly.com\/kauppa\/wp-json\/wp\/v2\/types\/product"}],"wp:featuredmedia":[{"embeddable":true,"href":"https:\/\/monditaly.com\/kauppa\/wp-json\/wp\/v2\/media\/2330"}],"wp:attachment":[{"href":"https:\/\/monditaly.com\/kauppa\/wp-json\/wp\/v2\/media?parent=2329"}],"wp:term":[{"taxonomy":"product_brand","embeddable":true,"href":"https:\/\/monditaly.com\/kauppa\/wp-json\/wp\/v2\/product_brand?post=2329"},{"taxonomy":"product_cat","embeddable":true,"href":"https:\/\/monditaly.com\/kauppa\/wp-json\/wp\/v2\/product_cat?post=2329"},{"taxonomy":"product_tag","embeddable":true,"href":"https:\/\/monditaly.com\/kauppa\/wp-json\/wp\/v2\/product_tag?post=2329"}],"curies":[{"name":"wp","href":"https:\/\/api.w.org\/{rel}","templated":true}]}}