{"id":2331,"date":"2021-11-23T15:51:15","date_gmt":"2021-11-23T13:51:15","guid":{"rendered":"https:\/\/monditaly.com\/kauppa\/?post_type=product&#038;p=2331"},"modified":"2026-01-02T10:10:20","modified_gmt":"2026-01-02T08:10:20","slug":"santome-prosecco-extra-dry-1ltk-6x075l","status":"publish","type":"product","link":"https:\/\/monditaly.com\/kauppa\/tuote\/santome-prosecco-extra-dry-1ltk-6x075l\/","title":{"rendered":"Santom\u00e8 Prosecco Extra Dry 1ltk (6&#215;0,75l)"},"content":{"rendered":"<p>Maa: Italia<br \/>\nAlue: Veneto<br \/>\nViinityyppi: Kuohuviini, charmat -metodi<br \/>\nPullokoko: 0,75 l<br \/>\nRyp\u00e4leet: Glera<br \/>\nSokerit: 16 g\/l<br \/>\nHapot: 6 g\/l<br \/>\nAlkoholi: 11 %<\/p>\n<p>Tuoksu: Voimakas, makea, hedelm\u00e4inen, omenainen. H\u00e4iv\u00e4hdys akaasian kukkaa.<br \/>\nMaku: Miellytt\u00e4v\u00e4, kevyt, raikas, pehme\u00e4sti ja elegantti. Tasapainoinen hapokkuus. Hedelm\u00e4inen j\u00e4lkimaku.<br \/>\nVegaaninen.<\/p>\n<p>Intense, sweet and fruity with predominant apple. A floral component with a delicate hint of acacia flowers. Taiste is pleasant, light, fresh and smooth with distinct harmonious acidity. Balanced, elegant and persistent. Fruity sensations in the finish.<br \/>\nThe perfect match to bite-size raw sushi or Grana Padano chips. It is ideal with fish recipes, as for example Spaghetti with clams and Risotto with shrimps and zucchini julienne, but also with baked sea bream with potatoes and peppers. Try it also with an Italian typical tasty break like salami sandwiches!\u00a0 Best served at 6\/8\u00b0C.<\/p>\n","protected":false},"excerpt":{"rendered":"<p>Raikaan pehme\u00e4 klassinen Prosecco<\/p>\n","protected":false},"featured_media":5378,"template":"","meta":[],"product_brand":[],"product_cat":[23,294,355],"product_tag":[376,373,359],"class_list":{"0":"post-2331","1":"product","2":"type-product","3":"status-publish","4":"has-post-thumbnail","6":"product_cat-juomat","7":"product_cat-juomat-horeca","8":"product_cat-kuohuviinit-samppanjat","9":"product_tag-extra-dry","10":"product_tag-prosecco","11":"product_tag-santome","12":"product_shipping_class-horeca","14":"first","15":"instock","16":"taxable","17":"shipping-taxable","18":"product-type-simple"},"_links":{"self":[{"href":"https:\/\/monditaly.com\/kauppa\/wp-json\/wp\/v2\/product\/2331","targetHints":{"allow":["GET"]}}],"collection":[{"href":"https:\/\/monditaly.com\/kauppa\/wp-json\/wp\/v2\/product"}],"about":[{"href":"https:\/\/monditaly.com\/kauppa\/wp-json\/wp\/v2\/types\/product"}],"wp:featuredmedia":[{"embeddable":true,"href":"https:\/\/monditaly.com\/kauppa\/wp-json\/wp\/v2\/media\/5378"}],"wp:attachment":[{"href":"https:\/\/monditaly.com\/kauppa\/wp-json\/wp\/v2\/media?parent=2331"}],"wp:term":[{"taxonomy":"product_brand","embeddable":true,"href":"https:\/\/monditaly.com\/kauppa\/wp-json\/wp\/v2\/product_brand?post=2331"},{"taxonomy":"product_cat","embeddable":true,"href":"https:\/\/monditaly.com\/kauppa\/wp-json\/wp\/v2\/product_cat?post=2331"},{"taxonomy":"product_tag","embeddable":true,"href":"https:\/\/monditaly.com\/kauppa\/wp-json\/wp\/v2\/product_tag?post=2331"}],"curies":[{"name":"wp","href":"https:\/\/api.w.org\/{rel}","templated":true}]}}