{"id":2334,"date":"2021-11-24T14:20:16","date_gmt":"2021-11-24T12:20:16","guid":{"rendered":"https:\/\/monditaly.com\/kauppa\/?post_type=product&#038;p=2334"},"modified":"2024-07-07T03:54:04","modified_gmt":"2024-07-07T00:54:04","slug":"agugiaro-mora-taysjyvavehnajauho-10kg","status":"publish","type":"product","link":"https:\/\/monditaly.com\/kauppa\/tuote\/agugiaro-mora-taysjyvavehnajauho-10kg\/","title":{"rendered":"Agugiaro Mora t\u00e4ysjyv\u00e4vehn\u00e4jauho 10kg"},"content":{"rendered":"<h3>Ainesosat \/ Ingredienser:<\/h3>\n<h3>Ravintoarvot per 100g \/ N\u00e4ringsv\u00e4rde per 100g:<\/h3>\n<p>Energia \/ Energi 1400 kJ \/ 331 kcal<br \/>\nRasva \/ Fett 1,5 g<br \/>\njosta tyydyttynytt\u00e4 \/ varav m\u00e4ttade<br \/>\nHiilihydraatit \/ Kolhydrat 61 g<br \/>\njoista sokereita \/ varav sockerarter<br \/>\nKuitu \/ Fiber 8,7 g<br \/>\nProteiini \/ Protein 14 g<br \/>\nSuola \/ Salt<\/p>\n","protected":false},"excerpt":{"rendered":"<p>Soveltuu kaikenlaisten pizzojen valmistamiseen.<\/p>\n<p>Whole-wheat fine grain flour. Suitable for making all kinds of pizzas.<\/p>\n","protected":false},"featured_media":2523,"template":"","meta":[],"product_brand":[],"product_cat":[196,46,110,74,156],"product_tag":[202,379],"class_list":{"0":"post-2334","1":"product","2":"type-product","3":"status-publish","4":"has-post-thumbnail","6":"product_cat-kilokauppa","7":"product_cat-teolliset_elintarvikkeet","8":"product_cat-horeca-teolliset-elintarvikkeet","9":"product_cat-kuivat-elintarvikkeet-horeca","10":"product_cat-jauhot-horeca","11":"product_tag-flour","12":"product_tag-whole-wheat","13":"product_shipping_class-horeca","15":"first","16":"instock","17":"taxable","18":"shipping-taxable","19":"product-type-simple"},"_links":{"self":[{"href":"https:\/\/monditaly.com\/kauppa\/wp-json\/wp\/v2\/product\/2334","targetHints":{"allow":["GET"]}}],"collection":[{"href":"https:\/\/monditaly.com\/kauppa\/wp-json\/wp\/v2\/product"}],"about":[{"href":"https:\/\/monditaly.com\/kauppa\/wp-json\/wp\/v2\/types\/product"}],"wp:featuredmedia":[{"embeddable":true,"href":"https:\/\/monditaly.com\/kauppa\/wp-json\/wp\/v2\/media\/2523"}],"wp:attachment":[{"href":"https:\/\/monditaly.com\/kauppa\/wp-json\/wp\/v2\/media?parent=2334"}],"wp:term":[{"taxonomy":"product_brand","embeddable":true,"href":"https:\/\/monditaly.com\/kauppa\/wp-json\/wp\/v2\/product_brand?post=2334"},{"taxonomy":"product_cat","embeddable":true,"href":"https:\/\/monditaly.com\/kauppa\/wp-json\/wp\/v2\/product_cat?post=2334"},{"taxonomy":"product_tag","embeddable":true,"href":"https:\/\/monditaly.com\/kauppa\/wp-json\/wp\/v2\/product_tag?post=2334"}],"curies":[{"name":"wp","href":"https:\/\/api.w.org\/{rel}","templated":true}]}}