{"id":2335,"date":"2021-11-24T15:02:54","date_gmt":"2021-11-24T13:02:54","guid":{"rendered":"https:\/\/monditaly.com\/kauppa\/?post_type=product&#038;p=2335"},"modified":"2026-02-24T11:24:31","modified_gmt":"2026-02-24T09:24:31","slug":"cento-bonta-pecorinoraaste-1kg","status":"publish","type":"product","link":"https:\/\/monditaly.com\/kauppa\/tuote\/cento-bonta-pecorinoraaste-1kg\/","title":{"rendered":"Cento Bont\u00e0 Pecorinoraaste 1kg"},"content":{"rendered":"<h3>Ainesosat \/ Ingredienser:<\/h3>\n<p>Pastoroitu lampaan maito, suola, juoksute.<\/p>\n<p id=\"tw-target-text\" class=\"tw-data-text tw-text-large tw-ta\" dir=\"ltr\" data-placeholder=\"Translation\"><span class=\"Y2IQFc\" lang=\"sv\">Past\u00f6riserad f\u00e5rmj\u00f6lk, salt, l\u00f6pe.<\/span><\/p>\n<h3>Ravintoarvot per 100g \/ N\u00e4ringsv\u00e4rde per 100g:<\/h3>\n<p>Energia \/ Energi 1620 kJ \/ 390 kcal<br \/>\nRasva \/ Fett 30 g josta tyydyttynytt\u00e4 \/ varav m\u00e4ttade 19,2 g<br \/>\nHiilihydraatit \/ Kolhydrater 0 g joista sokereita \/ varav sockerarter 0 g<br \/>\nKuitu \/ Fiber 0 g<br \/>\nProteiini \/ Protein 30 g<br \/>\nSuola \/ Salt 4,5 g<\/p>\n","protected":false},"excerpt":{"rendered":"<p>Gluteeniton pecorino-tuoreraaste ilman s\u00e4il\u00f6nt\u00e4aineita.<\/p>\n","protected":false},"featured_media":2527,"template":"","meta":[],"product_brand":[],"product_cat":[36,163,246,249],"product_tag":[187,304,325,328],"class_list":{"0":"post-2335","1":"product","2":"type-product","3":"status-publish","4":"has-post-thumbnail","6":"product_cat-viileat","7":"product_cat-viileat-horeca","8":"product_cat-juustot-horeca","9":"product_cat-kovat-juustot-horeca","10":"product_tag-cheese","11":"product_tag-gluteeniton","12":"product_tag-gluten-free","13":"product_tag-grated","14":"product_shipping_class-viileat-pakaste","16":"first","17":"instock","18":"taxable","19":"shipping-taxable","20":"product-type-simple"},"_links":{"self":[{"href":"https:\/\/monditaly.com\/kauppa\/wp-json\/wp\/v2\/product\/2335","targetHints":{"allow":["GET"]}}],"collection":[{"href":"https:\/\/monditaly.com\/kauppa\/wp-json\/wp\/v2\/product"}],"about":[{"href":"https:\/\/monditaly.com\/kauppa\/wp-json\/wp\/v2\/types\/product"}],"wp:featuredmedia":[{"embeddable":true,"href":"https:\/\/monditaly.com\/kauppa\/wp-json\/wp\/v2\/media\/2527"}],"wp:attachment":[{"href":"https:\/\/monditaly.com\/kauppa\/wp-json\/wp\/v2\/media?parent=2335"}],"wp:term":[{"taxonomy":"product_brand","embeddable":true,"href":"https:\/\/monditaly.com\/kauppa\/wp-json\/wp\/v2\/product_brand?post=2335"},{"taxonomy":"product_cat","embeddable":true,"href":"https:\/\/monditaly.com\/kauppa\/wp-json\/wp\/v2\/product_cat?post=2335"},{"taxonomy":"product_tag","embeddable":true,"href":"https:\/\/monditaly.com\/kauppa\/wp-json\/wp\/v2\/product_tag?post=2335"}],"curies":[{"name":"wp","href":"https:\/\/api.w.org\/{rel}","templated":true}]}}