{"id":2347,"date":"2021-12-01T11:37:06","date_gmt":"2021-12-01T09:37:06","guid":{"rendered":"https:\/\/monditaly.com\/kauppa\/?post_type=product&#038;p=2347"},"modified":"2026-01-02T12:20:41","modified_gmt":"2026-01-02T10:20:41","slug":"bordon-blanco-1ltk-6x075l-kopio","status":"publish","type":"product","link":"https:\/\/monditaly.com\/kauppa\/tuote\/bordon-blanco-1ltk-6x075l-kopio\/","title":{"rendered":"Bord\u00f3n Blanco 1ltk (6&#215;0,75l)"},"content":{"rendered":"<p>Maa: Italia<br \/>\nAlue: Rioja<br \/>\nViinityyppi: Valkoviini<br \/>\nPullokoko: 0,75 l<br \/>\nRyp\u00e4leet: Viruta<br \/>\nSokerit:\u00a0 g\/l<br \/>\nHapot:\u00a0 g\/l<br \/>\nAlkoholi: 12,5 %<\/p>\n<p>Tuoksu: Voimakkaan hedelm\u00e4inen.<br \/>\nMaku: Puhdas ja pehme\u00e4 kitalaessa. Kirkkaan vaaleankeltainen v\u00e4ri. Voimakkaat hedelm\u00e4iset tuoksut tekev\u00e4t t\u00e4st\u00e4 erinomaisen yhdest\u00e4 lajikkeesta tehdyn viinin.<br \/>\nVegaaninen<\/p>\n<p>Brilliant pale yellow in colour, with an intensely fruity bouquet that makes it an ideal single-variety wine. Very clean and expressive in the mouth, and extremely light on the palate. It is ideat with fish, seafood, legumes, vegetable dishes, appetizers and goat\u2019s cheese. Best served at 16\u00b0C.<\/p>\n","protected":false},"excerpt":{"rendered":"<p>Maussa mukavaa tuoreutta ja maukkutta sek\u00e4 kiehtovaa pehmeytt\u00e4, jossa on runsaasti hedelm\u00e4isi\u00e4 aromeja.<\/p>\n","protected":false},"featured_media":2349,"template":"","meta":[],"product_brand":[],"product_cat":[23,294,352,354],"product_tag":[359,369,358],"class_list":{"0":"post-2347","1":"product","2":"type-product","3":"status-publish","4":"has-post-thumbnail","6":"product_cat-juomat","7":"product_cat-juomat-horeca","8":"product_cat-viinit","9":"product_cat-valkoviinit","10":"product_tag-santome","11":"product_tag-valkoviini","12":"product_tag-white-wine","13":"product_shipping_class-horeca","15":"first","16":"instock","17":"taxable","18":"shipping-taxable","19":"product-type-simple"},"_links":{"self":[{"href":"https:\/\/monditaly.com\/kauppa\/wp-json\/wp\/v2\/product\/2347","targetHints":{"allow":["GET"]}}],"collection":[{"href":"https:\/\/monditaly.com\/kauppa\/wp-json\/wp\/v2\/product"}],"about":[{"href":"https:\/\/monditaly.com\/kauppa\/wp-json\/wp\/v2\/types\/product"}],"wp:featuredmedia":[{"embeddable":true,"href":"https:\/\/monditaly.com\/kauppa\/wp-json\/wp\/v2\/media\/2349"}],"wp:attachment":[{"href":"https:\/\/monditaly.com\/kauppa\/wp-json\/wp\/v2\/media?parent=2347"}],"wp:term":[{"taxonomy":"product_brand","embeddable":true,"href":"https:\/\/monditaly.com\/kauppa\/wp-json\/wp\/v2\/product_brand?post=2347"},{"taxonomy":"product_cat","embeddable":true,"href":"https:\/\/monditaly.com\/kauppa\/wp-json\/wp\/v2\/product_cat?post=2347"},{"taxonomy":"product_tag","embeddable":true,"href":"https:\/\/monditaly.com\/kauppa\/wp-json\/wp\/v2\/product_tag?post=2347"}],"curies":[{"name":"wp","href":"https:\/\/api.w.org\/{rel}","templated":true}]}}