{"id":2390,"date":"2022-01-05T14:20:05","date_gmt":"2022-01-05T12:20:05","guid":{"rendered":"https:\/\/monditaly.com\/kauppa\/?post_type=product&#038;p=2390"},"modified":"2024-07-07T03:45:27","modified_gmt":"2024-07-07T00:45:27","slug":"pasini-il-maestro-tyyppi-1-pizzajauho-25kg","status":"publish","type":"product","link":"https:\/\/monditaly.com\/kauppa\/tuote\/pasini-il-maestro-tyyppi-1-pizzajauho-25kg\/","title":{"rendered":"Pasini Il Maestro 01 pizzajauho 25kg"},"content":{"rendered":"<h3>Ainesosat \/ Ingredienser:<\/h3>\n<p>Tyypin 00 vehn\u00e4jauhot. <strong>Sis\u00e4lt\u00e4\u00e4 gluteenia.<\/strong><\/p>\n<p>Vetemj\u00f6l &#8220;00&#8221;. <strong>Inneh\u00e5ller gluten.<\/strong><\/p>\n<h3>Ravintoarvot per 100g \/ N\u00e4ringsv\u00e4rde per 100g:<\/h3>\n<p>Energia \/ Energi 1448 kJ \/ 342 kcal<br \/>\nRasva \/ Fett 1,7 g<br \/>\njosta tyydyttynytt\u00e4 \/ varav m\u00e4ttade 0,43 g<br \/>\nHiilihydraatit \/ Kolhydrater 65,7 g<br \/>\njoista sokereita \/ varav sockerarter 1,48 g<br \/>\nKuitu \/ Fiber 14,4 g<br \/>\nProteiini \/ Protein 2,9 g<br \/>\nSuola \/ Salt 0 g<\/p>\n","protected":false},"excerpt":{"rendered":"<p>Valmistettu jauhamalla EU:n alueelta per\u00e4isin olevia vehn\u00e4njyvi\u00e4. Tyypin 1 vehn\u00e4jauhot huoneenl\u00e4mp\u00f6isiin ja kosteisiin taikinoihin. S\u00e4ilytys viile\u00e4ss\u00e4, ilmastoidussa ja kuivassa paikassa. Er\u00e4p\u00e4iv\u00e4 9 kuukautta jauhatuksesta.<\/p>\n<p>Type 1 wheat flour for room temperature and moist doughs. <span class=\"Y2IQFc\" lang=\"en\">Store in a cool, air-conditioned and dry place. Due date 9 months after grinding.<\/span><\/p>\n","protected":false},"featured_media":2391,"template":"","meta":[],"product_brand":[],"product_cat":[196,46,110,74,156],"product_tag":[202,80],"class_list":{"0":"post-2390","1":"product","2":"type-product","3":"status-publish","4":"has-post-thumbnail","6":"product_cat-kilokauppa","7":"product_cat-teolliset_elintarvikkeet","8":"product_cat-horeca-teolliset-elintarvikkeet","9":"product_cat-kuivat-elintarvikkeet-horeca","10":"product_cat-jauhot-horeca","11":"product_tag-flour","12":"product_tag-pizza","13":"product_shipping_class-horeca","15":"first","16":"instock","17":"taxable","18":"shipping-taxable","19":"product-type-simple"},"_links":{"self":[{"href":"https:\/\/monditaly.com\/kauppa\/wp-json\/wp\/v2\/product\/2390","targetHints":{"allow":["GET"]}}],"collection":[{"href":"https:\/\/monditaly.com\/kauppa\/wp-json\/wp\/v2\/product"}],"about":[{"href":"https:\/\/monditaly.com\/kauppa\/wp-json\/wp\/v2\/types\/product"}],"wp:featuredmedia":[{"embeddable":true,"href":"https:\/\/monditaly.com\/kauppa\/wp-json\/wp\/v2\/media\/2391"}],"wp:attachment":[{"href":"https:\/\/monditaly.com\/kauppa\/wp-json\/wp\/v2\/media?parent=2390"}],"wp:term":[{"taxonomy":"product_brand","embeddable":true,"href":"https:\/\/monditaly.com\/kauppa\/wp-json\/wp\/v2\/product_brand?post=2390"},{"taxonomy":"product_cat","embeddable":true,"href":"https:\/\/monditaly.com\/kauppa\/wp-json\/wp\/v2\/product_cat?post=2390"},{"taxonomy":"product_tag","embeddable":true,"href":"https:\/\/monditaly.com\/kauppa\/wp-json\/wp\/v2\/product_tag?post=2390"}],"curies":[{"name":"wp","href":"https:\/\/api.w.org\/{rel}","templated":true}]}}