{"id":2393,"date":"2022-01-05T14:50:47","date_gmt":"2022-01-05T12:50:47","guid":{"rendered":"https:\/\/monditaly.com\/kauppa\/?post_type=product&#038;p=2393"},"modified":"2024-08-09T19:52:21","modified_gmt":"2024-08-09T16:52:21","slug":"biraghi-gran-biraghi-italialainen-kovajuustolastu-1ltk","status":"publish","type":"product","link":"https:\/\/monditaly.com\/kauppa\/tuote\/biraghi-gran-biraghi-italialainen-kovajuustolastu-1ltk\/","title":{"rendered":"Biraghi Gran Biraghi italialainen kovajuustolastu 1ltk (500g x 8kpl)"},"content":{"rendered":"<h3>Ainesosat \/ Ingredienser:<\/h3>\n<p><span data-sheets-formula-bar-text-style=\"font-size:12px;color:#000000;font-weight:bold;text-decoration:none;font-family:''docs-Lato'';font-style:normal;text-decoration-skip-ink:none;\">Maito<\/span><span data-sheets-formula-bar-text-style=\"font-size:12px;color:#000000;font-weight:normal;text-decoration:none;font-family:''docs-Lato'';font-style:normal;text-decoration-skip-ink:none;\">, suola, juoksute. <\/span><\/p>\n<p><span data-sheets-formula-bar-text-style=\"font-size:12px;color:#000000;font-weight:bold;text-decoration:none;font-family:''docs-Lato'';font-style:normal;text-decoration-skip-ink:none;\">Mj\u00f6lk<\/span><span data-sheets-formula-bar-text-style=\"font-size:12px;color:#000000;font-weight:normal;text-decoration:none;font-family:''docs-Lato'';font-style:normal;text-decoration-skip-ink:none;\">, salt, l\u00f6pe.<\/span><\/p>\n<h3>Ravintoarvot per 100g \/ N\u00e4ringsv\u00e4rde per 100g:<\/h3>\n<p>Energia \/ Energi 1739 kJ \/ 418 kcal<br \/>\nRasva \/ Fett 30 g josta tyydyttynytt\u00e4 \/ varav m\u00e4ttade 21 g<br \/>\nHiilihydraatit \/ Kolhydrater 0 g joista sokereita \/ varav sockerarter 0 g<br \/>\nKuitu \/ Fiber 0 g<br \/>\nProteiini \/ Protein 37 g<br \/>\nSuola \/ Salt 1,8 g<\/p>\n","protected":false},"excerpt":{"rendered":"<p><strong>Tuote myyd\u00e4\u00e4n myyntier\u00e4n\u00e4 1 ltk (8 kpl). \/ Sales unit 1 box (8 pcs).<\/strong><\/p>\n<p><span style=\"font-weight: 400;\">Pitk\u00e4\u00e4n kypsytetty Gran Biraghi -juusto on tuotettu 100 % italialaisesta maidosta ilman s\u00e4il\u00f6nt\u00e4aineita. Ohuet lastut on otettu juustokiekon parhaista syd\u00e4nosista. Lastut sopivat annosten viimeistelyyn ja maustamiseen. Lis\u00e4\u00e4 salaatteihin, pastoihin, risottoihin, carpaccioihin ja keittoihin.<\/span><\/p>\n<p>Matured Gran Biraghi cheese is produced from 100% Italian milk and without preservatives.<\/p>\n","protected":false},"featured_media":2394,"template":"","meta":[],"product_brand":[],"product_cat":[36,163,246,249],"product_tag":[187,328],"class_list":{"0":"post-2393","1":"product","2":"type-product","3":"status-publish","4":"has-post-thumbnail","6":"product_cat-viileat","7":"product_cat-viileat-horeca","8":"product_cat-juustot-horeca","9":"product_cat-kovat-juustot-horeca","10":"product_tag-cheese","11":"product_tag-grated","12":"product_shipping_class-viileat-pakaste","14":"first","15":"instock","16":"taxable","17":"shipping-taxable","18":"product-type-simple"},"_links":{"self":[{"href":"https:\/\/monditaly.com\/kauppa\/wp-json\/wp\/v2\/product\/2393","targetHints":{"allow":["GET"]}}],"collection":[{"href":"https:\/\/monditaly.com\/kauppa\/wp-json\/wp\/v2\/product"}],"about":[{"href":"https:\/\/monditaly.com\/kauppa\/wp-json\/wp\/v2\/types\/product"}],"wp:featuredmedia":[{"embeddable":true,"href":"https:\/\/monditaly.com\/kauppa\/wp-json\/wp\/v2\/media\/2394"}],"wp:attachment":[{"href":"https:\/\/monditaly.com\/kauppa\/wp-json\/wp\/v2\/media?parent=2393"}],"wp:term":[{"taxonomy":"product_brand","embeddable":true,"href":"https:\/\/monditaly.com\/kauppa\/wp-json\/wp\/v2\/product_brand?post=2393"},{"taxonomy":"product_cat","embeddable":true,"href":"https:\/\/monditaly.com\/kauppa\/wp-json\/wp\/v2\/product_cat?post=2393"},{"taxonomy":"product_tag","embeddable":true,"href":"https:\/\/monditaly.com\/kauppa\/wp-json\/wp\/v2\/product_tag?post=2393"}],"curies":[{"name":"wp","href":"https:\/\/api.w.org\/{rel}","templated":true}]}}