{"id":2400,"date":"2022-01-05T15:51:20","date_gmt":"2022-01-05T13:51:20","guid":{"rendered":"https:\/\/monditaly.com\/kauppa\/?post_type=product&#038;p=2400"},"modified":"2024-06-07T12:01:19","modified_gmt":"2024-06-07T09:01:19","slug":"viander-glassa-balsamiviinietikka-modena-igp-500ml","status":"publish","type":"product","link":"https:\/\/monditaly.com\/kauppa\/tuote\/viander-glassa-balsamiviinietikka-modena-igp-500ml\/","title":{"rendered":"Viander Glassa balsamiviinietikka, Modena IGP 500ml"},"content":{"rendered":"<h3>Ainesosat \/ Ingredienser:<\/h3>\n<p>Ryp\u00e4leiden puristemehutiiviste, Modenan IGP balsamiviinietikka (30%) (viinietikka, keitetty ryp\u00e4lemehu), muunnettu t\u00e4rkkelys. Sis\u00e4lt\u00e4\u00e4 <strong>sulfiitteja<\/strong>.<\/p>\n<p>Druvmustkoncentrat, Modena IGP balsamvin\u00e4ger (30%) (vin\u00e4ger, kokt druvjuice), modifierad st\u00e4rkelse. Inneh\u00e5ller <strong>sulfiter<\/strong>.<\/p>\n<h3>Ravintoarvot per 100g \/ N\u00e4ringsv\u00e4rde per 100g:<\/h3>\n<p>Energia \/ Energi 900 kJ \/ 215 kcal<br \/>\nRasva \/ Fett 0 g<br \/>\njosta tyydyttynytt\u00e4 \/ varav m\u00e4ttade 0 g<br \/>\nHiilihydraatit \/ Kolhydrater 50 g<br \/>\njoista sokereita \/ varav sockerarter 50 g<br \/>\nProteiini \/ Protein 1,6 g<br \/>\nSuola \/ Salt 0,1 g<\/p>\n","protected":false},"excerpt":{"rendered":"<p>Paksu ja makea kastike ryp\u00e4leiden puristemehutiivisteest\u00e4 ja Modenan IGP balsamiviinietikasta. S\u00e4ilyt\u00e4 kuivassa paikassa valolta suojattuna. S\u00e4ilyt\u00e4 avattu tuote j\u00e4\u00e4kaapissa.<\/p>\n<p>Thick and sweet sauce from grape must concentrate and Modena IGP balsamic vinegar.<\/p>\n","protected":false},"featured_media":2522,"template":"","meta":[],"product_brand":[],"product_cat":[46,110,76,161],"product_tag":[414,100],"class_list":{"0":"post-2400","1":"product","2":"type-product","3":"status-publish","4":"has-post-thumbnail","6":"product_cat-teolliset_elintarvikkeet","7":"product_cat-horeca-teolliset-elintarvikkeet","8":"product_cat-oljyt-balsamicot-ja-etikat-horeca","9":"product_cat-balsamicot-horeca","10":"product_tag-balsamic","11":"product_tag-balsamico","12":"product_shipping_class-horeca","14":"first","15":"instock","16":"taxable","17":"shipping-taxable","18":"product-type-simple"},"_links":{"self":[{"href":"https:\/\/monditaly.com\/kauppa\/wp-json\/wp\/v2\/product\/2400","targetHints":{"allow":["GET"]}}],"collection":[{"href":"https:\/\/monditaly.com\/kauppa\/wp-json\/wp\/v2\/product"}],"about":[{"href":"https:\/\/monditaly.com\/kauppa\/wp-json\/wp\/v2\/types\/product"}],"wp:featuredmedia":[{"embeddable":true,"href":"https:\/\/monditaly.com\/kauppa\/wp-json\/wp\/v2\/media\/2522"}],"wp:attachment":[{"href":"https:\/\/monditaly.com\/kauppa\/wp-json\/wp\/v2\/media?parent=2400"}],"wp:term":[{"taxonomy":"product_brand","embeddable":true,"href":"https:\/\/monditaly.com\/kauppa\/wp-json\/wp\/v2\/product_brand?post=2400"},{"taxonomy":"product_cat","embeddable":true,"href":"https:\/\/monditaly.com\/kauppa\/wp-json\/wp\/v2\/product_cat?post=2400"},{"taxonomy":"product_tag","embeddable":true,"href":"https:\/\/monditaly.com\/kauppa\/wp-json\/wp\/v2\/product_tag?post=2400"}],"curies":[{"name":"wp","href":"https:\/\/api.w.org\/{rel}","templated":true}]}}