{"id":2414,"date":"2022-01-13T15:52:01","date_gmt":"2022-01-13T13:52:01","guid":{"rendered":"https:\/\/monditaly.com\/kauppa\/?post_type=product&#038;p=2414"},"modified":"2026-01-02T00:55:47","modified_gmt":"2026-01-01T22:55:47","slug":"velenosi-rosso-piceno-bio-1ltk-6x075l","status":"publish","type":"product","link":"https:\/\/monditaly.com\/kauppa\/tuote\/velenosi-rosso-piceno-bio-1ltk-6x075l\/","title":{"rendered":"Velenosi Rosso Piceno Bio 1ltk (6&#215;0,75l)"},"content":{"rendered":"<p>Maa: Italia<br \/>\nAlue: Biologiset viinitarhat Ripatransonen, Offidan ja Acquaviva Picenan alueilla.<br \/>\nViinityyppi: Punaviini<br \/>\nPullokoko: 0,75 l<br \/>\nRyp\u00e4leet: Montepulciano, Sangiovese<br \/>\nSokerit: &#8211; g\/l<br \/>\nHapot: &#8211;\u00a0 g\/l<br \/>\nAlkoholi: 13,5 %<\/p>\n<p>Tuoksu: <span style=\"color: #333333;\">Raikas ja kukkainen tuoksu, jossa aavistus orvokkia ja ruusuja. H\u00e4iv\u00e4hdys punaisia hedelmi\u00e4 kuten mansikoita ja luumuja.<br \/>\n<\/span>Maku: Raikas, kuiva ja pehme\u00e4 maku, joka on sopivan tanniininen. Maukas ja ryhdik\u00e4s viini, jolla pitk\u00e4 miellytt\u00e4v\u00e4 hedelm\u00e4inen j\u00e4lkimaku.<br \/>\nLuomu<\/p>\n<div id=\"formula-bar-name-box-wrapper\" class=\"name-box-enabled formula-bar-with-name-box-wrapper\">\n<div id=\"formula-bar\" class=\"formula-bar\">\n<div id=\"t-formula-bar-input-container\">\n<div dir=\"ltr\">\n<div id=\"t-formula-bar-input\" spellcheck=\"false\">\n<div class=\"cell-input\" dir=\"ltr\" tabindex=\"0\" role=\"combobox\" contenteditable=\"true\" aria-autocomplete=\"list\">Fresh and floral, with scents of violets and roses along with clear nuances of red fruit such as strawberries and plumsFresh, dry and smooth with the right amount of tannin. Savory yet structured. Well-balanced with a pleasant lingering fruity finish. <span style=\"font-weight: 400;\">A supple sip reveals a rounded, lingering richness of flavor. Succulent with a mild tannin content and a dominant smoothness, all in harmony with the bouquet.<\/span><span style=\"color: #555555;\"> It is ideal <\/span><span style=\"font-weight: 400;\">with game, main dishes featuring red meat<\/span><span style=\"color: #555555;\">. Best served at 16\/18 \u00b0C.<\/span><\/div>\n<\/div>\n<\/div>\n<\/div>\n<\/div>\n<\/div>\n","protected":false},"excerpt":{"rendered":"<p><span data-sheets-value=\"{&quot;1&quot;:2,&quot;2&quot;:&quot;Kirkkaan rubiininpunainen.&quot;}\" data-sheets-userformat=\"{&quot;2&quot;:4544,&quot;9&quot;:0,&quot;10&quot;:0,&quot;11&quot;:4,&quot;15&quot;:&quot;Arial&quot;}\">Kirkkaan rubiininpunainen ja biologisesti viljelty viini<\/span><\/p>\n","protected":false},"featured_media":5391,"template":"","meta":[],"product_brand":[],"product_cat":[23,294,352,353],"product_tag":[356,357],"class_list":{"0":"post-2414","1":"product","2":"type-product","3":"status-publish","4":"has-post-thumbnail","6":"product_cat-juomat","7":"product_cat-juomat-horeca","8":"product_cat-viinit","9":"product_cat-punaviinit","10":"product_tag-punaviini","11":"product_tag-red-wine","12":"product_shipping_class-horeca","14":"first","15":"instock","16":"taxable","17":"shipping-taxable","18":"product-type-simple"},"_links":{"self":[{"href":"https:\/\/monditaly.com\/kauppa\/wp-json\/wp\/v2\/product\/2414","targetHints":{"allow":["GET"]}}],"collection":[{"href":"https:\/\/monditaly.com\/kauppa\/wp-json\/wp\/v2\/product"}],"about":[{"href":"https:\/\/monditaly.com\/kauppa\/wp-json\/wp\/v2\/types\/product"}],"wp:featuredmedia":[{"embeddable":true,"href":"https:\/\/monditaly.com\/kauppa\/wp-json\/wp\/v2\/media\/5391"}],"wp:attachment":[{"href":"https:\/\/monditaly.com\/kauppa\/wp-json\/wp\/v2\/media?parent=2414"}],"wp:term":[{"taxonomy":"product_brand","embeddable":true,"href":"https:\/\/monditaly.com\/kauppa\/wp-json\/wp\/v2\/product_brand?post=2414"},{"taxonomy":"product_cat","embeddable":true,"href":"https:\/\/monditaly.com\/kauppa\/wp-json\/wp\/v2\/product_cat?post=2414"},{"taxonomy":"product_tag","embeddable":true,"href":"https:\/\/monditaly.com\/kauppa\/wp-json\/wp\/v2\/product_tag?post=2414"}],"curies":[{"name":"wp","href":"https:\/\/api.w.org\/{rel}","templated":true}]}}