{"id":2420,"date":"2022-01-14T10:45:50","date_gmt":"2022-01-14T08:45:50","guid":{"rendered":"https:\/\/monditaly.com\/kauppa\/?post_type=product&#038;p=2420"},"modified":"2026-01-02T12:12:02","modified_gmt":"2026-01-02T10:12:02","slug":"loredan-gasparini-prosecco-asolo-superiore-docg-1ltk","status":"publish","type":"product","link":"https:\/\/monditaly.com\/kauppa\/tuote\/loredan-gasparini-prosecco-asolo-superiore-docg-1ltk\/","title":{"rendered":"Loredan Gasparini Prosecco Asolo Superiore DOCG 1ltk (12&#215;0,375l)"},"content":{"rendered":"<p>Maa: Italia<br \/>\nAlue: <span class=\"S1PPyQ\">Veneto<br \/>\n<\/span><span class=\"S1PPyQ\">Viinityyppi: Kuohuviini, charmat -metodi<br \/>\n<\/span><span class=\"S1PPyQ\">Pullokoko: 0,75 l, 0,375 l, 1,5 l<br \/>\n<\/span><span class=\"S1PPyQ\">Ryp\u00e4leet: Glera<br \/>\n<\/span><span class=\"S1PPyQ\">Sokerit: 10,23 g\/l<br \/>\n<\/span><span class=\"S1PPyQ\">Hapot: 6,44 g\/l<br \/>\n<\/span><span class=\"S1PPyQ\">Alkoholi: 11 %<\/span><\/p>\n<p class=\"ok-Wdg UPenfA RVfbug\"><span class=\"S1PPyQ\">Tuoksu: Mineraalinen, raikas, kukkainen.<br \/>\n<\/span>Maku: Kevyen p\u00e4\u00e4ryn\u00e4inen, sitruksinen, raikas, moniulotteinen, miellytt\u00e4v\u00e4. Viipyilev\u00e4 j\u00e4lkimaku.<br \/>\n<span class=\"S1PPyQ\">Vegaaninen<\/span><\/p>\n<div class=\"taste-description\">\n<div class=\"html-print\">\n<p><span style=\"font-weight: 400;\">Aroma: Lemons, pear, apple and hint of herbs<br \/>\n<\/span><span style=\"font-weight: 400;\">Flavor: Dry, acidic, with lots of lemon, apple with hints of peach<br \/>\n<\/span><span style=\"color: #333333;\">It is ideal with<\/span> <span style=\"color: #333333;\">fried fish and shellfish with sour sauces..Also with antipasti, fruits, chocolate and light desserts. Service temperature 8-10\u00b0.<\/span><\/p>\n<\/div>\n<\/div>\n","protected":false},"excerpt":{"rendered":"<p><span style=\"font-weight: 400;\">Tuottajan Asolo Prosecco Superiore DOCG tulee yksinomaan Giavera del Montellon tilalla korjatuista ryp\u00e4leist\u00e4. Hiiva, jolla prosecco on fermentoitu, on alkuper\u00e4inen ja t\u00e4ydent\u00e4\u00e4 viinin paikallisuutta. Erinomainen, eritt\u00e4in kuiva prosecco rakenteen ja monimuotoisuuden suhteen. Mineraalinen ja raikkaan hedelm\u00e4inen tuoksu. Runsaan hapokkuutensa ansiosta sopii eritt\u00e4in hyvin \u00e4yri\u00e4isten, kalan, t\u00e4ytel\u00e4isten kasvisruokien tai valkoisen lihan kanssa.<\/span><\/p>\n","protected":false},"featured_media":2421,"template":"","meta":[],"product_brand":[],"product_cat":[23,294,355],"product_tag":[385,382,381,373],"class_list":{"0":"post-2420","1":"product","2":"type-product","3":"status-publish","4":"has-post-thumbnail","6":"product_cat-juomat","7":"product_cat-juomat-horeca","8":"product_cat-kuohuviinit-samppanjat","9":"product_tag-0-375l","10":"product_tag-asolo","11":"product_tag-dry","12":"product_tag-prosecco","13":"product_shipping_class-horeca","15":"first","16":"instock","17":"taxable","18":"shipping-taxable","19":"product-type-simple"},"_links":{"self":[{"href":"https:\/\/monditaly.com\/kauppa\/wp-json\/wp\/v2\/product\/2420","targetHints":{"allow":["GET"]}}],"collection":[{"href":"https:\/\/monditaly.com\/kauppa\/wp-json\/wp\/v2\/product"}],"about":[{"href":"https:\/\/monditaly.com\/kauppa\/wp-json\/wp\/v2\/types\/product"}],"wp:featuredmedia":[{"embeddable":true,"href":"https:\/\/monditaly.com\/kauppa\/wp-json\/wp\/v2\/media\/2421"}],"wp:attachment":[{"href":"https:\/\/monditaly.com\/kauppa\/wp-json\/wp\/v2\/media?parent=2420"}],"wp:term":[{"taxonomy":"product_brand","embeddable":true,"href":"https:\/\/monditaly.com\/kauppa\/wp-json\/wp\/v2\/product_brand?post=2420"},{"taxonomy":"product_cat","embeddable":true,"href":"https:\/\/monditaly.com\/kauppa\/wp-json\/wp\/v2\/product_cat?post=2420"},{"taxonomy":"product_tag","embeddable":true,"href":"https:\/\/monditaly.com\/kauppa\/wp-json\/wp\/v2\/product_tag?post=2420"}],"curies":[{"name":"wp","href":"https:\/\/api.w.org\/{rel}","templated":true}]}}