{"id":2424,"date":"2022-01-14T11:40:33","date_gmt":"2022-01-14T09:40:33","guid":{"rendered":"https:\/\/monditaly.com\/kauppa\/?post_type=product&#038;p=2424"},"modified":"2026-02-04T09:45:04","modified_gmt":"2026-02-04T07:45:04","slug":"antoniana-ipa-67-33cl-1-ltk-24x-033l","status":"publish","type":"product","link":"https:\/\/monditaly.com\/kauppa\/tuote\/antoniana-ipa-67-33cl-1-ltk-24x-033l\/","title":{"rendered":"Antoniana IPA 6,7% 33cl 1 ltk (24x 0,33l)"},"content":{"rendered":"<p>Oluttyyppi Italialainen indian pale ale<br \/>\nAlkoholi 6,7%<br \/>\nIBU 44<\/p>\n","protected":false},"excerpt":{"rendered":"<p>Meripihkanruskea ja t\u00e4ytel\u00e4inen olut, jossa amerikkalainen humala yhdess\u00e4 eurooppalaisen humalan kanssa nostavat esiin trooppisia hedelmi\u00e4 yhdistettyn\u00e4 ruohoisiin aromeihin. Sopii hyvin paistetun kalan ja pikaruoan oheen.<\/p>\n<p>Amber colour, cloudy body. Tropical notes stand out but are very well baanced with the scents od European noble hops. <span lang=\"en-AU\">Unfiltered and unpasteurized<\/span><span lang=\"en-AU\">.\u00a0<\/span>It pairs well with fried fish and street food.<\/p>\n","protected":false},"featured_media":5365,"template":"","meta":[],"product_brand":[],"product_cat":[23,294,363],"product_tag":[364,388,392,365,390,389,391],"class_list":{"0":"post-2424","1":"product","2":"type-product","3":"status-publish","4":"has-post-thumbnail","6":"product_cat-juomat","7":"product_cat-juomat-horeca","8":"product_cat-oluet-juomat-horeca","9":"product_tag-beer","10":"product_tag-filteroimaton","11":"product_tag-indian-pale-ale","12":"product_tag-olut","13":"product_tag-pastoroimaton","14":"product_tag-unfiltered","15":"product_tag-unpasteurized","16":"product_shipping_class-horeca","18":"first","19":"instock","20":"taxable","21":"shipping-taxable","22":"product-type-simple"},"_links":{"self":[{"href":"https:\/\/monditaly.com\/kauppa\/wp-json\/wp\/v2\/product\/2424","targetHints":{"allow":["GET"]}}],"collection":[{"href":"https:\/\/monditaly.com\/kauppa\/wp-json\/wp\/v2\/product"}],"about":[{"href":"https:\/\/monditaly.com\/kauppa\/wp-json\/wp\/v2\/types\/product"}],"wp:featuredmedia":[{"embeddable":true,"href":"https:\/\/monditaly.com\/kauppa\/wp-json\/wp\/v2\/media\/5365"}],"wp:attachment":[{"href":"https:\/\/monditaly.com\/kauppa\/wp-json\/wp\/v2\/media?parent=2424"}],"wp:term":[{"taxonomy":"product_brand","embeddable":true,"href":"https:\/\/monditaly.com\/kauppa\/wp-json\/wp\/v2\/product_brand?post=2424"},{"taxonomy":"product_cat","embeddable":true,"href":"https:\/\/monditaly.com\/kauppa\/wp-json\/wp\/v2\/product_cat?post=2424"},{"taxonomy":"product_tag","embeddable":true,"href":"https:\/\/monditaly.com\/kauppa\/wp-json\/wp\/v2\/product_tag?post=2424"}],"curies":[{"name":"wp","href":"https:\/\/api.w.org\/{rel}","templated":true}]}}