{"id":2455,"date":"2022-02-08T10:14:43","date_gmt":"2022-02-08T08:14:43","guid":{"rendered":"https:\/\/monditaly.com\/kauppa\/?post_type=product&#038;p=2455"},"modified":"2024-06-12T12:41:24","modified_gmt":"2024-06-12T09:41:24","slug":"viander-chilimurskaa-oljyssa-1kg","status":"publish","type":"product","link":"https:\/\/monditaly.com\/kauppa\/tuote\/viander-chilimurskaa-oljyssa-1kg\/","title":{"rendered":"Viander chilimurskaa \u00f6ljyss\u00e4 1kg"},"content":{"rendered":"<h3>Ainesosat \/ Ingredienser:<\/h3>\n<p>pilkottu tulinen paprika 60% (EU ja EU:n ulkopuolelta), auringonkukka\u00f6ljy, viinietikka, suola, happamuudens\u00e4\u00e4t\u00f6aine: sitruunahappo (E330).<\/p>\n<h3>Ravintoarvot per 100g \/ N\u00e4ringsv\u00e4rde per 100g:<\/h3>\n<p>Energia \/ Energi 1187 kJ \/ 288 kcal<br \/>\nRasva \/ Fett 30,3 g<br \/>\njosta tyydyttynytt\u00e4 \/ varav m\u00e4ttade 3,0 g<br \/>\nHiilihydraatit \/ Kolhydrater 2,5 g<br \/>\njoista sokereita \/ varav sockerarter 1,0 g<br \/>\nKuitu \/ Fiber \u2013<br \/>\nProteiini \/ Protein 1,2 g<br \/>\nSuola \/ Salt 2,2 g<\/p>\n","protected":false},"excerpt":{"rendered":"<p>Hienonnettuja tulisia paprikoita auringonkukka\u00f6ljyss\u00e4. Tuote past\u00f6roitu ja ilman s\u00e4il\u00f6nt\u00e4aineita.<\/p>\n","protected":false},"featured_media":2456,"template":"","meta":[],"product_brand":[],"product_cat":[46,110,70,81],"product_tag":[112],"class_list":{"0":"post-2455","1":"product","2":"type-product","3":"status-publish","4":"has-post-thumbnail","6":"product_cat-teolliset_elintarvikkeet","7":"product_cat-horeca-teolliset-elintarvikkeet","8":"product_cat-sailykkeet-horeca","9":"product_cat-vihannekset-horeca","10":"product_tag-peperoncino","11":"product_shipping_class-horeca","13":"first","14":"instock","15":"taxable","16":"shipping-taxable","17":"product-type-simple"},"_links":{"self":[{"href":"https:\/\/monditaly.com\/kauppa\/wp-json\/wp\/v2\/product\/2455","targetHints":{"allow":["GET"]}}],"collection":[{"href":"https:\/\/monditaly.com\/kauppa\/wp-json\/wp\/v2\/product"}],"about":[{"href":"https:\/\/monditaly.com\/kauppa\/wp-json\/wp\/v2\/types\/product"}],"wp:featuredmedia":[{"embeddable":true,"href":"https:\/\/monditaly.com\/kauppa\/wp-json\/wp\/v2\/media\/2456"}],"wp:attachment":[{"href":"https:\/\/monditaly.com\/kauppa\/wp-json\/wp\/v2\/media?parent=2455"}],"wp:term":[{"taxonomy":"product_brand","embeddable":true,"href":"https:\/\/monditaly.com\/kauppa\/wp-json\/wp\/v2\/product_brand?post=2455"},{"taxonomy":"product_cat","embeddable":true,"href":"https:\/\/monditaly.com\/kauppa\/wp-json\/wp\/v2\/product_cat?post=2455"},{"taxonomy":"product_tag","embeddable":true,"href":"https:\/\/monditaly.com\/kauppa\/wp-json\/wp\/v2\/product_tag?post=2455"}],"curies":[{"name":"wp","href":"https:\/\/api.w.org\/{rel}","templated":true}]}}