{"id":2468,"date":"2022-02-09T10:53:40","date_gmt":"2022-02-09T08:53:40","guid":{"rendered":"https:\/\/monditaly.com\/kauppa\/?post_type=product&#038;p=2468"},"modified":"2024-06-07T12:05:44","modified_gmt":"2024-06-07T09:05:44","slug":"loredan-gasparini-grappa-capo-di-stato-48-500ml","status":"publish","type":"product","link":"https:\/\/monditaly.com\/kauppa\/tuote\/loredan-gasparini-grappa-capo-di-stato-48-500ml\/","title":{"rendered":"Loredan Gasparini Grappa Capo di Stato 48% 0,5l"},"content":{"rendered":"","protected":false},"excerpt":{"rendered":"<p>Perinteinen, eritt\u00e4in miellytt\u00e4v\u00e4n makuinen grappa Venetsian alueen kuuluisalta tislaamolta.<\/p>\n<p>A traditional grappa with an extremely pleasant flavor from famous Venetian distillery.<\/p>\n<pre id=\"tw-target-text\" class=\"tw-data-text tw-text-large tw-ta\" dir=\"ltr\" data-placeholder=\"Translation\"><span class=\"Y2IQFc\" lang=\"en\">\u00a0<\/span><\/pre>\n","protected":false},"featured_media":2469,"template":"","meta":[],"product_brand":[],"product_cat":[23,294,398],"product_tag":[],"class_list":{"0":"post-2468","1":"product","2":"type-product","3":"status-publish","4":"has-post-thumbnail","6":"product_cat-juomat","7":"product_cat-juomat-horeca","8":"product_cat-vakevat","9":"product_shipping_class-horeca","11":"first","12":"instock","13":"taxable","14":"shipping-taxable","15":"product-type-simple"},"_links":{"self":[{"href":"https:\/\/monditaly.com\/kauppa\/wp-json\/wp\/v2\/product\/2468","targetHints":{"allow":["GET"]}}],"collection":[{"href":"https:\/\/monditaly.com\/kauppa\/wp-json\/wp\/v2\/product"}],"about":[{"href":"https:\/\/monditaly.com\/kauppa\/wp-json\/wp\/v2\/types\/product"}],"wp:featuredmedia":[{"embeddable":true,"href":"https:\/\/monditaly.com\/kauppa\/wp-json\/wp\/v2\/media\/2469"}],"wp:attachment":[{"href":"https:\/\/monditaly.com\/kauppa\/wp-json\/wp\/v2\/media?parent=2468"}],"wp:term":[{"taxonomy":"product_brand","embeddable":true,"href":"https:\/\/monditaly.com\/kauppa\/wp-json\/wp\/v2\/product_brand?post=2468"},{"taxonomy":"product_cat","embeddable":true,"href":"https:\/\/monditaly.com\/kauppa\/wp-json\/wp\/v2\/product_cat?post=2468"},{"taxonomy":"product_tag","embeddable":true,"href":"https:\/\/monditaly.com\/kauppa\/wp-json\/wp\/v2\/product_tag?post=2468"}],"curies":[{"name":"wp","href":"https:\/\/api.w.org\/{rel}","templated":true}]}}