{"id":2471,"date":"2022-02-09T11:32:17","date_gmt":"2022-02-09T09:32:17","guid":{"rendered":"https:\/\/monditaly.com\/kauppa\/?post_type=product&#038;p=2471"},"modified":"2026-02-03T14:35:48","modified_gmt":"2026-02-03T12:35:48","slug":"cantina-chiara-ziliani-franciacorta-saten-1ltk","status":"publish","type":"product","link":"https:\/\/monditaly.com\/kauppa\/tuote\/cantina-chiara-ziliani-franciacorta-saten-1ltk\/","title":{"rendered":"Cantina Chiara Ziliani Franciacorta Sat\u00e8n 1ltk (0,75l x 6 kpl)"},"content":{"rendered":"<div class=\"column tiny-6 small-h6 fact-data\"><span class=\"S1PPyQ\">Maa: Italia<br \/>\n<\/span><span class=\"S1PPyQ\">Alue: Lombardia<br \/>\n<\/span><span class=\"S1PPyQ\">Viinityyppi: Kuohuviini<br \/>\n<\/span><span class=\"S1PPyQ\">Pullokoko: 0,75 l<br \/>\n<\/span><span class=\"S1PPyQ\">Ryp\u00e4leet: 100% Chardonnay<br \/>\n<\/span><span class=\"S1PPyQ\">Sokerit: 4,0 g\/l<br \/>\n<\/span><span class=\"S1PPyQ\">Hapot: 6,1 g\/l<br \/>\n<\/span><span class=\"S1PPyQ\">Alkoholi: 12,5 %<\/span><\/div>\n<p>Silkkisen pehme\u00e4 ja klassinen Chardonnay Provaglio d\u2019Iseosta, DOCG-alueen syd\u00e4mest\u00e4, jonka kuplat ovat raikkaita, maukkaita ja kermaisia.<\/p>\n","protected":false},"excerpt":{"rendered":"<p>Valmistettu Provaglio d&#8217;Iseo -nimisess\u00e4 kyl\u00e4ss\u00e4, Franciacorta DOCG -alueen syd\u00e4mess\u00e4 sijaitsevien viinitarhojen parhaista ryp\u00e4leist\u00e4. Puhdas Chardonnay on kypsytetty v\u00e4hitt\u00e4in 24 kuukautta, osittain ter\u00e4saltaissa ja osittain tynnyreiss\u00e4. Oljenkeltainen v\u00e4ri, jossa on ripaus vihre\u00e4\u00e4. Tuoksussa liljaa, ruusua, karviaista, ripaus vaniljaa, leip\u00e4\u00e4 ja paahdettuja hasselp\u00e4hkin\u00f6it\u00e4. Maultaan raikas, mieto ja kermainen. Sopii koko aterian l\u00e4pi nautittuna, erityisen hyvin merenel\u00e4vien kanssa.<\/p>\n<p>Franciacorta Sat\u00e8n comes from the best grapes of our vineyards in the village of Provaglio d\u2019Iseo that lies in the heart of Franciacorta DOCG region. Pure Chardonnay partly matured in steel vats and partly in barriques with a minimum of 24 months maturation on its own yeasts. A straw yellow coloured with greenish reflections, fine, lasting and persistent. Its bouquet has scents of lily, rose, gooseberry and hints of vanilla, bread and toasted hazelnuts. The taste is fresh, sapid and creamy. Food matching: pairs perfectly with the entire meal, specially with seafood.<\/p>\n","protected":false},"featured_media":8149,"template":"","meta":[],"product_brand":[],"product_cat":[23,294,352,355],"product_tag":[399,400],"class_list":{"0":"post-2471","1":"product","2":"type-product","3":"status-publish","4":"has-post-thumbnail","6":"product_cat-juomat","7":"product_cat-juomat-horeca","8":"product_cat-viinit","9":"product_cat-kuohuviinit-samppanjat","10":"product_tag-kuohuviini","11":"product_tag-sparkling-wine","12":"product_shipping_class-horeca","14":"first","15":"instock","16":"taxable","17":"shipping-taxable","18":"product-type-simple"},"_links":{"self":[{"href":"https:\/\/monditaly.com\/kauppa\/wp-json\/wp\/v2\/product\/2471","targetHints":{"allow":["GET"]}}],"collection":[{"href":"https:\/\/monditaly.com\/kauppa\/wp-json\/wp\/v2\/product"}],"about":[{"href":"https:\/\/monditaly.com\/kauppa\/wp-json\/wp\/v2\/types\/product"}],"wp:featuredmedia":[{"embeddable":true,"href":"https:\/\/monditaly.com\/kauppa\/wp-json\/wp\/v2\/media\/8149"}],"wp:attachment":[{"href":"https:\/\/monditaly.com\/kauppa\/wp-json\/wp\/v2\/media?parent=2471"}],"wp:term":[{"taxonomy":"product_brand","embeddable":true,"href":"https:\/\/monditaly.com\/kauppa\/wp-json\/wp\/v2\/product_brand?post=2471"},{"taxonomy":"product_cat","embeddable":true,"href":"https:\/\/monditaly.com\/kauppa\/wp-json\/wp\/v2\/product_cat?post=2471"},{"taxonomy":"product_tag","embeddable":true,"href":"https:\/\/monditaly.com\/kauppa\/wp-json\/wp\/v2\/product_tag?post=2471"}],"curies":[{"name":"wp","href":"https:\/\/api.w.org\/{rel}","templated":true}]}}