{"id":2479,"date":"2022-02-10T09:48:31","date_gmt":"2022-02-10T07:48:31","guid":{"rendered":"https:\/\/monditaly.com\/kauppa\/?post_type=product&#038;p=2479"},"modified":"2025-10-22T10:03:37","modified_gmt":"2025-10-22T07:03:37","slug":"viander-artisokkalohko-oljyssa-1600g","status":"publish","type":"product","link":"https:\/\/monditaly.com\/kauppa\/tuote\/viander-artisokkalohko-oljyssa-1600g\/","title":{"rendered":"Viander artisokkalohko \u00f6ljyss\u00e4 1600g"},"content":{"rendered":"<h3>Ainesosat \/ Ingredienser:<\/h3>\n<p>Artisokka (84,5%), auringonkukka\u00f6ljy, viinietikka, suola, happamuudens\u00e4\u00e4t\u00f6aine: sitruunahappo (E330), hapettumisenestoaine: askorbiinihappo (E300). S<span data-sheets-formula-bar-text-style=\"font-size:13px;color:#000000;font-weight:normal;text-decoration:none;font-family:'Arial';font-style:normal;text-decoration-skip-ink:none;\">is\u00e4lt\u00e4\u00e4 <\/span><span data-sheets-formula-bar-text-style=\"font-size:13px;color:#000000;font-weight:bold;text-decoration:none;font-family:''Arial'';font-style:normal;text-decoration-skip-ink:none;\"><strong>sulfiitteja<\/strong>.<\/span><\/p>\n<p>Kron\u00e4rtskocka (84,5%), solrosolja, vin\u00e4ger, salt, surhetsreglerande medel: citronsyra (E330), antioxidant: askorbinsyra (E300). Inneh\u00e5ller <strong>sulfiter<\/strong>.<\/p>\n<h3>Ravintoarvot per 100g \/ N\u00e4ringsv\u00e4rde per 100g:<\/h3>\n<p>Energia \/ Energi 313 kJ \/ 76 kcal<br \/>\nRasva \/ Fett 6,0 g<br \/>\njosta tyydyttynytt\u00e4 \/ varav m\u00e4ttade 0,8 g<br \/>\nHiilihydraatit \/ Kolhydrater 0,4 g<br \/>\njoista sokereita \/ varav sockerarter 0,9 g<br \/>\nKuitu \/ Fiber 5,0 g<br \/>\nProteiini \/ Protein 2,5 g<br \/>\nSuola \/ Salt 1,7 g<\/p>\n","protected":false},"excerpt":{"rendered":"<p>Valikoidut, pestyt ja paloitellut artisokat auringonkukka\u00f6ljyss\u00e4 s\u00e4il\u00f6ttyin\u00e4 pussiin. Tuote on past\u00f6roitu (F85 &gt;30), joka takaa tuotteen steriiliyden. Gluteeniton.<\/p>\n<p>Selected, washed and chopped artichokes preserved in sunflower oil.<\/p>\n","protected":false},"featured_media":2480,"template":"","meta":[],"product_brand":[],"product_cat":[46,110,70,81],"product_tag":[139,140,304,325],"class_list":{"0":"post-2479","1":"product","2":"type-product","3":"status-publish","4":"has-post-thumbnail","6":"product_cat-teolliset_elintarvikkeet","7":"product_cat-horeca-teolliset-elintarvikkeet","8":"product_cat-sailykkeet-horeca","9":"product_cat-vihannekset-horeca","10":"product_tag-artichoke","11":"product_tag-carciofi","12":"product_tag-gluteeniton","13":"product_tag-gluten-free","14":"product_shipping_class-horeca","16":"first","17":"instock","18":"taxable","19":"shipping-taxable","20":"product-type-simple"},"_links":{"self":[{"href":"https:\/\/monditaly.com\/kauppa\/wp-json\/wp\/v2\/product\/2479","targetHints":{"allow":["GET"]}}],"collection":[{"href":"https:\/\/monditaly.com\/kauppa\/wp-json\/wp\/v2\/product"}],"about":[{"href":"https:\/\/monditaly.com\/kauppa\/wp-json\/wp\/v2\/types\/product"}],"wp:featuredmedia":[{"embeddable":true,"href":"https:\/\/monditaly.com\/kauppa\/wp-json\/wp\/v2\/media\/2480"}],"wp:attachment":[{"href":"https:\/\/monditaly.com\/kauppa\/wp-json\/wp\/v2\/media?parent=2479"}],"wp:term":[{"taxonomy":"product_brand","embeddable":true,"href":"https:\/\/monditaly.com\/kauppa\/wp-json\/wp\/v2\/product_brand?post=2479"},{"taxonomy":"product_cat","embeddable":true,"href":"https:\/\/monditaly.com\/kauppa\/wp-json\/wp\/v2\/product_cat?post=2479"},{"taxonomy":"product_tag","embeddable":true,"href":"https:\/\/monditaly.com\/kauppa\/wp-json\/wp\/v2\/product_tag?post=2479"}],"curies":[{"name":"wp","href":"https:\/\/api.w.org\/{rel}","templated":true}]}}