{"id":2542,"date":"2022-03-30T12:27:44","date_gmt":"2022-03-30T09:27:44","guid":{"rendered":"https:\/\/monditaly.com\/kauppa\/?post_type=product&#038;p=2542"},"modified":"2024-07-07T03:53:20","modified_gmt":"2024-07-07T00:53:20","slug":"le-5-stagioni-00-r-pizzajauho-10kg","status":"publish","type":"product","link":"https:\/\/monditaly.com\/kauppa\/tuote\/le-5-stagioni-00-r-pizzajauho-10kg\/","title":{"rendered":"Le 5 Stagioni 00\/R pizzajauho 10kg"},"content":{"rendered":"<h3>Ainesosat \/ Ingredienser:<\/h3>\n<h3>Ravintoarvot per 100g \/ N\u00e4ringsv\u00e4rde per 100g:<\/h3>\n","protected":false},"excerpt":{"rendered":"<p>Aitoon napolilaiseen pizzaan suunniteltu 00-jauho korkealla proteiinipitoisuudella. S\u00e4ilytt\u00e4\u00e4 gluteenirakenteen pitk\u00e4\u00e4n. Sopii pitk\u00e4\u00e4n kohotukseen.<\/p>\n<p>Type \u201c00\u201d flour with high protein content, able to maintain the gluten structure over a long time. Structured and resistant, it is used to make Neapolitan long maturation dough. It is balanced to enhance dough elasticity over strength.<\/p>\n","protected":false},"featured_media":2834,"template":"","meta":[],"product_brand":[],"product_cat":[196,46,110,74,156],"product_tag":[202],"class_list":{"0":"post-2542","1":"product","2":"type-product","3":"status-publish","4":"has-post-thumbnail","6":"product_cat-kilokauppa","7":"product_cat-teolliset_elintarvikkeet","8":"product_cat-horeca-teolliset-elintarvikkeet","9":"product_cat-kuivat-elintarvikkeet-horeca","10":"product_cat-jauhot-horeca","11":"product_tag-flour","12":"product_shipping_class-horeca","14":"first","15":"instock","16":"taxable","17":"shipping-taxable","18":"product-type-simple"},"_links":{"self":[{"href":"https:\/\/monditaly.com\/kauppa\/wp-json\/wp\/v2\/product\/2542","targetHints":{"allow":["GET"]}}],"collection":[{"href":"https:\/\/monditaly.com\/kauppa\/wp-json\/wp\/v2\/product"}],"about":[{"href":"https:\/\/monditaly.com\/kauppa\/wp-json\/wp\/v2\/types\/product"}],"wp:featuredmedia":[{"embeddable":true,"href":"https:\/\/monditaly.com\/kauppa\/wp-json\/wp\/v2\/media\/2834"}],"wp:attachment":[{"href":"https:\/\/monditaly.com\/kauppa\/wp-json\/wp\/v2\/media?parent=2542"}],"wp:term":[{"taxonomy":"product_brand","embeddable":true,"href":"https:\/\/monditaly.com\/kauppa\/wp-json\/wp\/v2\/product_brand?post=2542"},{"taxonomy":"product_cat","embeddable":true,"href":"https:\/\/monditaly.com\/kauppa\/wp-json\/wp\/v2\/product_cat?post=2542"},{"taxonomy":"product_tag","embeddable":true,"href":"https:\/\/monditaly.com\/kauppa\/wp-json\/wp\/v2\/product_tag?post=2542"}],"curies":[{"name":"wp","href":"https:\/\/api.w.org\/{rel}","templated":true}]}}