{"id":2578,"date":"2022-04-26T14:24:05","date_gmt":"2022-04-26T11:24:05","guid":{"rendered":"https:\/\/monditaly.com\/kauppa\/?post_type=product&#038;p=2578"},"modified":"2024-08-09T19:53:46","modified_gmt":"2024-08-09T16:53:46","slug":"vera-italia-pakaste-pizzapulla-1ltk-270g-x-70-kpl","status":"publish","type":"product","link":"https:\/\/monditaly.com\/kauppa\/tuote\/vera-italia-pakaste-pizzapulla-1ltk-270g-x-70-kpl\/","title":{"rendered":"Vera Italia pakaste pizzapulla 1ltk (270g x 70 kpl)"},"content":{"rendered":"<h3>Ainesosat:<\/h3>\n<p>Vehn\u00e4jauho tyyppi 0, vesi, ekstraneitsytoliivi\u00f6ljy, suola, hiiva. Sis\u00e4lt\u00e4\u00e4<strong> gluteeni<\/strong>a, voi sis\u00e4lt\u00e4\u00e4 soijaa.<\/p>\n<p>Vetemj\u00f6l typ 0, vatten, extra virgin olivolja, salt, j\u00e4st. Inneh\u00e5ller <strong>gluten<\/strong>, kan inneh\u00e5lla soja.<\/p>\n<h3>Ravintoarvot per 100g:<\/h3>\n<p>Energia \/ Energi 1041 kJ \/ 246 kcal<br \/>\nRasva \/ Fett 27 g josta tyydyttynytt\u00e4 \/ varav m\u00e4ttade 0,47 g<br \/>\nHiilihydraatit \/ Kolhydrater 45,52 g joista sokereita \/ varav sockerarter 0,94 g<br \/>\nProteiini \/ Protein 7,85 g<br \/>\nSuola \/ Salt 1,52 g<\/p>\n","protected":false},"excerpt":{"rendered":"<p>Aito italialainen pizzataikinapallo, joka s\u00e4ilyy sulatettuna jopa 36 tuntia. Eritt\u00e4in hyv\u00e4 sitko, nousee reunoilta hyvin. Autenttisen k\u00e4sintehdyn pizzataikinan laatu helppona pakasteena. Taikinan kohotus ennen k\u00e4ytt\u00f6\u00e4 24 tuntia.<\/p>\n<p>Pizza dough bun raw frozen. Lactose free.<\/p>\n","protected":false},"featured_media":1310,"template":"","meta":[],"product_brand":[],"product_cat":[61,171,268],"product_tag":[305,309,310],"class_list":{"0":"post-2578","1":"product","2":"type-product","3":"status-publish","4":"has-post-thumbnail","6":"product_cat-pakasteet","7":"product_cat-pakasteet-horeca","8":"product_cat-pakastetaikina-horeca","9":"product_tag-laktoositon","10":"product_tag-pallo","11":"product_tag-taikina","12":"product_shipping_class-viileat-pakaste","14":"first","15":"instock","16":"taxable","17":"shipping-taxable","18":"product-type-simple"},"_links":{"self":[{"href":"https:\/\/monditaly.com\/kauppa\/wp-json\/wp\/v2\/product\/2578","targetHints":{"allow":["GET"]}}],"collection":[{"href":"https:\/\/monditaly.com\/kauppa\/wp-json\/wp\/v2\/product"}],"about":[{"href":"https:\/\/monditaly.com\/kauppa\/wp-json\/wp\/v2\/types\/product"}],"wp:featuredmedia":[{"embeddable":true,"href":"https:\/\/monditaly.com\/kauppa\/wp-json\/wp\/v2\/media\/1310"}],"wp:attachment":[{"href":"https:\/\/monditaly.com\/kauppa\/wp-json\/wp\/v2\/media?parent=2578"}],"wp:term":[{"taxonomy":"product_brand","embeddable":true,"href":"https:\/\/monditaly.com\/kauppa\/wp-json\/wp\/v2\/product_brand?post=2578"},{"taxonomy":"product_cat","embeddable":true,"href":"https:\/\/monditaly.com\/kauppa\/wp-json\/wp\/v2\/product_cat?post=2578"},{"taxonomy":"product_tag","embeddable":true,"href":"https:\/\/monditaly.com\/kauppa\/wp-json\/wp\/v2\/product_tag?post=2578"}],"curies":[{"name":"wp","href":"https:\/\/api.w.org\/{rel}","templated":true}]}}