{"id":2579,"date":"2022-04-26T14:30:32","date_gmt":"2022-04-26T11:30:32","guid":{"rendered":"https:\/\/monditaly.com\/kauppa\/?post_type=product&#038;p=2579"},"modified":"2024-06-07T12:01:17","modified_gmt":"2024-06-07T09:01:17","slug":"viander-bella-atmosfera-grillattu-varrellinen-artisokka-1200g","status":"publish","type":"product","link":"https:\/\/monditaly.com\/kauppa\/tuote\/viander-bella-atmosfera-grillattu-varrellinen-artisokka-1200g\/","title":{"rendered":"Viander Bella Atmosfera grillattu varrellinen artisokka 1200g"},"content":{"rendered":"<h3>Ainesosat \/ Ingredienser:<\/h3>\n<p>Artisokat (95%), korkea\u00f6ljyhappoinen auringonkukka\u00f6ljy, suola, valkosipuli, minttu, hiivauute, happamuudens\u00e4\u00e4t\u00f6aine: sitruunahappo (E330), antioksidantti: askorbiinihappo (E300). Gluteeniton. Ei sis\u00e4ll\u00e4 glutamaattia.<\/p>\n<p>Kron\u00e4rtskockor (95%), solrosolja med h\u00f6g oljehalt, salt, vitl\u00f6k, mynta, j\u00e4stextrakt, surhetsreglerande medel: citronsyra (E330), antioxidant: askorbinsyra (E300). Glutenfri. Utan glutamat.<\/p>\n<h3>Ravintoarvot per 100g \/ N\u00e4ringsv\u00e4rde per 100g:<\/h3>\n<p>Energia \/ Energi 624 kJ \/ 151 kcal<br \/>\nRasva \/ Fett 13g<br \/>\njosta tyydyttynytt\u00e4 \/ varav m\u00e4ttade 1,4g<br \/>\nHiilihydraatit \/ Kolhydrater 6,8g<br \/>\njoista sokereita \/ varav sockerarter 0,0g<br \/>\nKuitu \/ Fiber 5,5g<br \/>\nProteiini \/ Protein 1,7g<br \/>\nSuola \/ Salt 1,1g<\/p>\n","protected":false},"excerpt":{"rendered":"<p><strong>Tuote myyd\u00e4\u00e4n myyntier\u00e4n\u00e4 1 ltk (6 kpl). \/ Sales unit 1 box (6 pcs).<\/strong><\/p>\n<p>Valikoituja varrellisia, grillattuja artisokkia auringonkukka\u00f6ljyss\u00e4.<\/p>\n<p><span style=\"font-weight: 400\">Bella Atmosfera -vihanness\u00e4ilykkeet on pakattu k\u00e4ytt\u00e4j\u00e4yst\u00e4v\u00e4llisiin pakkauksiin. Pakkausten materiaali on 100% kierr\u00e4tett\u00e4v\u00e4\u00e4 muovia, jossa tuotteet on kevyt kuljettaa ja s\u00e4ilytt\u00e4\u00e4. Ilmaa poistava s\u00e4il\u00f6nt\u00e4tekniikka ja suojakaasun k\u00e4ytt\u00f6 mahdollistavat tuotteiden s\u00e4ilymisen avaamattomina huoneenl\u00e4mm\u00f6ss\u00e4. <\/span><span style=\"font-weight: 400\">Tuotteissa on k\u00e4ytetty vain 5% \u00f6ljy\u00e4, joka tekee tuotteista k\u00e4tevi\u00e4 k\u00e4ytt\u00e4\u00e4: \u00f6ljy\u00e4 ei tarvitse erikseen valuttaa pois, vaan tuotteet ovat heti valmiita tarjolle. Pakkaus on suunniteltu siten, ett\u00e4 sit\u00e4 voidaan k\u00e4ytt\u00e4\u00e4 my\u00f6s tarjoiluastiana vitriiniss\u00e4. K\u00e4yt\u00f6n j\u00e4lkeen kansi voidaan painaa takaisin paikoilleen ja pakkaus s\u00e4ilytt\u00e4\u00e4 j\u00e4\u00e4kaapissa. Pieni m\u00e4\u00e4r\u00e4 laadukasta \u00f6ljy\u00e4 ei imeydy vihannesten kuituihin, joten niiden ominaisuudet pysyv\u00e4t l\u00e4hes samanlaisina kuin sadonkorjuuhetkell\u00e4. Tuote on gluteeniton.<\/span><\/p>\n<p>Selected artichokes, acidified, seasoned with spices and high oleic sunflower oil, packaged in plastic trays in a modified atmosphere and pasteurized.<\/p>\n","protected":false},"featured_media":2580,"template":"","meta":[],"product_brand":[],"product_cat":[46,110,70,81],"product_tag":[139,140,304,325],"class_list":{"0":"post-2579","1":"product","2":"type-product","3":"status-publish","4":"has-post-thumbnail","6":"product_cat-teolliset_elintarvikkeet","7":"product_cat-horeca-teolliset-elintarvikkeet","8":"product_cat-sailykkeet-horeca","9":"product_cat-vihannekset-horeca","10":"product_tag-artichoke","11":"product_tag-carciofi","12":"product_tag-gluteeniton","13":"product_tag-gluten-free","14":"product_shipping_class-horeca","16":"first","17":"instock","18":"taxable","19":"shipping-taxable","20":"product-type-simple"},"_links":{"self":[{"href":"https:\/\/monditaly.com\/kauppa\/wp-json\/wp\/v2\/product\/2579","targetHints":{"allow":["GET"]}}],"collection":[{"href":"https:\/\/monditaly.com\/kauppa\/wp-json\/wp\/v2\/product"}],"about":[{"href":"https:\/\/monditaly.com\/kauppa\/wp-json\/wp\/v2\/types\/product"}],"wp:featuredmedia":[{"embeddable":true,"href":"https:\/\/monditaly.com\/kauppa\/wp-json\/wp\/v2\/media\/2580"}],"wp:attachment":[{"href":"https:\/\/monditaly.com\/kauppa\/wp-json\/wp\/v2\/media?parent=2579"}],"wp:term":[{"taxonomy":"product_brand","embeddable":true,"href":"https:\/\/monditaly.com\/kauppa\/wp-json\/wp\/v2\/product_brand?post=2579"},{"taxonomy":"product_cat","embeddable":true,"href":"https:\/\/monditaly.com\/kauppa\/wp-json\/wp\/v2\/product_cat?post=2579"},{"taxonomy":"product_tag","embeddable":true,"href":"https:\/\/monditaly.com\/kauppa\/wp-json\/wp\/v2\/product_tag?post=2579"}],"curies":[{"name":"wp","href":"https:\/\/api.w.org\/{rel}","templated":true}]}}