{"id":2582,"date":"2022-04-26T14:58:31","date_gmt":"2022-04-26T11:58:31","guid":{"rendered":"https:\/\/monditaly.com\/kauppa\/?post_type=product&#038;p=2582"},"modified":"2026-04-10T00:01:32","modified_gmt":"2026-04-09T21:01:32","slug":"viander-grillatut-borettane-sipulit-auringonkukkaoljyssa-1kg","status":"publish","type":"product","link":"https:\/\/monditaly.com\/kauppa\/tuote\/viander-grillatut-borettane-sipulit-auringonkukkaoljyssa-1kg\/","title":{"rendered":"Viander grillatut Borettane-sipulit auringonkukka\u00f6ljyss\u00e4 1kg"},"content":{"rendered":"<h3>Ainesosat \/ Ingredienser:<\/h3>\n<p>Borettane-sipuleita, auringonkukka\u00f6ljy, viinietikka, sokeri, suola, hiivauute, persilja, valkosipuli, happamuudens\u00e4\u00e4t\u00f6aine: sitruunahappo (E330), glukonodeltalaktoni (E575), hapettumisenestoaine: askorbiinihappo (E300). <span data-sheets-formula-bar-text-style=\"font-size:13px;color:#000000;font-weight:normal;text-decoration:none;font-family:'docs-Roboto';font-style:normal;text-decoration-skip-ink:none;\">Sis\u00e4lt\u00e4\u00e4 <\/span><strong>sulfiitteja<\/strong><span data-sheets-formula-bar-text-style=\"font-size:13px;color:#000000;font-weight:normal;text-decoration:none;font-family:'docs-Roboto';font-style:normal;text-decoration-skip-ink:none;\">. Saattaa sis\u00e4lt\u00e4\u00e4 <strong>selleri\u00e4<\/strong>. Gluteeniton.<\/span><\/p>\n<p>Borettanl\u00f6k, solrosolja, vin\u00e4ger, socker, salt, j\u00e4stextrakt, persilja, vitl\u00f6k, surhetsreglerande medel: citronsyra (E330), glukonodelta lakton (E575), antioxidant: askorbinsyra (E300).<\/p>\n<p>Inneh\u00e5ller <strong>sulfiter<\/strong>. Kan inneh\u00e5lla <strong>selleri<\/strong>. Glutenfri.<\/p>\n<h3>Ravintoarvot per 100g \/ N\u00e4ringsv\u00e4rde per 100g:<\/h3>\n<p>Energia \/ Energi 399 kJ \/ 96 kcal<br \/>\nRasva \/ Fett 6,0 g<br \/>\njosta tyydyttynytt\u00e4 \/ varav m\u00e4ttade 0,8 g<br \/>\nHiilihydraatit \/ Kolhydrater 8,3 g<br \/>\njoista sokereita \/ varav sockerarter 5,3 g<br \/>\nProteiini \/ Protein 1,4 g<br \/>\nSuola \/ Salt 1,2 g<\/p>\n","protected":false},"excerpt":{"rendered":"<p>Grillattuja Borettane-sipuleita s\u00e4il\u00f6ttyn\u00e4 auringonkukka\u00f6ljyss\u00e4 ja pakattu s\u00e4ilyket\u00f6lkkiin. S\u00e4ilyt\u00e4 viile\u00e4ss\u00e4 ja kuivassa paikassa l\u00e4mm\u00f6lt\u00e4 suojattuna. S\u00e4ilyt\u00e4 avattu pakkaus j\u00e4\u00e4kaapissa ja k\u00e4yt\u00e4 lyhyen ajan sis\u00e4ll\u00e4.<\/p>\n<p>Grilled Borettane onions in sunflower oil.<\/p>\n","protected":false},"featured_media":2830,"template":"","meta":[],"product_brand":[],"product_cat":[462,46,110,70,81],"product_tag":[304,325,403],"class_list":{"0":"post-2582","1":"product","2":"type-product","3":"status-publish","4":"has-post-thumbnail","6":"product_cat-kampanjatuotteet","7":"product_cat-teolliset_elintarvikkeet","8":"product_cat-horeca-teolliset-elintarvikkeet","9":"product_cat-sailykkeet-horeca","10":"product_cat-vihannekset-horeca","11":"product_tag-gluteeniton","12":"product_tag-gluten-free","13":"product_tag-onion","14":"product_shipping_class-horeca","16":"first","17":"instock","18":"taxable","19":"shipping-taxable","20":"product-type-simple"},"_links":{"self":[{"href":"https:\/\/monditaly.com\/kauppa\/wp-json\/wp\/v2\/product\/2582","targetHints":{"allow":["GET"]}}],"collection":[{"href":"https:\/\/monditaly.com\/kauppa\/wp-json\/wp\/v2\/product"}],"about":[{"href":"https:\/\/monditaly.com\/kauppa\/wp-json\/wp\/v2\/types\/product"}],"wp:featuredmedia":[{"embeddable":true,"href":"https:\/\/monditaly.com\/kauppa\/wp-json\/wp\/v2\/media\/2830"}],"wp:attachment":[{"href":"https:\/\/monditaly.com\/kauppa\/wp-json\/wp\/v2\/media?parent=2582"}],"wp:term":[{"taxonomy":"product_brand","embeddable":true,"href":"https:\/\/monditaly.com\/kauppa\/wp-json\/wp\/v2\/product_brand?post=2582"},{"taxonomy":"product_cat","embeddable":true,"href":"https:\/\/monditaly.com\/kauppa\/wp-json\/wp\/v2\/product_cat?post=2582"},{"taxonomy":"product_tag","embeddable":true,"href":"https:\/\/monditaly.com\/kauppa\/wp-json\/wp\/v2\/product_tag?post=2582"}],"curies":[{"name":"wp","href":"https:\/\/api.w.org\/{rel}","templated":true}]}}