{"id":2592,"date":"2022-04-27T15:23:58","date_gmt":"2022-04-27T12:23:58","guid":{"rendered":"https:\/\/monditaly.com\/kauppa\/?post_type=product&#038;p=2592"},"modified":"2024-07-06T12:53:27","modified_gmt":"2024-07-06T09:53:27","slug":"viander-bella-atmosfera-friarielli-950g","status":"publish","type":"product","link":"https:\/\/monditaly.com\/kauppa\/tuote\/viander-bella-atmosfera-friarielli-950g\/","title":{"rendered":"Viander Bella Atmosfera Friarielli  950g"},"content":{"rendered":"<h3>Ainesosat \/ Ingredienser:<\/h3>\n<p>Nauriin naatit (89%), ekstraneitsytoliivi\u00f6ljy (5%), punainen paprika, suola, valkosipulijauhe, chili.<\/p>\n<p>K\u00e5lr\u00f6tter (89%), extra virgin olivolja (5%), r\u00f6d paprika, salt, vitl\u00f6k pulver, chilipeppar.<\/p>\n<h3>Ravintoarvot per 100g \/ N\u00e4ringsv\u00e4rde per 100g:<\/h3>\n<p>Energia \/ Energi 361 kJ \/ 86 kcal<br \/>\nRasva \/ Fett 5,0 g<br \/>\njosta tyydyttynytt\u00e4 \/ varav m\u00e4ttade 0,5 g<br \/>\nHiilihydraatit \/ Kolhydrat 6,3 g<br \/>\njoista sokereita \/ varav sockerarter 3,3 g<br \/>\nKuitu \/ Fiber 2,0 g<br \/>\nProteiini \/ Protein 3,0 g<br \/>\nSuola \/ Salt 1,9 g<\/p>\n","protected":false},"excerpt":{"rendered":"<p>Friarellit (nauriin naatit). Gluteeniton.<\/p>\n","protected":false},"featured_media":2593,"template":"","meta":[],"product_brand":[],"product_cat":[46,110,70,81],"product_tag":[404,304],"class_list":{"0":"post-2592","1":"product","2":"type-product","3":"status-publish","4":"has-post-thumbnail","6":"product_cat-teolliset_elintarvikkeet","7":"product_cat-horeca-teolliset-elintarvikkeet","8":"product_cat-sailykkeet-horeca","9":"product_cat-vihannekset-horeca","10":"product_tag-friarielli","11":"product_tag-gluteeniton","12":"product_shipping_class-horeca","14":"first","15":"instock","16":"taxable","17":"shipping-taxable","18":"product-type-simple"},"_links":{"self":[{"href":"https:\/\/monditaly.com\/kauppa\/wp-json\/wp\/v2\/product\/2592","targetHints":{"allow":["GET"]}}],"collection":[{"href":"https:\/\/monditaly.com\/kauppa\/wp-json\/wp\/v2\/product"}],"about":[{"href":"https:\/\/monditaly.com\/kauppa\/wp-json\/wp\/v2\/types\/product"}],"wp:featuredmedia":[{"embeddable":true,"href":"https:\/\/monditaly.com\/kauppa\/wp-json\/wp\/v2\/media\/2593"}],"wp:attachment":[{"href":"https:\/\/monditaly.com\/kauppa\/wp-json\/wp\/v2\/media?parent=2592"}],"wp:term":[{"taxonomy":"product_brand","embeddable":true,"href":"https:\/\/monditaly.com\/kauppa\/wp-json\/wp\/v2\/product_brand?post=2592"},{"taxonomy":"product_cat","embeddable":true,"href":"https:\/\/monditaly.com\/kauppa\/wp-json\/wp\/v2\/product_cat?post=2592"},{"taxonomy":"product_tag","embeddable":true,"href":"https:\/\/monditaly.com\/kauppa\/wp-json\/wp\/v2\/product_tag?post=2592"}],"curies":[{"name":"wp","href":"https:\/\/api.w.org\/{rel}","templated":true}]}}