{"id":2595,"date":"2022-04-27T15:46:48","date_gmt":"2022-04-27T12:46:48","guid":{"rendered":"https:\/\/monditaly.com\/kauppa\/?post_type=product&#038;p=2595"},"modified":"2024-06-07T12:01:16","modified_gmt":"2024-06-07T09:01:16","slug":"viander-salsa-tartufo-bianchetto-valkoinen-tryffelitahna-200g","status":"publish","type":"product","link":"https:\/\/monditaly.com\/kauppa\/tuote\/viander-salsa-tartufo-bianchetto-valkoinen-tryffelitahna-200g\/","title":{"rendered":"Viander Salsa Tartufo Bianchetto 5% valkoinen tryffelitahna 200g"},"content":{"rendered":"<h3>Ainesosat \/ Ingredienser:<\/h3>\n<p><strong>Kerma<\/strong> (68%), <strong>voi<\/strong>, vesi, Grana Padano juusto (<strong>maito<\/strong>, suola, juoksute, s\u00e4il\u00f6nt\u00e4aine: lysotsyymi (<strong>kananmunaproteiini<\/strong>)), <strong>vehn\u00e4jauho<\/strong>, valkoinen tryffeli (T. Albidum Pico) (5%), maustetahna natriumglutamaatilla (natriumkloridi, osittain vedytetty\u00e4 palmu kasvisravaa [sis\u00e4lt\u00e4\u00e4 antioksidantteja: butyloitu hydroksianisoli]), aromivahvenne: natriumglutamaatti (E621), hiivauute, kasviuute [hydrolysoitu <strong>soijaproteiini<\/strong>], kuivatut vihannekset [sipuli, selleri, porkkana), happamuudens\u00e4\u00e4t\u00f6aine: sitruunahappo (E330), valkotryffeliaromi. <strong>Voi sis\u00e4lt\u00e4\u00e4 p\u00e4hkin\u00f6it\u00e4, <\/strong><strong><span style=\"font-size: 14.4px;\">\u00e4yri\u00e4isi\u00e4, kalaa.<\/span><\/strong><\/p>\n<p><strong>Gr\u00e4dde<\/strong> (68%), <strong>sm\u00f6r<\/strong>, vatten, Grana Padano ost (<strong>mj\u00f6lk<\/strong>, salt, l\u00f6pe, konserveringsmedel: lysosym (<strong>\u00e4gg<\/strong>protein)), <strong>vetmj\u00f6l<\/strong>, vit tryffel (T. Albidum Pico) (5%), kryddpasta med natriumglutamat (natriumklorid, delvis hydrerat palmvegetabiliskt fett [inneh\u00e5ller antioxidanter: butylerad hydroxyanisol]), smakf\u00f6rst\u00e4rkare: natriumglutamat (E621), j\u00e4stextrakt, v\u00e4xtextrakt [hydrolyserat <strong>soijaprotein<\/strong>], torkade gr\u00f6msaker [l\u00f6k, seller, morot), surhetsreglerande medel: citronsyra (E330), vit tryffel smak. <b>Kan inneh\u00e5lla n\u00f6tter, skaldjur, fisk.<\/b><\/p>\n<h3>Ravintoarvot per 100g \/ N\u00e4ringsv\u00e4rde per 100g:<\/h3>\n<p>Energia\/ Energi 1507 kJ \/ 365 kcal<br \/>\nRasva \/ Fett 35 g<br \/>\njosta tyydyttynytt\u00e4 \/ varav m\u00e4ttat fett 20 g<br \/>\nHiilihydraatit \/ Kolhydrat 7,8 g<br \/>\njoista sokereita \/ varav sockerarter 2,7 g<br \/>\nProteiini \/ Protein 5 g<br \/>\nSuola \/ Salt 1,3 g<\/p>\n","protected":false},"excerpt":{"rendered":"<p>Valkoinen Bianchetto -tryffelitahna.<\/p>\n<p>White Bianchetto truffle paste \/ spread.<\/p>\n","protected":false},"featured_media":2598,"template":"","meta":[],"product_brand":[],"product_cat":[46,110,70,94],"product_tag":[150,138,405,28],"class_list":{"0":"post-2595","1":"product","2":"type-product","3":"status-publish","4":"has-post-thumbnail","6":"product_cat-teolliset_elintarvikkeet","7":"product_cat-horeca-teolliset-elintarvikkeet","8":"product_cat-sailykkeet-horeca","9":"product_cat-tahnat-horeca","10":"product_tag-paste","11":"product_tag-truffle","12":"product_tag-valkoinen","13":"product_tag-white","14":"product_shipping_class-horeca","16":"first","17":"instock","18":"taxable","19":"shipping-taxable","20":"product-type-simple"},"_links":{"self":[{"href":"https:\/\/monditaly.com\/kauppa\/wp-json\/wp\/v2\/product\/2595","targetHints":{"allow":["GET"]}}],"collection":[{"href":"https:\/\/monditaly.com\/kauppa\/wp-json\/wp\/v2\/product"}],"about":[{"href":"https:\/\/monditaly.com\/kauppa\/wp-json\/wp\/v2\/types\/product"}],"wp:featuredmedia":[{"embeddable":true,"href":"https:\/\/monditaly.com\/kauppa\/wp-json\/wp\/v2\/media\/2598"}],"wp:attachment":[{"href":"https:\/\/monditaly.com\/kauppa\/wp-json\/wp\/v2\/media?parent=2595"}],"wp:term":[{"taxonomy":"product_brand","embeddable":true,"href":"https:\/\/monditaly.com\/kauppa\/wp-json\/wp\/v2\/product_brand?post=2595"},{"taxonomy":"product_cat","embeddable":true,"href":"https:\/\/monditaly.com\/kauppa\/wp-json\/wp\/v2\/product_cat?post=2595"},{"taxonomy":"product_tag","embeddable":true,"href":"https:\/\/monditaly.com\/kauppa\/wp-json\/wp\/v2\/product_tag?post=2595"}],"curies":[{"name":"wp","href":"https:\/\/api.w.org\/{rel}","templated":true}]}}