{"id":2630,"date":"2022-06-01T10:32:53","date_gmt":"2022-06-01T07:32:53","guid":{"rendered":"https:\/\/monditaly.com\/kauppa\/?post_type=product&#038;p=2630"},"modified":"2024-08-09T19:52:20","modified_gmt":"2024-08-09T16:52:20","slug":"rognoni-castelmagno-dop-juusto-5kg","status":"publish","type":"product","link":"https:\/\/monditaly.com\/kauppa\/tuote\/rognoni-castelmagno-dop-juusto-5kg\/","title":{"rendered":"Rognoni Castelmagno D.O.P. juusto 5kg"},"content":{"rendered":"<h3>Ainesosat:<\/h3>\n<h3>Ravintoarvot per 100g:<\/h3>\n<p>Energia \/ Energi 1700 kJ \/ 410 kcal<br \/>\nRasva \/ Fett 34,0 g josta tyydyttynytt\u00e4 \/ varav m\u00e4ttade 25,0 g<br \/>\nHiilihydraatit \/ Kolhydrat 0,5 g joista sokereita \/ varav sockerarter 0,5 g<br \/>\nProteiini \/ Protein 26,0 g<br \/>\nSuola \/ Salt 1,5 g<\/p>\n<p>&nbsp;<\/p>\n","protected":false},"excerpt":{"rendered":"<p>Puolikova, 60 p\u00e4iv\u00e4\u00e4 kypsytetty juusto Piemonten alueelta.<\/p>\n<p>Semi-hard, 60 days matured cheese from Piemonte area.<\/p>\n","protected":false},"featured_media":4879,"template":"","meta":[],"product_brand":[],"product_cat":[196,36,163,246,249],"product_tag":[187],"class_list":{"0":"post-2630","1":"product","2":"type-product","3":"status-publish","4":"has-post-thumbnail","6":"product_cat-kilokauppa","7":"product_cat-viileat","8":"product_cat-viileat-horeca","9":"product_cat-juustot-horeca","10":"product_cat-kovat-juustot-horeca","11":"product_tag-cheese","12":"product_shipping_class-viileat-pakaste","14":"first","15":"onbackorder","16":"taxable","17":"shipping-taxable","18":"product-type-simple"},"_links":{"self":[{"href":"https:\/\/monditaly.com\/kauppa\/wp-json\/wp\/v2\/product\/2630","targetHints":{"allow":["GET"]}}],"collection":[{"href":"https:\/\/monditaly.com\/kauppa\/wp-json\/wp\/v2\/product"}],"about":[{"href":"https:\/\/monditaly.com\/kauppa\/wp-json\/wp\/v2\/types\/product"}],"wp:featuredmedia":[{"embeddable":true,"href":"https:\/\/monditaly.com\/kauppa\/wp-json\/wp\/v2\/media\/4879"}],"wp:attachment":[{"href":"https:\/\/monditaly.com\/kauppa\/wp-json\/wp\/v2\/media?parent=2630"}],"wp:term":[{"taxonomy":"product_brand","embeddable":true,"href":"https:\/\/monditaly.com\/kauppa\/wp-json\/wp\/v2\/product_brand?post=2630"},{"taxonomy":"product_cat","embeddable":true,"href":"https:\/\/monditaly.com\/kauppa\/wp-json\/wp\/v2\/product_cat?post=2630"},{"taxonomy":"product_tag","embeddable":true,"href":"https:\/\/monditaly.com\/kauppa\/wp-json\/wp\/v2\/product_tag?post=2630"}],"curies":[{"name":"wp","href":"https:\/\/api.w.org\/{rel}","templated":true}]}}