{"id":2690,"date":"2022-06-23T09:47:55","date_gmt":"2022-06-23T06:47:55","guid":{"rendered":"https:\/\/monditaly.com\/kauppa\/?post_type=product&#038;p=2690"},"modified":"2026-01-02T00:50:31","modified_gmt":"2026-01-01T22:50:31","slug":"velenosi-pecorino-docg-offida-13-1ltk","status":"publish","type":"product","link":"https:\/\/monditaly.com\/kauppa\/tuote\/velenosi-pecorino-docg-offida-13-1ltk\/","title":{"rendered":"Velenosi Pecorino DOCG Offida 13% 1 ME (12 plo x 0,75l)"},"content":{"rendered":"<p>Maa: Italia<br \/>\nAlue: Marche<br \/>\nViinityyppi: Valkoviini<br \/>\nPullokoko: 0,75 l<br \/>\nRyp\u00e4leet: Pecorino 100%<br \/>\nV\u00e4ri: Kirkas, oljenkeltainen, kultaisin heijastuksin<br \/>\nAlkoholi: VOL 13 %<\/p>\n","protected":false},"excerpt":{"rendered":"<p class=\"p1\">Intensiivinen, ylellinen, elegantti valkoviini, josta vapautuu suuri m\u00e4\u00e4r\u00e4 erilaisia vivahteita: valkoisia ja keltaisia kukkia, kyps\u00e4\u00e4 ja trooppista hedelm\u00e4\u00e4 \u2013 ananasta, persikoita, mangoa \u2013 sek\u00e4 h\u00e4iv\u00e4hdyksi\u00e4 akaasiasta, liljasta, salviasta ja kamomillasta, joihin sekoittuu my\u00f6s vaniljan ja valkopippurin aromeja.<\/p>\n<p class=\"p1\">Miellytt\u00e4v\u00e4, silkkinen ensivaikutelma suussa. Pitk\u00e4 j\u00e4lkimaku ja hyv\u00e4 tasapaino hedelm\u00e4isten ja kukkaisten vivahteiden kanssa. Erinomainen kest\u00e4vyys. Hieman l\u00e4mpim\u00e4mpi tarjoilul\u00e4mp\u00f6tila korostaa viinin pehmeytt\u00e4 ja tekee suutuntumasta entist\u00e4 miellytt\u00e4v\u00e4mm\u00e4n. Tarjoile kalan, \u00e4yri\u00e4isten tai vaalean lihan kanssa.<\/p>\n<p class=\"p1\">Bright gold with very lively reflections from the fine, elegant and very persistent perlage. Intense, sumptuous, elegant. It releases great complexity and intensity: white and yellow flowers, ripe and tropical fruit, pineapple, peaches, mango, hints of acacia, lily, sage and chamomile with some hints of vanilla and white pepper. Pleasant silky attack on the palate. Long persistence and good balance with fruity and floral hints. Great persistence with a long finish. The less cold temperature enhances the softness and favors the smoothness of the sip.<\/p>\n","protected":false},"featured_media":6477,"template":"","meta":[],"product_brand":[],"product_cat":[23,294,352,354],"product_tag":[369,384,358],"class_list":{"0":"post-2690","1":"product","2":"type-product","3":"status-publish","4":"has-post-thumbnail","6":"product_cat-juomat","7":"product_cat-juomat-horeca","8":"product_cat-viinit","9":"product_cat-valkoviinit","10":"product_tag-valkoviini","11":"product_tag-velenosi","12":"product_tag-white-wine","13":"product_shipping_class-horeca","15":"first","16":"instock","17":"taxable","18":"shipping-taxable","19":"product-type-simple"},"_links":{"self":[{"href":"https:\/\/monditaly.com\/kauppa\/wp-json\/wp\/v2\/product\/2690","targetHints":{"allow":["GET"]}}],"collection":[{"href":"https:\/\/monditaly.com\/kauppa\/wp-json\/wp\/v2\/product"}],"about":[{"href":"https:\/\/monditaly.com\/kauppa\/wp-json\/wp\/v2\/types\/product"}],"wp:featuredmedia":[{"embeddable":true,"href":"https:\/\/monditaly.com\/kauppa\/wp-json\/wp\/v2\/media\/6477"}],"wp:attachment":[{"href":"https:\/\/monditaly.com\/kauppa\/wp-json\/wp\/v2\/media?parent=2690"}],"wp:term":[{"taxonomy":"product_brand","embeddable":true,"href":"https:\/\/monditaly.com\/kauppa\/wp-json\/wp\/v2\/product_brand?post=2690"},{"taxonomy":"product_cat","embeddable":true,"href":"https:\/\/monditaly.com\/kauppa\/wp-json\/wp\/v2\/product_cat?post=2690"},{"taxonomy":"product_tag","embeddable":true,"href":"https:\/\/monditaly.com\/kauppa\/wp-json\/wp\/v2\/product_tag?post=2690"}],"curies":[{"name":"wp","href":"https:\/\/api.w.org\/{rel}","templated":true}]}}