{"id":2742,"date":"2022-07-11T12:43:59","date_gmt":"2022-07-11T09:43:59","guid":{"rendered":"https:\/\/monditaly.com\/kauppa\/?post_type=product&#038;p=2742"},"modified":"2024-08-09T19:52:19","modified_gmt":"2024-08-09T16:52:19","slug":"pastificio-temporin-tuorepasta-tagliatelle-1-ltk-250g-x-10-kpl","status":"publish","type":"product","link":"https:\/\/monditaly.com\/kauppa\/tuote\/pastificio-temporin-tuorepasta-tagliatelle-1-ltk-250g-x-10-kpl\/","title":{"rendered":"Pastificio Temporin tuorepasta tagliatelle 1 ltk (500g x 10 kpl)"},"content":{"rendered":"<h3>Ainesosat:<\/h3>\n<p>Durumvehn\u00e4suurimot, kananmunat 20%.\u00a0<strong>Sis\u00e4lt\u00e4\u00e4<\/strong> <strong>gluteenia <\/strong>ja<strong> kananmunia<\/strong>. Saattaa sis\u00e4lt\u00e4\u00e4 j\u00e4\u00e4mi\u00e4 <strong>kalasta, nilvi\u00e4isist\u00e4, \u00e4yri\u00e4isist\u00e4, p\u00e4hkin\u00f6ist\u00e4, sinapista, soijasta, sellerist\u00e4, maidosta ja sen johdannaisista<\/strong>.<\/p>\n<p>Durumvetemj\u00f6l, \u00e4gg 20%.<strong>\u00a0Inneh\u00e5ller<\/strong> <strong>gluten <\/strong>och<strong> \u00e4gg. <\/strong>Kan inneh\u00e5lla sp\u00e5r <strong>av fisk, mollusk, skaldjur, n\u00f6tter, senap, soja, selleri, mj\u00f6lk och mj\u00f6lkbaserade produkter.<\/strong><\/p>\n<h3>Ravintoarvot per 100g:<\/h3>\n<p>Energia \/ Energi 1253 kJ \/296 kcal<br \/>\nRasva \/ Fett\u00a0 2,8 g josta tyydyttyneit\u00e4 \/ varav m\u00e4ttade 0,8 g<br \/>\nHiilihydraatit \/ Kolhydrater 55\u00a0 g josta sokereita \/ varav sockerarter\u00a0 1,7 g<br \/>\nProteiini \/ Protein 11 g<br \/>\nSuola \/ Salt\u00a0 0,09 g<\/p>\n","protected":false},"excerpt":{"rendered":"<div class=\"flex-1 overflow-hidden\">\n<div class=\"h-full\">\n<div class=\"react-scroll-to-bottom--css-vztqw-79elbk h-full\">\n<div class=\"react-scroll-to-bottom--css-vztqw-1n7m0yu\">\n<div class=\"flex flex-col text-sm md:pb-9\">\n<div class=\"w-full text-token-text-primary\" dir=\"auto\" data-testid=\"conversation-turn-3\" data-scroll-anchor=\"true\">\n<div class=\"text-base py-[18px] px-3 md:px-4 m-auto md:px-5 lg:px-1 xl:px-5\">\n<div class=\"mx-auto flex flex-1 gap-4 text-base md:gap-5 lg:gap-6 md:max-w-3xl lg:max-w-[40rem] xl:max-w-[48rem]\">\n<div class=\"group\/conversation-turn relative flex w-full min-w-0 flex-col agent-turn\">\n<div class=\"flex-col gap-1 md:gap-3\">\n<div class=\"flex flex-grow flex-col max-w-full\">\n<div class=\"min-h-[20px] text-message flex w-full flex-col items-end gap-2 whitespace-pre-wrap break-words [.text-message+&amp;]:mt-5 overflow-x-auto\" dir=\"auto\" data-message-author-role=\"assistant\" data-message-id=\"8e2ab14f-4557-41ea-8578-f26998d58925\">\n<div class=\"flex w-full flex-col gap-1 empty:hidden first:pt-[3px]\">\n<div class=\"result-streaming markdown prose w-full break-words dark:prose-invert light\">\n<p>Tuore kananmuna-durumvehn\u00e4pasta. Pakattu suojakaasuun.<\/p>\n<\/div>\n<\/div>\n<\/div>\n<\/div>\n<\/div>\n<\/div>\n<\/div>\n<\/div>\n<\/div>\n<\/div>\n<\/div>\n<\/div>\n<\/div>\n<\/div>\n<p>F\u00e4rsk \u00e4ggpasta av durumvetemj\u00f6l. Produkten \u00e4r f\u00f6rpackad i skyddad atmosf\u00e4r.<\/p>\n<p>Fresh egg pasta of durum wheat semolina. Packed with protective atmosphere.<\/p>\n","protected":false},"featured_media":3909,"template":"","meta":[],"product_brand":[],"product_cat":[36,163,164],"product_tag":[408,126],"class_list":{"0":"post-2742","1":"product","2":"type-product","3":"status-publish","4":"has-post-thumbnail","6":"product_cat-viileat","7":"product_cat-viileat-horeca","8":"product_cat-tuorepasta-horeca","9":"product_tag-tagliatelle","10":"product_tag-tuorepasta","11":"product_shipping_class-viileat-pakaste","13":"first","14":"instock","15":"taxable","16":"shipping-taxable","17":"product-type-simple"},"_links":{"self":[{"href":"https:\/\/monditaly.com\/kauppa\/wp-json\/wp\/v2\/product\/2742","targetHints":{"allow":["GET"]}}],"collection":[{"href":"https:\/\/monditaly.com\/kauppa\/wp-json\/wp\/v2\/product"}],"about":[{"href":"https:\/\/monditaly.com\/kauppa\/wp-json\/wp\/v2\/types\/product"}],"wp:featuredmedia":[{"embeddable":true,"href":"https:\/\/monditaly.com\/kauppa\/wp-json\/wp\/v2\/media\/3909"}],"wp:attachment":[{"href":"https:\/\/monditaly.com\/kauppa\/wp-json\/wp\/v2\/media?parent=2742"}],"wp:term":[{"taxonomy":"product_brand","embeddable":true,"href":"https:\/\/monditaly.com\/kauppa\/wp-json\/wp\/v2\/product_brand?post=2742"},{"taxonomy":"product_cat","embeddable":true,"href":"https:\/\/monditaly.com\/kauppa\/wp-json\/wp\/v2\/product_cat?post=2742"},{"taxonomy":"product_tag","embeddable":true,"href":"https:\/\/monditaly.com\/kauppa\/wp-json\/wp\/v2\/product_tag?post=2742"}],"curies":[{"name":"wp","href":"https:\/\/api.w.org\/{rel}","templated":true}]}}