{"id":2771,"date":"2022-08-02T10:28:06","date_gmt":"2022-08-02T07:28:06","guid":{"rendered":"https:\/\/monditaly.com\/kauppa\/?post_type=product&#038;p=2771"},"modified":"2024-06-07T12:01:15","modified_gmt":"2024-06-07T09:01:15","slug":"viander-bella-atmosfera-grillattu-paprikasuikale-950g","status":"publish","type":"product","link":"https:\/\/monditaly.com\/kauppa\/tuote\/viander-bella-atmosfera-grillattu-paprikasuikale-950g\/","title":{"rendered":"Viander Bella Atmosfera grillattu paprikasuikale 950g"},"content":{"rendered":"<h3>Ainesosat \/ Ingredienser:<\/h3>\n<div>Punainen ja keltainen paprika (95%), runsaasti \u00f6ljyhappoja sis\u00e4lt\u00e4v\u00e4 auringonkukka\u00f6ljy, viinietikka, suola, happamuudens\u00e4\u00e4t\u00f6aine: sitruunahappo (E330), hapettumisenestoaine: askorbiinihappo (E300), kiinteytt\u00e4v\u00e4 aine: kalsiumkloridi (E509). Sis\u00e4lt\u00e4\u00e4 sulfiitteja. Gluteeniton.<\/div>\n<div><\/div>\n<div>R\u00f6d och gul paprika (95%), solrosolja med h\u00f6g oljesyrahalt, vin\u00e4ger, salt, surhetsreglerande medel: citronsyra (E330), antioxidant: askorbinsyra (E300), uppstramande: Kalciumklorid (E509). Inneh\u00e5ller sulfiter. Glutenfri.<\/div>\n<h3>Ravintoarvot per 100g \/ N\u00e4ringsv\u00e4rde per 100g:<\/h3>\n<p>Energia \/ Energi 645kJ \/ 154kcal<br \/>\nRasva \/ Fett 4,5g josta tyydyttynytt\u00e4 \/ varav m\u00e4ttade 0,45g<br \/>\nHiilihydraatit \/ Kolhydrater 4,7g joista sokereita \/ varav sockerarter 4,7g<br \/>\nProteiini \/ Protein 0,63g<br \/>\nSuola \/ Salt 0,3g<\/p>\n","protected":false},"excerpt":{"rendered":"<p><span style=\"font-weight: 400;\">Grillatut paprikasuikaleet.\u00a0<\/span><\/p>\n<p><span style=\"font-weight: 400;\">Bella Atmosfera -vihanness\u00e4ilykkeet on pakattu k\u00e4ytt\u00e4j\u00e4yst\u00e4v\u00e4llisiin pakkauksiin. Pakkausten materiaali on 100% kierr\u00e4tett\u00e4v\u00e4\u00e4 muovia, jossa tuotteet on kevyt kuljettaa ja s\u00e4ilytt\u00e4\u00e4. Ilmaa poistava s\u00e4il\u00f6nt\u00e4tekniikka ja suojakaasun k\u00e4ytt\u00f6 mahdollistavat tuotteiden s\u00e4ilymisen avaamattomina huoneenl\u00e4mm\u00f6ss\u00e4. <\/span><span style=\"font-weight: 400;\">Tuotteissa on k\u00e4ytetty vain 5% \u00f6ljy\u00e4, joka tekee tuotteista k\u00e4tevi\u00e4 k\u00e4ytt\u00e4\u00e4: \u00f6ljy\u00e4 ei tarvitse erikseen valuttaa pois, vaan tuotteet ovat heti valmiita tarjolle. Pakkaus on suunniteltu siten, ett\u00e4 sit\u00e4 voidaan k\u00e4ytt\u00e4\u00e4 my\u00f6s tarjoiluastiana vitriiniss\u00e4. K\u00e4yt\u00f6n j\u00e4lkeen kansi voidaan painaa takaisin paikoilleen ja pakkaus s\u00e4ilytt\u00e4\u00e4 j\u00e4\u00e4kaapissa. Pieni m\u00e4\u00e4r\u00e4 laadukasta \u00f6ljy\u00e4 ei imeydy vihannesten kuituihin, joten niiden ominaisuudet pysyv\u00e4t l\u00e4hes samanlaisina kuin sadonkorjuuhetkell\u00e4.<\/span><\/p>\n<p>Grilled pepper strips.<\/p>\n","protected":false},"featured_media":2772,"template":"","meta":[],"product_brand":[],"product_cat":[46,110,70,81],"product_tag":[409,410],"class_list":{"0":"post-2771","1":"product","2":"type-product","3":"status-publish","4":"has-post-thumbnail","6":"product_cat-teolliset_elintarvikkeet","7":"product_cat-horeca-teolliset-elintarvikkeet","8":"product_cat-sailykkeet-horeca","9":"product_cat-vihannekset-horeca","10":"product_tag-bell-pepper","11":"product_tag-peperoni","12":"product_shipping_class-horeca","14":"first","15":"onbackorder","16":"taxable","17":"shipping-taxable","18":"product-type-simple"},"_links":{"self":[{"href":"https:\/\/monditaly.com\/kauppa\/wp-json\/wp\/v2\/product\/2771","targetHints":{"allow":["GET"]}}],"collection":[{"href":"https:\/\/monditaly.com\/kauppa\/wp-json\/wp\/v2\/product"}],"about":[{"href":"https:\/\/monditaly.com\/kauppa\/wp-json\/wp\/v2\/types\/product"}],"wp:featuredmedia":[{"embeddable":true,"href":"https:\/\/monditaly.com\/kauppa\/wp-json\/wp\/v2\/media\/2772"}],"wp:attachment":[{"href":"https:\/\/monditaly.com\/kauppa\/wp-json\/wp\/v2\/media?parent=2771"}],"wp:term":[{"taxonomy":"product_brand","embeddable":true,"href":"https:\/\/monditaly.com\/kauppa\/wp-json\/wp\/v2\/product_brand?post=2771"},{"taxonomy":"product_cat","embeddable":true,"href":"https:\/\/monditaly.com\/kauppa\/wp-json\/wp\/v2\/product_cat?post=2771"},{"taxonomy":"product_tag","embeddable":true,"href":"https:\/\/monditaly.com\/kauppa\/wp-json\/wp\/v2\/product_tag?post=2771"}],"curies":[{"name":"wp","href":"https:\/\/api.w.org\/{rel}","templated":true}]}}