{"id":2775,"date":"2022-08-02T10:56:54","date_gmt":"2022-08-02T07:56:54","guid":{"rendered":"https:\/\/monditaly.com\/kauppa\/?post_type=product&#038;p=2775"},"modified":"2024-06-12T15:26:00","modified_gmt":"2024-06-12T12:26:00","slug":"viander-paprikatahna-520g","status":"publish","type":"product","link":"https:\/\/monditaly.com\/kauppa\/tuote\/viander-paprikatahna-520g\/","title":{"rendered":"Viander paprikatahna 520g"},"content":{"rendered":"<h3>Ainesosat \/ Ingredienser:<\/h3>\n<p>Grillatut paprikat (46%), vesi auringonkukka\u00f6ljy, sipuli, tomaatti konsentraatti, suola, muunnettu t\u00e4rkkelys: hydroksipropyylidit\u00e4rkkelysfosfaatti (E1442), valkosipuli, sokeri, happamuudens\u00e4\u00e4t\u00f6aine: maitohappo (E270).<\/p>\n<p>Grillad paprika (46%), solrosolja, l\u00f6k, tomatkoncentrat, salt, modifierad st\u00e4rkelse: hydroxipropyldist\u00e4rkelsefosfat (E1442), vitl\u00f6k, socker, surhetsreglerande medel: mj\u00f6lksyra (E270).<\/p>\n<h3>Ravintoarvot per 100g \/ N\u00e4ringsv\u00e4rde per 100g:<\/h3>\n<p>Energia \/ Energi 523 kJ \/ 125 kcal<br \/>\nRasva \/ Fett 11 g<br \/>\njosta tyydyttynytt\u00e4 \/ varav m\u00e4ttade 1 g<br \/>\nHiilihydraatit \/ Kolhydrater 5 g<br \/>\njoista sokereita \/ varav sockerarter 4 g<br \/>\nKuitu \/ Fiber 1 g<br \/>\nProteiini \/ Protein 1 g<br \/>\nSuola \/ Salt 1,7 g<\/p>\n","protected":false},"excerpt":{"rendered":"<p>Paprikat on paloiteltu ja sekoitettu muihin aineksiin. Paprikatahna keitet\u00e4\u00e4n ja kuumat\u00e4ytet\u00e4\u00e4n lasipurkkeihin. Tuote on past\u00f6roitu. S\u00e4ilyt\u00e4 kuivassa paikassa l\u00e4mm\u00f6lt\u00e4 suojattuna. S\u00e4ilyt\u00e4 avattu pakkaus j\u00e4\u00e4kaapissa ja k\u00e4yt\u00e4 kolmen p\u00e4iv\u00e4n sis\u00e4ll\u00e4.<\/p>\n<p>Bell pepper paste.<\/p>\n","protected":false},"featured_media":2776,"template":"","meta":[],"product_brand":[],"product_cat":[46,110,70,94],"product_tag":[304,325,410,411],"class_list":{"0":"post-2775","1":"product","2":"type-product","3":"status-publish","4":"has-post-thumbnail","6":"product_cat-teolliset_elintarvikkeet","7":"product_cat-horeca-teolliset-elintarvikkeet","8":"product_cat-sailykkeet-horeca","9":"product_cat-tahnat-horeca","10":"product_tag-gluteeniton","11":"product_tag-gluten-free","12":"product_tag-peperoni","13":"product_tag-salsa","14":"product_shipping_class-horeca","16":"first","17":"outofstock","18":"taxable","19":"shipping-taxable","20":"product-type-simple"},"_links":{"self":[{"href":"https:\/\/monditaly.com\/kauppa\/wp-json\/wp\/v2\/product\/2775","targetHints":{"allow":["GET"]}}],"collection":[{"href":"https:\/\/monditaly.com\/kauppa\/wp-json\/wp\/v2\/product"}],"about":[{"href":"https:\/\/monditaly.com\/kauppa\/wp-json\/wp\/v2\/types\/product"}],"wp:featuredmedia":[{"embeddable":true,"href":"https:\/\/monditaly.com\/kauppa\/wp-json\/wp\/v2\/media\/2776"}],"wp:attachment":[{"href":"https:\/\/monditaly.com\/kauppa\/wp-json\/wp\/v2\/media?parent=2775"}],"wp:term":[{"taxonomy":"product_brand","embeddable":true,"href":"https:\/\/monditaly.com\/kauppa\/wp-json\/wp\/v2\/product_brand?post=2775"},{"taxonomy":"product_cat","embeddable":true,"href":"https:\/\/monditaly.com\/kauppa\/wp-json\/wp\/v2\/product_cat?post=2775"},{"taxonomy":"product_tag","embeddable":true,"href":"https:\/\/monditaly.com\/kauppa\/wp-json\/wp\/v2\/product_tag?post=2775"}],"curies":[{"name":"wp","href":"https:\/\/api.w.org\/{rel}","templated":true}]}}