{"id":2884,"date":"2022-08-18T10:48:59","date_gmt":"2022-08-18T07:48:59","guid":{"rendered":"https:\/\/monditaly.com\/kauppa\/?post_type=product&#038;p=2884"},"modified":"2025-12-03T17:14:32","modified_gmt":"2025-12-03T15:14:32","slug":"gallo-arborio-risottoriisi-1ltk","status":"publish","type":"product","link":"https:\/\/monditaly.com\/kauppa\/tuote\/gallo-arborio-risottoriisi-1ltk\/","title":{"rendered":"Gallo Arborio risottoriisi 1ltk (1kg x 12kpl)"},"content":{"rendered":"<h3>Ainesosat \/ Ingredienser:<\/h3>\n<p>Arborio riisi.<\/p>\n<p>Arborio ris.<\/p>\n<h3>Ravintoarvot per 100g \/ N\u00e4ringsv\u00e4rde per 100g:<\/h3>\n","protected":false},"excerpt":{"rendered":"<p><strong>Tuote myyd\u00e4\u00e4n myyntier\u00e4n\u00e4 1 ltk (12 kpl). \/ Sales unit 1 box (12 pcs).<\/strong><\/p>\n<p>Kest\u00e4v\u00e4sti viljelty riisi Pohjois-Italian Arboriosta ja l\u00e4hialueilta. Laadukas suurijyv\u00e4inen riisi, jolla onnistuu niin t\u00e4ydellinen al dente -lopputulos kuin herkullinen, kermainen risotto. Sopii kasvis-, vegaani- ja keliakiaruokavaliota noudattaville.<\/p>\n<p>Produced from sustainable agriculture, Arborio rice by Riso Gallo is an exceptional quality rice with large, full-bodied grains that encompasses six generations of a passion and culture for rice. Not only is this variety of rice able to retain a perfectly cooked \u201cal dente\u201d style, which makes it popular with chefs, but it also binds harmoniously with all ingredients, creating a delicious cream risotto.<\/p>\n","protected":false},"featured_media":2885,"template":"","meta":[],"product_brand":[],"product_cat":[110,74,216],"product_tag":[182],"class_list":{"0":"post-2884","1":"product","2":"type-product","3":"status-publish","4":"has-post-thumbnail","6":"product_cat-horeca-teolliset-elintarvikkeet","7":"product_cat-kuivat-elintarvikkeet-horeca","8":"product_cat-riisi-horeca","9":"product_tag-rice","10":"product_shipping_class-horeca","12":"first","13":"onbackorder","14":"taxable","15":"shipping-taxable","16":"product-type-simple"},"_links":{"self":[{"href":"https:\/\/monditaly.com\/kauppa\/wp-json\/wp\/v2\/product\/2884","targetHints":{"allow":["GET"]}}],"collection":[{"href":"https:\/\/monditaly.com\/kauppa\/wp-json\/wp\/v2\/product"}],"about":[{"href":"https:\/\/monditaly.com\/kauppa\/wp-json\/wp\/v2\/types\/product"}],"wp:featuredmedia":[{"embeddable":true,"href":"https:\/\/monditaly.com\/kauppa\/wp-json\/wp\/v2\/media\/2885"}],"wp:attachment":[{"href":"https:\/\/monditaly.com\/kauppa\/wp-json\/wp\/v2\/media?parent=2884"}],"wp:term":[{"taxonomy":"product_brand","embeddable":true,"href":"https:\/\/monditaly.com\/kauppa\/wp-json\/wp\/v2\/product_brand?post=2884"},{"taxonomy":"product_cat","embeddable":true,"href":"https:\/\/monditaly.com\/kauppa\/wp-json\/wp\/v2\/product_cat?post=2884"},{"taxonomy":"product_tag","embeddable":true,"href":"https:\/\/monditaly.com\/kauppa\/wp-json\/wp\/v2\/product_tag?post=2884"}],"curies":[{"name":"wp","href":"https:\/\/api.w.org\/{rel}","templated":true}]}}