{"id":2886,"date":"2022-08-18T11:44:02","date_gmt":"2022-08-18T08:44:02","guid":{"rendered":"https:\/\/monditaly.com\/kauppa\/?post_type=product&#038;p=2886"},"modified":"2025-12-03T15:53:06","modified_gmt":"2025-12-03T13:53:06","slug":"gallo-carnaroli-risottoriisi-1ltk","status":"publish","type":"product","link":"https:\/\/monditaly.com\/kauppa\/tuote\/gallo-carnaroli-risottoriisi-1ltk\/","title":{"rendered":"Gallo Carnaroli risottoriisi 1ltk (1kg x 12kpl)"},"content":{"rendered":"<h3>Ainesosat \/ Ingredienser:<\/h3>\n<p>Carnaroli riisi.<\/p>\n<p>Carnaroli ris.<\/p>\n<h3>Ravintoarvot per 100g \/ N\u00e4ringsv\u00e4rde per 100g:<\/h3>\n<p>Energia \/ Energi 1476\u00a0kJ\u00a0\/\u00a0348\u00a0kcal<br \/>\nRasva \/ Fett 1 g josta tyydyttynytt\u00e4 \/ varav m\u00e4ttade 0,3 g<br \/>\nHiilihydraatit \/ Kolhydrat 77,3 g joista sokereita \/ varav sockerarter 0,2 g<br \/>\nKuitu \/ Fiber 1 g<br \/>\nProteiini \/ Protein 6,9 g<br \/>\nSuola \/ Salt 0 g<\/p>\n","protected":false},"excerpt":{"rendered":"<p><strong>Tuote myyd\u00e4\u00e4n myyntier\u00e4n\u00e4 1 ltk (12 kpl). \/ Sales unit 1 box (12 pcs).<\/strong><\/p>\n<p>Kest\u00e4v\u00e4sti tuotettu riisi Italian Lombardian alueelta, jonka ilmasto on optimaalinen riisinviljelyyn. Erityisen laadukas suurijyv\u00e4inen riisi, joka antaa t\u00e4ydellisen al dente -lopputuloksen ja k\u00e4y my\u00f6s kermaisen risoton pohjaksi. Sopii kasvis-, vegaani- ja keliakiaruokavaliota noudattaville.<\/p>\n<p>The king of risotto rice by Riso Gallo, an exceptional quality rice with large, full-bodied grains that encompasses six generations of a passion and culture for rice. Originates from the Lombardy farmhouses, where the characteristics of the land and the microclimate are most favourable. Not only is this variety of rice able to retain a perfectly cooked \u201cal dente\u201d style, which makes it popular with chefs, but it also binds harmoniously with all ingredients, creating a delicious cream risotto.<\/p>\n","protected":false},"featured_media":2887,"template":"","meta":[],"product_brand":[],"product_cat":[110,74,216],"product_tag":[182],"class_list":{"0":"post-2886","1":"product","2":"type-product","3":"status-publish","4":"has-post-thumbnail","6":"product_cat-horeca-teolliset-elintarvikkeet","7":"product_cat-kuivat-elintarvikkeet-horeca","8":"product_cat-riisi-horeca","9":"product_tag-rice","10":"product_shipping_class-horeca","12":"first","13":"instock","14":"taxable","15":"shipping-taxable","16":"product-type-simple"},"_links":{"self":[{"href":"https:\/\/monditaly.com\/kauppa\/wp-json\/wp\/v2\/product\/2886","targetHints":{"allow":["GET"]}}],"collection":[{"href":"https:\/\/monditaly.com\/kauppa\/wp-json\/wp\/v2\/product"}],"about":[{"href":"https:\/\/monditaly.com\/kauppa\/wp-json\/wp\/v2\/types\/product"}],"wp:featuredmedia":[{"embeddable":true,"href":"https:\/\/monditaly.com\/kauppa\/wp-json\/wp\/v2\/media\/2887"}],"wp:attachment":[{"href":"https:\/\/monditaly.com\/kauppa\/wp-json\/wp\/v2\/media?parent=2886"}],"wp:term":[{"taxonomy":"product_brand","embeddable":true,"href":"https:\/\/monditaly.com\/kauppa\/wp-json\/wp\/v2\/product_brand?post=2886"},{"taxonomy":"product_cat","embeddable":true,"href":"https:\/\/monditaly.com\/kauppa\/wp-json\/wp\/v2\/product_cat?post=2886"},{"taxonomy":"product_tag","embeddable":true,"href":"https:\/\/monditaly.com\/kauppa\/wp-json\/wp\/v2\/product_tag?post=2886"}],"curies":[{"name":"wp","href":"https:\/\/api.w.org\/{rel}","templated":true}]}}