{"id":2931,"date":"2022-09-06T11:32:32","date_gmt":"2022-09-06T08:32:32","guid":{"rendered":"https:\/\/monditaly.com\/kauppa\/?post_type=product&#038;p=2931"},"modified":"2025-08-08T10:51:43","modified_gmt":"2025-08-08T07:51:43","slug":"viander-tomaattimurska-10kg","status":"publish","type":"product","link":"https:\/\/monditaly.com\/kauppa\/tuote\/viander-tomaattimurska-10kg\/","title":{"rendered":"Viander tomaattimurska 10kg"},"content":{"rendered":"<h3>Ainesosat \/ Ingredienser:<\/h3>\n<p>Tomaattimassa (70%), tomaattimehu, happamuudens\u00e4\u00e4t\u00f6aine: sitruunahappo (E330).<\/p>\n<p>Tomatmassa (70%), tomatjuice, surhetsreglerande medel: citronsyra (E330).<\/p>\n<h3>Ravintoarvot per 100g \/ N\u00e4ringsv\u00e4rde per 100g:<\/h3>\n<p>Energia \/ Energi 121 kJ \/ 29 kcal<br \/>\nRasva \/ Fett 0,14 g<br \/>\njosta tyydyttynytt\u00e4 \/ varav m\u00e4ttade 0,02 g<br \/>\nHiilihydraatit \/ Kolhydrater 5,87 g<br \/>\njoista sokereita \/ varav sockerarter 5,07 g<br \/>\nKuitu \/ Fiber 0,80 g<br \/>\nProteiini \/ Protein 1,49 g<br \/>\nSuola \/ Salt 0,12 g<\/p>\n","protected":false},"excerpt":{"rendered":"<p>Tomaattimurska, jonka sis\u00e4lt\u00e4m\u00e4t laadukkaat, 100 % italialaiset tomaatit on leikattu samankokoisiksi paloiksi, kuorittu ja puristettu. Sen j\u00e4lkeen ne on puhdistettu ylim\u00e4\u00e4r\u00e4isest\u00e4 materiaalista ja yhdistetty tomaattimehun kanssa. K\u00e4sitelty ja paketoitu 24 tunnin sis\u00e4ll\u00e4 poimimisesta 10 litran uudelleensuljettavaan tyhji\u00f6pakattuun pussiin ja hanapakkaukseen.<\/p>\n<p>Tomato pulp cut into quite regular pieces, obtained from selected 100 % italian tomatoes, peeled, extruded and mixed with juice after removal of all foreign material.<\/p>\n","protected":false},"featured_media":3306,"template":"","meta":[],"product_brand":[],"product_cat":[46,70,97],"product_tag":[315,176],"class_list":{"0":"post-2931","1":"product","2":"type-product","3":"status-publish","4":"has-post-thumbnail","6":"product_cat-teolliset_elintarvikkeet","7":"product_cat-sailykkeet-horeca","8":"product_cat-tomaatti-horeca","9":"product_tag-pulp","10":"product_tag-tomato","11":"product_shipping_class-horeca","13":"first","14":"instock","15":"taxable","16":"shipping-taxable","17":"product-type-simple"},"_links":{"self":[{"href":"https:\/\/monditaly.com\/kauppa\/wp-json\/wp\/v2\/product\/2931","targetHints":{"allow":["GET"]}}],"collection":[{"href":"https:\/\/monditaly.com\/kauppa\/wp-json\/wp\/v2\/product"}],"about":[{"href":"https:\/\/monditaly.com\/kauppa\/wp-json\/wp\/v2\/types\/product"}],"wp:featuredmedia":[{"embeddable":true,"href":"https:\/\/monditaly.com\/kauppa\/wp-json\/wp\/v2\/media\/3306"}],"wp:attachment":[{"href":"https:\/\/monditaly.com\/kauppa\/wp-json\/wp\/v2\/media?parent=2931"}],"wp:term":[{"taxonomy":"product_brand","embeddable":true,"href":"https:\/\/monditaly.com\/kauppa\/wp-json\/wp\/v2\/product_brand?post=2931"},{"taxonomy":"product_cat","embeddable":true,"href":"https:\/\/monditaly.com\/kauppa\/wp-json\/wp\/v2\/product_cat?post=2931"},{"taxonomy":"product_tag","embeddable":true,"href":"https:\/\/monditaly.com\/kauppa\/wp-json\/wp\/v2\/product_tag?post=2931"}],"curies":[{"name":"wp","href":"https:\/\/api.w.org\/{rel}","templated":true}]}}