{"id":2956,"date":"2022-09-14T12:59:07","date_gmt":"2022-09-14T09:59:07","guid":{"rendered":"https:\/\/monditaly.com\/kauppa\/?post_type=product&#038;p=2956"},"modified":"2024-06-07T12:01:13","modified_gmt":"2024-06-07T09:01:13","slug":"sgambaro-paccheri-rigati-pasta-1ltk","status":"publish","type":"product","link":"https:\/\/monditaly.com\/kauppa\/tuote\/sgambaro-paccheri-rigati-pasta-1ltk\/","title":{"rendered":"Sgambaro Paccheri Rigati pasta 1ltk (500g x 16kpl)"},"content":{"rendered":"<h3>Ainesosat \/ Ingredienser:<\/h3>\n<p>100% italialaista durumvehn\u00e4jauhoa<br \/>\n100 % italiensk durumvetegryn<\/p>\n<h3>Ravintoarvot per 100g \/ N\u00e4ringsv\u00e4rde per 100g:<\/h3>\n<p>Energia \/ Energi 1512kJ \/ 357kcal<br \/>\nRasva \/ Fett 1,5g, josta tyydyttynytt\u00e4 \/ varav m\u00e4ttade 0,3g<br \/>\nHiilihydraatit \/ Kolhydrater 69g, josta sokereita \/ varav sockerarter 1,4g<br \/>\nKuitu \/ Fiber 3,5g<br \/>\nProteiini \/ Protein 15g<br \/>\nSuola \/ Salt &lt;0,01g<\/p>\n","protected":false},"excerpt":{"rendered":"<p>Parhaista raaka-aineista vastuullisesti tuotettu pasta. Valmistettu vihre\u00e4\u00e4 energiaa k\u00e4ytt\u00e4en 100% italialaisesta vehn\u00e4st\u00e4. Viljat tuotteisiin tulevat myllyn vieress\u00e4 sijaitsevilta pelloilta ja niiden s\u00e4ilytysaika on lyhyt; vehn\u00e4njyv\u00e4t jauhetaan ja k\u00e4sitell\u00e4\u00e4n heti, joka takaa jauhojen tuoreuden ja v\u00e4hent\u00e4\u00e4 kuljetuksista syntyvi\u00e4 ymp\u00e4rist\u00f6vaikutuksia.<\/p>\n<p>Responsibly produced pasta from the best ingredients. Made using green energy from 100% Italian wheat. The grain of our pasta comes mostly from fields located next to our mill. By avoiding long storage times the freshness of our flours can be guaranteed and this drastically reduces the impact of transport\u00a0on the environment.<\/p>\n","protected":false},"featured_media":2958,"template":"","meta":[],"product_brand":[],"product_cat":[46,110,74,157],"product_tag":[],"class_list":{"0":"post-2956","1":"product","2":"type-product","3":"status-publish","4":"has-post-thumbnail","6":"product_cat-teolliset_elintarvikkeet","7":"product_cat-horeca-teolliset-elintarvikkeet","8":"product_cat-kuivat-elintarvikkeet-horeca","9":"product_cat-kuiva-pasta-horeca","10":"product_shipping_class-horeca","12":"first","13":"instock","14":"taxable","15":"shipping-taxable","16":"product-type-simple"},"_links":{"self":[{"href":"https:\/\/monditaly.com\/kauppa\/wp-json\/wp\/v2\/product\/2956","targetHints":{"allow":["GET"]}}],"collection":[{"href":"https:\/\/monditaly.com\/kauppa\/wp-json\/wp\/v2\/product"}],"about":[{"href":"https:\/\/monditaly.com\/kauppa\/wp-json\/wp\/v2\/types\/product"}],"wp:featuredmedia":[{"embeddable":true,"href":"https:\/\/monditaly.com\/kauppa\/wp-json\/wp\/v2\/media\/2958"}],"wp:attachment":[{"href":"https:\/\/monditaly.com\/kauppa\/wp-json\/wp\/v2\/media?parent=2956"}],"wp:term":[{"taxonomy":"product_brand","embeddable":true,"href":"https:\/\/monditaly.com\/kauppa\/wp-json\/wp\/v2\/product_brand?post=2956"},{"taxonomy":"product_cat","embeddable":true,"href":"https:\/\/monditaly.com\/kauppa\/wp-json\/wp\/v2\/product_cat?post=2956"},{"taxonomy":"product_tag","embeddable":true,"href":"https:\/\/monditaly.com\/kauppa\/wp-json\/wp\/v2\/product_tag?post=2956"}],"curies":[{"name":"wp","href":"https:\/\/api.w.org\/{rel}","templated":true}]}}