{"id":2963,"date":"2022-09-14T14:26:11","date_gmt":"2022-09-14T11:26:11","guid":{"rendered":"https:\/\/monditaly.com\/kauppa\/?post_type=product&#038;p=2963"},"modified":"2024-08-09T19:52:18","modified_gmt":"2024-08-09T16:52:18","slug":"pastificio-temporin-linea-gourmet-fettucine-tuorepasta-1ltk","status":"publish","type":"product","link":"https:\/\/monditaly.com\/kauppa\/tuote\/pastificio-temporin-linea-gourmet-fettucine-tuorepasta-1ltk\/","title":{"rendered":"Pastificio Temporin Linea Gourmet Fettucine tuorepasta 1ltk (1kg x 5 kpl)"},"content":{"rendered":"<p>Allergeenitiedote: Mainitut ainesosat voivat aiheuttaa reaktioita allergisille tai intoleranteille henkil\u00f6ille<\/p>\n<p>Voi sis\u00e4lt\u00e4\u00e4 pieni\u00e4 m\u00e4\u00e4ri\u00e4 RAPUJA, KALAA, NILVIAISI\u00c4, MAAP\u00c4HKIN\u00d6IT\u00c4, P\u00c4HKIN\u00d6IT\u00c4, SINAPPIA<\/p>\n<p>S\u00e4ilytys: Pakattu suojakaasuun<\/p>\n<p>S\u00e4ilyt\u00e4 +4 &#8211; +6\u00b0C ja k\u00e4yt\u00e4 3 p\u00e4iv\u00e4n kuluessa<\/p>\n<h3>Ainesosat \/ Ingredienser:<\/h3>\n<p>Durumvehn\u00e4jauho, munat 20%<\/p>\n<p><span style=\"font-size: 14.4px\">Durumvetemj\u00f6l, \u00e4gg 20%<\/span><\/p>\n<h3>Ravintoarvot per 100g \/ N\u00e4ringsv\u00e4rde per 100g:<\/h3>\n<p>Energia \/ Energi 1253 kJ \/ 296 kcal<br \/>\nRasva \/ Fett 2,8 g<br \/>\njosta tyydyttynytt\u00e4 \/ varav m\u00e4ttade 0,8 g<br \/>\nHiilihydraatit \/ Kolhydrater 55 g<br \/>\njoista sokereita \/ varav sockerarter 1,7 g<br \/>\nProteiini \/ Protein 11 g<br \/>\nSuola \/ Salt 0,09 g<\/p>\n","protected":false},"excerpt":{"rendered":"<p>Linea Gourmetin tuoreessa pastassa yhdistyv\u00e4t perinteisen tuotteen yksinkertaisuus, tuoreus ja hienostuneisuus.<\/p>\n<p><strong>Tuote myyd\u00e4\u00e4n myyntier\u00e4n\u00e4 1 ltk (5 kpl). \/ Sales unit 1 box (5 pcs).<\/strong><\/p>\n","protected":false},"featured_media":0,"template":"","meta":[],"product_brand":[],"product_cat":[36,163,164],"product_tag":[345],"class_list":{"0":"post-2963","1":"product","2":"type-product","3":"status-publish","5":"product_cat-viileat","6":"product_cat-viileat-horeca","7":"product_cat-tuorepasta-horeca","8":"product_tag-fresh-pasta","9":"product_shipping_class-viileat-pakaste","11":"first","12":"onbackorder","13":"taxable","14":"shipping-taxable","15":"product-type-simple"},"_links":{"self":[{"href":"https:\/\/monditaly.com\/kauppa\/wp-json\/wp\/v2\/product\/2963","targetHints":{"allow":["GET"]}}],"collection":[{"href":"https:\/\/monditaly.com\/kauppa\/wp-json\/wp\/v2\/product"}],"about":[{"href":"https:\/\/monditaly.com\/kauppa\/wp-json\/wp\/v2\/types\/product"}],"wp:attachment":[{"href":"https:\/\/monditaly.com\/kauppa\/wp-json\/wp\/v2\/media?parent=2963"}],"wp:term":[{"taxonomy":"product_brand","embeddable":true,"href":"https:\/\/monditaly.com\/kauppa\/wp-json\/wp\/v2\/product_brand?post=2963"},{"taxonomy":"product_cat","embeddable":true,"href":"https:\/\/monditaly.com\/kauppa\/wp-json\/wp\/v2\/product_cat?post=2963"},{"taxonomy":"product_tag","embeddable":true,"href":"https:\/\/monditaly.com\/kauppa\/wp-json\/wp\/v2\/product_tag?post=2963"}],"curies":[{"name":"wp","href":"https:\/\/api.w.org\/{rel}","templated":true}]}}