{"id":2980,"date":"2022-09-16T11:03:25","date_gmt":"2022-09-16T08:03:25","guid":{"rendered":"https:\/\/monditaly.com\/kauppa\/?post_type=product&#038;p=2980"},"modified":"2024-06-07T12:01:12","modified_gmt":"2024-06-07T09:01:12","slug":"viander-valmispolenta-1ltk","status":"publish","type":"product","link":"https:\/\/monditaly.com\/kauppa\/tuote\/viander-valmispolenta-1ltk\/","title":{"rendered":"Viander valmispolenta 1ltk (500g x 10kpl)"},"content":{"rendered":"<h3>Ainesosat \/ Ingredienser:<\/h3>\n<p>Esikypsennetty maissijauho.<\/p>\n<p>F\u00f6rkokt majsmj\u00f6l.<\/p>\n<h3>Ravintoarvot per 100g \/ N\u00e4ringsv\u00e4rde per 100g:<\/h3>\n<p>Energia \/ Energi 1521 kJ \/ 359 kcal<br \/>\nRasva \/ Fett 1,6 g<br \/>\njosta tyydyttynytt\u00e4 \/ varav m\u00e4ttade 0,33 g<br \/>\nHiilihydraatit \/ Kolhydrater 77,5 g<br \/>\njoista sokereita \/ varav sockerarter 0,86 g<br \/>\nKuitu \/ Fiber 2,7 g<br \/>\nProteiini \/ Protein 7,2 g<br \/>\nSuola \/ Salt 0,001 g<\/p>\n","protected":false},"excerpt":{"rendered":"<p><strong>Tuotetta myyd\u00e4\u00e4n laatikon myyntieriss\u00e4 (10kpl\/1ltk). \/ Sales unit 1 box (10 pcs).<\/strong><\/p>\n<p>Italiassa viljelty maissi.<\/p>\n<p>Corn grown in Italy.<\/p>\n","protected":false},"featured_media":2981,"template":"","meta":[],"product_brand":[],"product_cat":[46,110,74,217],"product_tag":[],"class_list":{"0":"post-2980","1":"product","2":"type-product","3":"status-publish","4":"has-post-thumbnail","6":"product_cat-teolliset_elintarvikkeet","7":"product_cat-horeca-teolliset-elintarvikkeet","8":"product_cat-kuivat-elintarvikkeet-horeca","9":"product_cat-muut-valmisteet-horeca","10":"product_shipping_class-horeca","12":"first","13":"onbackorder","14":"taxable","15":"shipping-taxable","16":"product-type-simple"},"_links":{"self":[{"href":"https:\/\/monditaly.com\/kauppa\/wp-json\/wp\/v2\/product\/2980","targetHints":{"allow":["GET"]}}],"collection":[{"href":"https:\/\/monditaly.com\/kauppa\/wp-json\/wp\/v2\/product"}],"about":[{"href":"https:\/\/monditaly.com\/kauppa\/wp-json\/wp\/v2\/types\/product"}],"wp:featuredmedia":[{"embeddable":true,"href":"https:\/\/monditaly.com\/kauppa\/wp-json\/wp\/v2\/media\/2981"}],"wp:attachment":[{"href":"https:\/\/monditaly.com\/kauppa\/wp-json\/wp\/v2\/media?parent=2980"}],"wp:term":[{"taxonomy":"product_brand","embeddable":true,"href":"https:\/\/monditaly.com\/kauppa\/wp-json\/wp\/v2\/product_brand?post=2980"},{"taxonomy":"product_cat","embeddable":true,"href":"https:\/\/monditaly.com\/kauppa\/wp-json\/wp\/v2\/product_cat?post=2980"},{"taxonomy":"product_tag","embeddable":true,"href":"https:\/\/monditaly.com\/kauppa\/wp-json\/wp\/v2\/product_tag?post=2980"}],"curies":[{"name":"wp","href":"https:\/\/api.w.org\/{rel}","templated":true}]}}