{"id":2998,"date":"2022-09-19T14:30:57","date_gmt":"2022-09-19T11:30:57","guid":{"rendered":"https:\/\/monditaly.com\/kauppa\/?post_type=product&#038;p=2998"},"modified":"2025-06-30T12:21:54","modified_gmt":"2025-06-30T09:21:54","slug":"ibis-milanon-salami-3kg","status":"publish","type":"product","link":"https:\/\/monditaly.com\/kauppa\/tuote\/ibis-milanon-salami-3kg\/","title":{"rendered":"Ibis Milanon salami 3kg"},"content":{"rendered":"<h3>Ainesosat \/ Ingredienser:<\/h3>\n<p>Sianliha, suola, dekstroosi, makuaineet, mausteet, hapettumisenestoaine: natriumaskorbaatti (E301), s\u00e4il\u00f6nt\u00e4aineet: natriumnitriitti (E250), kaliumnitraatti (E252).<\/p>\n<p>Fl\u00e4sk, salt, dextros, smak\u00e4mnen, kryddor, antioxidant: natriumaskorbat (E301), konserveringsmedel: natriumnitrit (E250), kaliumnitrat (E252).<\/p>\n<h3>Ravintoarvot per 100g \/ N\u00e4ringsv\u00e4rde per 100g:<\/h3>\n<p>Energia \/ Energi 1561 kJ \/ 377 Kcal<br \/>\nRasva \/ Fett 32,0 g<br \/>\njosta tyydyttynytt\u00e4 \/ varav m\u00e4ttade 11,8 g<br \/>\nHiilihydraatit \/ Kolhydrater 0,2 g<br \/>\njoista sokereita \/ varav sockerarter 0,2 g<br \/>\nProteiini \/ Protein 22,0 g<br \/>\nKuitu \/ Fiber 0,0 g<br \/>\nSuola \/ Salt 4,00 g<br \/>\nNatrium &#8211;<\/p>\n","protected":false},"excerpt":{"rendered":"<p>Hienojauhettu Milanon salami, joka on valmistettu italialaisten perinteiden mukaan. Valikoidut porsaanlihan palat on jauhettu ja sekoitettu suolaan ja mausteisiin.<\/p>\n<p>Finely ground Milanese salami, prepared according to Italian traditions. Selected pieces of pork are ground and mixed with salt and spices.<\/p>\n","protected":false},"featured_media":7076,"template":"","meta":[],"product_brand":[],"product_cat":[196,110,36,163,165,166],"product_tag":[304,325,308,305],"class_list":{"0":"post-2998","1":"product","2":"type-product","3":"status-publish","4":"has-post-thumbnail","6":"product_cat-kilokauppa","7":"product_cat-horeca-teolliset-elintarvikkeet","8":"product_cat-viileat","9":"product_cat-viileat-horeca","10":"product_cat-lihat-horeca","11":"product_cat-salamit-ja-kinkut-horeca","12":"product_tag-gluteeniton","13":"product_tag-gluten-free","14":"product_tag-lactose-free","15":"product_tag-laktoositon","16":"product_shipping_class-viileat-pakaste","18":"first","19":"outofstock","20":"taxable","21":"shipping-taxable","22":"product-type-simple"},"_links":{"self":[{"href":"https:\/\/monditaly.com\/kauppa\/wp-json\/wp\/v2\/product\/2998","targetHints":{"allow":["GET"]}}],"collection":[{"href":"https:\/\/monditaly.com\/kauppa\/wp-json\/wp\/v2\/product"}],"about":[{"href":"https:\/\/monditaly.com\/kauppa\/wp-json\/wp\/v2\/types\/product"}],"wp:featuredmedia":[{"embeddable":true,"href":"https:\/\/monditaly.com\/kauppa\/wp-json\/wp\/v2\/media\/7076"}],"wp:attachment":[{"href":"https:\/\/monditaly.com\/kauppa\/wp-json\/wp\/v2\/media?parent=2998"}],"wp:term":[{"taxonomy":"product_brand","embeddable":true,"href":"https:\/\/monditaly.com\/kauppa\/wp-json\/wp\/v2\/product_brand?post=2998"},{"taxonomy":"product_cat","embeddable":true,"href":"https:\/\/monditaly.com\/kauppa\/wp-json\/wp\/v2\/product_cat?post=2998"},{"taxonomy":"product_tag","embeddable":true,"href":"https:\/\/monditaly.com\/kauppa\/wp-json\/wp\/v2\/product_tag?post=2998"}],"curies":[{"name":"wp","href":"https:\/\/api.w.org\/{rel}","templated":true}]}}