{"id":3055,"date":"2022-10-19T11:36:35","date_gmt":"2022-10-19T08:36:35","guid":{"rendered":"https:\/\/monditaly.com\/kauppa\/?post_type=product&#038;p=3055"},"modified":"2026-01-02T00:43:30","modified_gmt":"2026-01-01T22:43:30","slug":"losi-rosso-igt-toscana-cavalier-tranquillo-1ltk","status":"publish","type":"product","link":"https:\/\/monditaly.com\/kauppa\/tuote\/losi-rosso-igt-toscana-cavalier-tranquillo-1ltk\/","title":{"rendered":"Losi Rosso IGT Toscana Cavalier Tranquillo 1ltk (0,75l x 12 plo)"},"content":{"rendered":"<p>Maa: Italia<br \/>\nAlue: Toscana<br \/>\nViinityyppi: Punaviini<br \/>\nPullokoko: 0,75 l<br \/>\nRyp\u00e4leet: Sangiovese, Canaiolo Toscano, Tuscan white<br \/>\nSokerit:\u00a0 g\/l<br \/>\nHapot:\u00a0 g\/l<br \/>\nAlkoholi: 13 %<\/p>\n<p>Tuoksu: Raikkaan kukkainen ja hedelm\u00e4inen ripauksella kirsikkaa ja punaherukkaa, kevyesti mausteinen.<br \/>\nMaku: T\u00e4ytel\u00e4inen, tasapainoisen ja py\u00f6re\u00e4n tanniininen, miellytt\u00e4v\u00e4n hapokas, viipyilev\u00e4 j\u00e4lkimaku.<\/p>\n","protected":false},"excerpt":{"rendered":"<p id=\"tw-target-text\" class=\"tw-data-text tw-text-large tw-ta\" dir=\"ltr\" data-placeholder=\"Translation\">Viinin ryp\u00e4lesekoitus mukailee Chianti Classico -viinien perinteist\u00e4 resepti\u00e4 modernilla tyylill\u00e4. Vuosisatoja vanhoilta Losin viinitarhoilta saatu viini on kypsytetty ter\u00e4ksen ja sementin alla. T\u00e4m\u00e4 s\u00e4ilytt\u00e4\u00e4 viinille ominaiset kirsikan ja punaherukan aromit, joita ympyr\u00f6iv\u00e4t hienovaraiset kukka- ja mauste-aromit, py\u00f6re\u00e4t tanniinit sek\u00e4 energinen hapokkuus.<\/p>\n<p dir=\"ltr\" data-placeholder=\"Translation\">Wine\u2019s blend was once the traditional cepage for Chianti Classico wines. Today, it represents a harmonious, fresh take on the style. Hand-sourced from centuries-old Losi vineyards, this wine is vinified under steel and cement. This preserves the wine&#8217;s bright display of cherry and red currant, supported by subtle floral and white spice aromatics across round tannins and energetic acidity.<\/p>\n","protected":false},"featured_media":3057,"template":"","meta":[],"product_brand":[],"product_cat":[23,294,352,353],"product_tag":[356,357],"class_list":{"0":"post-3055","1":"product","2":"type-product","3":"status-publish","4":"has-post-thumbnail","6":"product_cat-juomat","7":"product_cat-juomat-horeca","8":"product_cat-viinit","9":"product_cat-punaviinit","10":"product_tag-punaviini","11":"product_tag-red-wine","12":"product_shipping_class-horeca","14":"first","15":"instock","16":"taxable","17":"shipping-taxable","18":"product-type-simple"},"_links":{"self":[{"href":"https:\/\/monditaly.com\/kauppa\/wp-json\/wp\/v2\/product\/3055","targetHints":{"allow":["GET"]}}],"collection":[{"href":"https:\/\/monditaly.com\/kauppa\/wp-json\/wp\/v2\/product"}],"about":[{"href":"https:\/\/monditaly.com\/kauppa\/wp-json\/wp\/v2\/types\/product"}],"wp:featuredmedia":[{"embeddable":true,"href":"https:\/\/monditaly.com\/kauppa\/wp-json\/wp\/v2\/media\/3057"}],"wp:attachment":[{"href":"https:\/\/monditaly.com\/kauppa\/wp-json\/wp\/v2\/media?parent=3055"}],"wp:term":[{"taxonomy":"product_brand","embeddable":true,"href":"https:\/\/monditaly.com\/kauppa\/wp-json\/wp\/v2\/product_brand?post=3055"},{"taxonomy":"product_cat","embeddable":true,"href":"https:\/\/monditaly.com\/kauppa\/wp-json\/wp\/v2\/product_cat?post=3055"},{"taxonomy":"product_tag","embeddable":true,"href":"https:\/\/monditaly.com\/kauppa\/wp-json\/wp\/v2\/product_tag?post=3055"}],"curies":[{"name":"wp","href":"https:\/\/api.w.org\/{rel}","templated":true}]}}