{"id":3060,"date":"2022-10-19T13:26:28","date_gmt":"2022-10-19T10:26:28","guid":{"rendered":"https:\/\/monditaly.com\/kauppa\/?post_type=product&#038;p=3060"},"modified":"2026-01-02T00:40:38","modified_gmt":"2026-01-01T22:40:38","slug":"losi-cavalier-tranquillo-bianco-toscana-igt-1ltk","status":"publish","type":"product","link":"https:\/\/monditaly.com\/kauppa\/tuote\/losi-cavalier-tranquillo-bianco-toscana-igt-1ltk\/","title":{"rendered":"Losi Cavalier Tranquillo Bianco Toscana IGT 1ltk (0,75l x 12 plo)"},"content":{"rendered":"<p>Maa: Italia<br \/>\nAlue: Toscana<br \/>\nViinityyppi: Valkoviini<br \/>\nPullokoko: 0,75 l<br \/>\nRyp\u00e4leet: Trebbiano Toscano, Malvasia del Chianti<br \/>\nSokerit: g\/l<br \/>\nHapot: g\/l<br \/>\nAlkoholi: 12 %<\/p>\n<p>Tuoksu: Hienostunut, elegantti, hedelm\u00e4inen.<br \/>\nMaku: Raikas, kevyt, pehme\u00e4, hedelm\u00e4inen, pitk\u00e4 j\u00e4lkimaku.<\/p>\n","protected":false},"excerpt":{"rendered":"<p dir=\"ltr\" data-placeholder=\"Translation\">Parhaista valkoisista Malvasia- ja Trebbiano -alkuper\u00e4isryp\u00e4leist\u00e4 tehty, hienostunut viini. Ryp\u00e4leet on ker\u00e4tty perinteisesti k\u00e4sin kylmemm\u00e4ll\u00e4 ajanjaksolla.<\/p>\n<p id=\"tw-target-text\" class=\"tw-data-text tw-text-large tw-ta\" dir=\"ltr\" data-placeholder=\"Translation\">The best selection of white autochthonous grapes, a careful traditional hand harvest in a cooler period respecting of the territory represent the main feature of this refined wine, appreciated for its fragrance, and for its aromatic definition. Natural fermentation of the free-run juice and autochthonous Malvasia and Trebbiano grapes further enhance freshness and scents.<\/p>\n","protected":false},"featured_media":3064,"template":"","meta":[],"product_brand":[],"product_cat":[23,294,352,354],"product_tag":[369,358],"class_list":{"0":"post-3060","1":"product","2":"type-product","3":"status-publish","4":"has-post-thumbnail","6":"product_cat-juomat","7":"product_cat-juomat-horeca","8":"product_cat-viinit","9":"product_cat-valkoviinit","10":"product_tag-valkoviini","11":"product_tag-white-wine","12":"product_shipping_class-horeca","14":"first","15":"instock","16":"taxable","17":"shipping-taxable","18":"product-type-simple"},"_links":{"self":[{"href":"https:\/\/monditaly.com\/kauppa\/wp-json\/wp\/v2\/product\/3060","targetHints":{"allow":["GET"]}}],"collection":[{"href":"https:\/\/monditaly.com\/kauppa\/wp-json\/wp\/v2\/product"}],"about":[{"href":"https:\/\/monditaly.com\/kauppa\/wp-json\/wp\/v2\/types\/product"}],"wp:featuredmedia":[{"embeddable":true,"href":"https:\/\/monditaly.com\/kauppa\/wp-json\/wp\/v2\/media\/3064"}],"wp:attachment":[{"href":"https:\/\/monditaly.com\/kauppa\/wp-json\/wp\/v2\/media?parent=3060"}],"wp:term":[{"taxonomy":"product_brand","embeddable":true,"href":"https:\/\/monditaly.com\/kauppa\/wp-json\/wp\/v2\/product_brand?post=3060"},{"taxonomy":"product_cat","embeddable":true,"href":"https:\/\/monditaly.com\/kauppa\/wp-json\/wp\/v2\/product_cat?post=3060"},{"taxonomy":"product_tag","embeddable":true,"href":"https:\/\/monditaly.com\/kauppa\/wp-json\/wp\/v2\/product_tag?post=3060"}],"curies":[{"name":"wp","href":"https:\/\/api.w.org\/{rel}","templated":true}]}}