{"id":3067,"date":"2022-10-19T14:52:06","date_gmt":"2022-10-19T11:52:06","guid":{"rendered":"https:\/\/monditaly.com\/kauppa\/?post_type=product&#038;p=3067"},"modified":"2024-12-09T14:51:03","modified_gmt":"2024-12-09T12:51:03","slug":"polara-limonata-limonadi-1ltk","status":"publish","type":"product","link":"https:\/\/monditaly.com\/kauppa\/tuote\/polara-limonata-limonadi-1ltk\/","title":{"rendered":"Polara Limonata limonadi 1ltk (0,275ml x 24 plo)"},"content":{"rendered":"<h3>Ainesosat \/ Ingredienser:<\/h3>\n<p id=\"tw-target-text\" class=\"tw-data-text tw-text-large tw-ta\" dir=\"ltr\" data-placeholder=\"Translation\">Vesi, sisilialainen sitruunamehu tiivisteest\u00e4 15%, hiilidioksidi, sokeri, happamuutta s\u00e4\u00e4telev\u00e4 aine: sitruunahappo, Sisilian luontainen sitruuna-aromi, s\u00e4il\u00f6nt\u00e4aine: natriumbentsoaatti.<\/p>\n<p dir=\"ltr\" data-placeholder=\"Translation\">Vatten, siciliansk citronsaft fr\u00e5n koncentrat 15%, koldioxid, socker, surhetsreglerande medel: citronsyra, naturlig siciliansk citronsmak, konserveringsmedel: natriumbensoat.<\/p>\n<h3>Ravintoarvot \/ N\u00e4ringsv\u00e4rde:<\/h3>\n<p>Energia \/ Energi 187 kJ \/ 44 kcal<br \/>\nRasva \/ Fett 0,0 g<br \/>\njosta tyydyttynytt\u00e4 \/ varav m\u00e4ttade 0,0 g<br \/>\nHiilihydraatit \/ Kolhydrat 11 g<br \/>\njoista sokereita \/ varav sockerarter 10,5 g<br \/>\nKuitu \/ Fiber 0,0 g<br \/>\nProteiini \/ Protein 0,1 g<br \/>\nSuola \/ Salt 0,0 g<\/p>\n<p>&nbsp;<\/p>\n","protected":false},"excerpt":{"rendered":"<p><strong>Tuote myyd\u00e4\u00e4n myyntier\u00e4n\u00e4 1 ltk (4 x 6 plo = 24 plo). \/ Sales unit 1 box (4 x 6 bottles = 24 bottles).<\/strong><\/p>\n<p>Perinteisell\u00e4 reseptill\u00e4 valmistettu limonadi parhaista raaka-aineista, joka vie maullaan Sisilian historiaan. Linja on suunniteltu HoReCa-k\u00e4ytt\u00f6\u00f6n ja sen klassisen elegantti br\u00e4ndi vetoaa nostalgisiin kuluttajiin. Raikas, virkist\u00e4v\u00e4 ja aidon maukas limonadi sopii t\u00e4ydellisesti italialaisen ruoan kanssa.<\/p>\n<p id=\"tw-target-text\" class=\"tw-data-text tw-text-large tw-ta\" dir=\"ltr\" data-placeholder=\"Translation\">Lemonade made with a traditional Sicilian recipe from the best ingredients, which takes you to the history of Sicily with its taste. The line is designed for HoReCa use and its classically elegant brand appeals to nostalgic consumers. Fresh, refreshing and really tasty lemonade goes perfectly with Italian food.<\/p>\n","protected":false},"featured_media":5404,"template":"","meta":[],"product_brand":[],"product_cat":[23,294,419],"product_tag":[416,417,418],"class_list":{"0":"post-3067","1":"product","2":"type-product","3":"status-publish","4":"has-post-thumbnail","6":"product_cat-juomat","7":"product_cat-juomat-horeca","8":"product_cat-virvoitusjuomat","9":"product_tag-lemonade","10":"product_tag-limsa","11":"product_tag-virvoitusjuoma","12":"product_shipping_class-horeca","14":"first","15":"instock","16":"taxable","17":"shipping-taxable","18":"product-type-simple"},"_links":{"self":[{"href":"https:\/\/monditaly.com\/kauppa\/wp-json\/wp\/v2\/product\/3067","targetHints":{"allow":["GET"]}}],"collection":[{"href":"https:\/\/monditaly.com\/kauppa\/wp-json\/wp\/v2\/product"}],"about":[{"href":"https:\/\/monditaly.com\/kauppa\/wp-json\/wp\/v2\/types\/product"}],"wp:featuredmedia":[{"embeddable":true,"href":"https:\/\/monditaly.com\/kauppa\/wp-json\/wp\/v2\/media\/5404"}],"wp:attachment":[{"href":"https:\/\/monditaly.com\/kauppa\/wp-json\/wp\/v2\/media?parent=3067"}],"wp:term":[{"taxonomy":"product_brand","embeddable":true,"href":"https:\/\/monditaly.com\/kauppa\/wp-json\/wp\/v2\/product_brand?post=3067"},{"taxonomy":"product_cat","embeddable":true,"href":"https:\/\/monditaly.com\/kauppa\/wp-json\/wp\/v2\/product_cat?post=3067"},{"taxonomy":"product_tag","embeddable":true,"href":"https:\/\/monditaly.com\/kauppa\/wp-json\/wp\/v2\/product_tag?post=3067"}],"curies":[{"name":"wp","href":"https:\/\/api.w.org\/{rel}","templated":true}]}}