{"id":3073,"date":"2022-10-19T15:38:56","date_gmt":"2022-10-19T12:38:56","guid":{"rendered":"https:\/\/monditaly.com\/kauppa\/?post_type=product&#038;p=3073"},"modified":"2026-01-02T11:56:25","modified_gmt":"2026-01-02T09:56:25","slug":"selva-capuzza-groppello-san-biagio-rosso-1ltk","status":"publish","type":"product","link":"https:\/\/monditaly.com\/kauppa\/tuote\/selva-capuzza-groppello-san-biagio-rosso-1ltk\/","title":{"rendered":"Selva Capuzza Groppello San Biagio Rosso 1ltk (0,75l x 6 plo)"},"content":{"rendered":"<p>Maa: Italia<br \/>\nAlue:<br \/>\nViinityyppi: Punaviini<br \/>\nPullokoko: 0,75 l<br \/>\nRyp\u00e4leet: Groppello<br \/>\nSokerit: g\/l<br \/>\nHapot: g\/l<br \/>\nAlkoholi: %<\/p>\n<p>Tuoksu:<br \/>\nMaku:<\/p>\n","protected":false},"excerpt":{"rendered":"<p><span style=\"font-weight: 400;\">Gardan laatuviinialueen punaviini Groppello -ryp\u00e4leest\u00e4, joka on yksi alueen t\u00e4rkeimmist\u00e4 lajikkeista. Keskit\u00e4ytel\u00e4inen ja melko v\u00e4h\u00e4tanniininen viini, jonka tuoksusta ja mausta l\u00f6ytyy muun muassa kirsikkaa, mausteisuutta ja p\u00e4hkin\u00e4\u00e4. <\/span><span style=\"font-weight: 400;\">Hyv\u00e4 viini vaaleammille liharuoille ja vaikka lohelle hieman viilennettyn\u00e4.<\/span><\/p>\n<p>Red wine from the Garda region, made from the Groppello grape, which is one of the most important varieties in the region. A medium-bodied and fairly low-tannic wine, whose aroma and taste include cherry, spices and nuts. Pairs well with light meat dishes.<\/p>\n","protected":false},"featured_media":3076,"template":"","meta":[],"product_brand":[],"product_cat":[23,294,352,353],"product_tag":[356,357],"class_list":{"0":"post-3073","1":"product","2":"type-product","3":"status-publish","4":"has-post-thumbnail","6":"product_cat-juomat","7":"product_cat-juomat-horeca","8":"product_cat-viinit","9":"product_cat-punaviinit","10":"product_tag-punaviini","11":"product_tag-red-wine","12":"product_shipping_class-horeca","14":"first","15":"instock","16":"taxable","17":"shipping-taxable","18":"product-type-simple"},"_links":{"self":[{"href":"https:\/\/monditaly.com\/kauppa\/wp-json\/wp\/v2\/product\/3073","targetHints":{"allow":["GET"]}}],"collection":[{"href":"https:\/\/monditaly.com\/kauppa\/wp-json\/wp\/v2\/product"}],"about":[{"href":"https:\/\/monditaly.com\/kauppa\/wp-json\/wp\/v2\/types\/product"}],"wp:featuredmedia":[{"embeddable":true,"href":"https:\/\/monditaly.com\/kauppa\/wp-json\/wp\/v2\/media\/3076"}],"wp:attachment":[{"href":"https:\/\/monditaly.com\/kauppa\/wp-json\/wp\/v2\/media?parent=3073"}],"wp:term":[{"taxonomy":"product_brand","embeddable":true,"href":"https:\/\/monditaly.com\/kauppa\/wp-json\/wp\/v2\/product_brand?post=3073"},{"taxonomy":"product_cat","embeddable":true,"href":"https:\/\/monditaly.com\/kauppa\/wp-json\/wp\/v2\/product_cat?post=3073"},{"taxonomy":"product_tag","embeddable":true,"href":"https:\/\/monditaly.com\/kauppa\/wp-json\/wp\/v2\/product_tag?post=3073"}],"curies":[{"name":"wp","href":"https:\/\/api.w.org\/{rel}","templated":true}]}}