{"id":3097,"date":"2022-10-20T15:10:19","date_gmt":"2022-10-20T12:10:19","guid":{"rendered":"https:\/\/monditaly.com\/kauppa\/?post_type=product&#038;p=3097"},"modified":"2024-07-06T12:29:20","modified_gmt":"2024-07-06T09:29:20","slug":"viander-zingara-vihannessekoitus-1700g","status":"publish","type":"product","link":"https:\/\/monditaly.com\/kauppa\/tuote\/viander-zingara-vihannessekoitus-1700g\/","title":{"rendered":"Viander Zingara vihannessekoitus 1700g"},"content":{"rendered":"<h3>Ainesosat \/ Ingredienser:<\/h3>\n<p>Sekoitus vihanneksia vaihtelevassa suhteessa 84% [punaiset ja keltaiset paprikat, herkkusieni (Agaricus bisporus), viljelytuppisieni (Volvariella Volvacea), vihre\u00e4t oliivit, mustat oliivit, kaprikset], auringonkukka\u00f6ljy, viinietikka, suola, happamuudens\u00e4\u00e4t\u00f6aine: sitruunahappo (E330), hapettumisenestoaine: askorbiinihappo\u00a0(E300). <span data-sheets-formula-bar-text-style=\"font-size:13px;color:#000000;font-weight:normal;text-decoration:none;font-family:'docs-Roboto';font-style:normal;text-decoration-skip-ink:none;\">Sis\u00e4lt\u00e4\u00e4 <\/span><strong>sulfiitteja.<\/strong><\/p>\n<p>En blandning av gr\u00f6nsaker i varierande proportioner 84% [r\u00f6d och gul paprika, champinjon (Agaricus bisporus), svamp (Volvariella Volvacea), gr\u00f6na oliver, svarta oliver, kapris], solrosolja, vin\u00e4ger, salt, surhetsreglerande medel: citronsyra (E330) , antioxidant: askorbinsyra (E300). Inneh\u00e5ller <strong>sulfiter.<\/strong><\/p>\n<h3>Ravintoarvot per 100g \/ N\u00e4ringsv\u00e4rde per 100g:<\/h3>\n<p>Energia \/ Energi 361 kJ \/ 87 kcal<br \/>\nRasva \/ Fett 7,7 g<br \/>\njosta tyydyttynytt\u00e4 \/ varav m\u00e4ttade 0,9 g<br \/>\nHiilihydraatit \/ Kolhydrater 2,3 g<br \/>\njoista sokereita \/ varav sockerarter 2,3 g<br \/>\nKuitu \/ Fiber 0,0 g<br \/>\nProteiini \/ Protein 1,6 g<br \/>\nSuola \/ Salt 1,9 g<\/p>\n","protected":false},"excerpt":{"rendered":"<p>Sekoitus vihanneksia, jotka on paloiteltu tasaisesti, s\u00e4il\u00f6tty auringonkukka\u00f6ljyyn ja pakattu alumiinipussiin. Tuote on past\u00f6roitu F85&gt;30, joka takaa tuotteen steriiliyden.<\/p>\n<p>A mixture of vegetables that have been chopped evenly, preserved in sunflower oil and packed in an aluminum bag. The product is pasteurized F85&gt;30, which guarantees the sterility of the product.<\/p>\n","protected":false},"featured_media":3098,"template":"","meta":[],"product_brand":[],"product_cat":[46,110,70,81],"product_tag":[421],"class_list":{"0":"post-3097","1":"product","2":"type-product","3":"status-publish","4":"has-post-thumbnail","6":"product_cat-teolliset_elintarvikkeet","7":"product_cat-horeca-teolliset-elintarvikkeet","8":"product_cat-sailykkeet-horeca","9":"product_cat-vihannekset-horeca","10":"product_tag-vegetables","11":"product_shipping_class-horeca","13":"first","14":"instock","15":"taxable","16":"shipping-taxable","17":"product-type-simple"},"_links":{"self":[{"href":"https:\/\/monditaly.com\/kauppa\/wp-json\/wp\/v2\/product\/3097","targetHints":{"allow":["GET"]}}],"collection":[{"href":"https:\/\/monditaly.com\/kauppa\/wp-json\/wp\/v2\/product"}],"about":[{"href":"https:\/\/monditaly.com\/kauppa\/wp-json\/wp\/v2\/types\/product"}],"wp:featuredmedia":[{"embeddable":true,"href":"https:\/\/monditaly.com\/kauppa\/wp-json\/wp\/v2\/media\/3098"}],"wp:attachment":[{"href":"https:\/\/monditaly.com\/kauppa\/wp-json\/wp\/v2\/media?parent=3097"}],"wp:term":[{"taxonomy":"product_brand","embeddable":true,"href":"https:\/\/monditaly.com\/kauppa\/wp-json\/wp\/v2\/product_brand?post=3097"},{"taxonomy":"product_cat","embeddable":true,"href":"https:\/\/monditaly.com\/kauppa\/wp-json\/wp\/v2\/product_cat?post=3097"},{"taxonomy":"product_tag","embeddable":true,"href":"https:\/\/monditaly.com\/kauppa\/wp-json\/wp\/v2\/product_tag?post=3097"}],"curies":[{"name":"wp","href":"https:\/\/api.w.org\/{rel}","templated":true}]}}