{"id":3100,"date":"2022-10-20T15:31:32","date_gmt":"2022-10-20T12:31:32","guid":{"rendered":"https:\/\/monditaly.com\/kauppa\/?post_type=product&#038;p=3100"},"modified":"2024-07-06T12:29:51","modified_gmt":"2024-07-06T09:29:51","slug":"viander-kaakaojuomajauhe-1000g","status":"publish","type":"product","link":"https:\/\/monditaly.com\/kauppa\/tuote\/viander-kaakaojuomajauhe-1000g\/","title":{"rendered":"Viander kaakaojuomajauhe 1000g"},"content":{"rendered":"<h3>Ainesosat \/ Ingredienser:<\/h3>\n<p>Sokeri, kaakaojauhe (31%), perunat\u00e4rkkelys, aromi, suola, sakeuttamisaine: E410 (Johanneksenleip\u00e4puujauhe). <span data-sheets-formula-bar-text-style=\"font-size:13px;color:#000000;font-weight:normal;text-decoration:none;font-family:'docs-Roboto';font-style:normal;text-decoration-skip-ink:none;\">Saattaa sis\u00e4lt\u00e4\u00e4 <\/span><strong>maitoa, p\u00e4hkin\u00f6it\u00e4, kananmunaa, soijaa<\/strong><span data-sheets-formula-bar-text-style=\"font-size:13px;color:#000000;font-weight:normal;text-decoration:none;font-family:'docs-Roboto';font-style:normal;text-decoration-skip-ink:none;\">. Gluteeniton.<\/span><\/p>\n<p>Socker, kakaopulver (31%), potatisst\u00e4rkelse, arom, salt, f\u00f6rtjockningsmedel: E410 (fruktk\u00e4rnmj\u00f6l). Kan inneh\u00e5lla <strong>mj\u00f6lk, n\u00f6tter, \u00e4gg, soja.<\/strong> Glutenfri.<\/p>\n<h3>Ravintoarvot per 100g \/ N\u00e4ringsv\u00e4rde per 100g:<\/h3>\n<p>Energia \/ Energi 1633 kJ \/ 386 kcal<br \/>\nRasva \/ Fett 6,7 g, joista tyydyttynytt\u00e4 \/ varav m\u00e4ttade 4,1 g<br \/>\nHiilihydraatit \/ Kolhydrater 71,0 g, joista sokereita \/ varav sockerarter 57,0 g<br \/>\nKuitu \/ Fiber 0,0 g<br \/>\nProteiini \/ Protein 5,7 g<br \/>\nSuola \/ Salt 0,8 g<\/p>\n","protected":false},"excerpt":{"rendered":"<p><span data-sheets-formula-bar-text-style=\"font-size:13px;color:#000000;font-weight:bold;text-decoration:none;font-family:''Arial'';font-style:normal;text-decoration-skip-ink:none;\">Valmistus: Suklaajuomakone<\/span><span data-sheets-formula-bar-text-style=\"font-size:13px;color:#000000;font-weight:normal;text-decoration:none;font-family:'Arial';font-style:normal;text-decoration-skip-ink:none;\">: sekoita 250g tuotetta 1l maitoon (1kg tuotetta per 4l maitoa) ja laita suklaajuomakoneeseen. \u00c4l\u00e4 anna tuotteen j\u00e4\u00e4hty\u00e4 alle 72\u00b0 asteen. <\/span><span data-sheets-formula-bar-text-style=\"font-size:13px;color:#000000;font-weight:bold;text-decoration:none;font-family:''Arial'';font-style:normal;text-decoration-skip-ink:none;\">Yksitt\u00e4isannos<\/span><span data-sheets-formula-bar-text-style=\"font-size:13px;color:#000000;font-weight:normal;text-decoration:none;font-family:'Arial';font-style:normal;text-decoration-skip-ink:none;\">: laita 120ml maitoa kattilaan; lis\u00e4\u00e4 25-28g tuotetta ja sekoita hyvin. Sekoita tuotetta, kunnes se kiehuu. Tarjoile kupissa.<\/span><\/p>\n<p>Preparation: Chocolate drink machine: mix 250g of product with 1l of milk (1kg of product per 4l of milk) and put in the chocolate drink machine. Do not let the product cool below 72\u00b0 degrees. Single portion: put 120ml of milk in a pot; add 25-28g of the product and mix well. Stir the product until it boils. Serve in a cup.<\/p>\n","protected":false},"featured_media":3101,"template":"","meta":[],"product_brand":[],"product_cat":[46,110,74,158],"product_tag":[304,325,422],"class_list":{"0":"post-3100","1":"product","2":"type-product","3":"status-publish","4":"has-post-thumbnail","6":"product_cat-teolliset_elintarvikkeet","7":"product_cat-horeca-teolliset-elintarvikkeet","8":"product_cat-kuivat-elintarvikkeet-horeca","9":"product_cat-valmisteet-jauhe-horeca","10":"product_tag-gluteeniton","11":"product_tag-gluten-free","12":"product_tag-hot-chocolate","13":"product_shipping_class-horeca","15":"first","16":"instock","17":"taxable","18":"shipping-taxable","19":"product-type-simple"},"_links":{"self":[{"href":"https:\/\/monditaly.com\/kauppa\/wp-json\/wp\/v2\/product\/3100","targetHints":{"allow":["GET"]}}],"collection":[{"href":"https:\/\/monditaly.com\/kauppa\/wp-json\/wp\/v2\/product"}],"about":[{"href":"https:\/\/monditaly.com\/kauppa\/wp-json\/wp\/v2\/types\/product"}],"wp:featuredmedia":[{"embeddable":true,"href":"https:\/\/monditaly.com\/kauppa\/wp-json\/wp\/v2\/media\/3101"}],"wp:attachment":[{"href":"https:\/\/monditaly.com\/kauppa\/wp-json\/wp\/v2\/media?parent=3100"}],"wp:term":[{"taxonomy":"product_brand","embeddable":true,"href":"https:\/\/monditaly.com\/kauppa\/wp-json\/wp\/v2\/product_brand?post=3100"},{"taxonomy":"product_cat","embeddable":true,"href":"https:\/\/monditaly.com\/kauppa\/wp-json\/wp\/v2\/product_cat?post=3100"},{"taxonomy":"product_tag","embeddable":true,"href":"https:\/\/monditaly.com\/kauppa\/wp-json\/wp\/v2\/product_tag?post=3100"}],"curies":[{"name":"wp","href":"https:\/\/api.w.org\/{rel}","templated":true}]}}