{"id":3170,"date":"2022-11-15T13:00:54","date_gmt":"2022-11-15T11:00:54","guid":{"rendered":"https:\/\/monditaly.com\/kauppa\/?post_type=product&#038;p=3170"},"modified":"2024-06-07T12:01:10","modified_gmt":"2024-06-07T09:01:10","slug":"viander-crema-ai-formaggi-juustolevite-800g","status":"publish","type":"product","link":"https:\/\/monditaly.com\/kauppa\/tuote\/viander-crema-ai-formaggi-juustolevite-800g\/","title":{"rendered":"Viander Crema ai Formaggi juustolevite 800g"},"content":{"rendered":"<h3>Ainesosat \/ Ingredienser:<\/h3>\n<p>Vesi, voi (sis\u00e4lt\u00e4\u00e4 <strong>maito<\/strong>a), Fontal-juusto 12% (maito, suola, juoksete, maitohappobakteerit), Italico-juusto 9 % (maito, suola, juoksete, maitohappobakteerit, Penicillium), Grana Padano SAN -juusto 7,5 %<br \/>\n(maito, suola, juoksete, s\u00e4il\u00f6nt\u00e4aine:<strong> kananmunan lysotsyymi<\/strong>), emmentaljuusto 4,5% (maito, suola, juoksete, maitoentsyymit), heraproteiini (sis\u00e4lt\u00e4\u00e4 maitoa), emulgointisuolat: natriumsitraatti (E331) ja polyfosfaatti (E452). Saattaa sis\u00e4lt\u00e4\u00e4 <strong>kalaa, soijaa, cashewp\u00e4hkin\u00f6it\u00e4, selleri\u00e4, sinappia, seesaminsiement\u00e4<\/strong>. Gluteeniton.<\/p>\n<p>Vatten, sm\u00f6r (inneh\u00e5ller <strong>mj\u00f6lk<\/strong>), Fontal ost 12% (mj\u00f6lk, salt, l\u00f6pe, mj\u00f6lksyrabakterier), Italico ost 9% (mj\u00f6lk, salt, l\u00f6pe, mj\u00f6lksyrabakterier, Penicillium), Grana Padano SAN ost 7,5%<br \/>\n(mj\u00f6lk, salt, l\u00f6pe, konserveringsmedel: <strong>\u00e4gglysozym<\/strong>), emmentalerost 4,5 % (mj\u00f6lk, salt, l\u00f6pe, mj\u00f6lkenzymer), vassleprotein (inneh\u00e5ller mj\u00f6lk), emulgerande salter: natriumcitrater (E331) och polyfosfater (E452). Kan inneh\u00e5lla <strong>fisk, soja, cashewn\u00f6tter, selleri, senap, sesamfr\u00f6n<\/strong>. Glutenfri.<\/p>\n<h3>Ravintoarvot per 100g \/ N\u00e4ringsv\u00e4rde per 100g:<\/h3>\n<p>Energia \/ Energi 1184 kJ \/ 287 kcal<br \/>\nRasva \/ Fett 28,0 g<br \/>\njosta tyydyttynytt\u00e4 19,0 g<br \/>\nHiilihydraatit \/ Kolhydrater 0,5 g<br \/>\njoista sokereita 0,0 g<br \/>\nKuitu \/ Fiber 0,0 g<br \/>\nProteiini \/ Protein 9,4 g<br \/>\nSuola \/ Salt 0,5 g<\/p>\n","protected":false},"excerpt":{"rendered":"<p>Juustolevite t\u00f6lkiss\u00e4.<\/p>\n<p>Cheese sauce packed in tinplate.<\/p>\n","protected":false},"featured_media":3171,"template":"","meta":[],"product_brand":[],"product_cat":[46,110,70,206],"product_tag":[304,325],"class_list":{"0":"post-3170","1":"product","2":"type-product","3":"status-publish","4":"has-post-thumbnail","6":"product_cat-teolliset_elintarvikkeet","7":"product_cat-horeca-teolliset-elintarvikkeet","8":"product_cat-sailykkeet-horeca","9":"product_cat-muut-horeca","10":"product_tag-gluteeniton","11":"product_tag-gluten-free","12":"product_shipping_class-horeca","14":"first","15":"instock","16":"taxable","17":"shipping-taxable","18":"product-type-simple"},"_links":{"self":[{"href":"https:\/\/monditaly.com\/kauppa\/wp-json\/wp\/v2\/product\/3170","targetHints":{"allow":["GET"]}}],"collection":[{"href":"https:\/\/monditaly.com\/kauppa\/wp-json\/wp\/v2\/product"}],"about":[{"href":"https:\/\/monditaly.com\/kauppa\/wp-json\/wp\/v2\/types\/product"}],"wp:featuredmedia":[{"embeddable":true,"href":"https:\/\/monditaly.com\/kauppa\/wp-json\/wp\/v2\/media\/3171"}],"wp:attachment":[{"href":"https:\/\/monditaly.com\/kauppa\/wp-json\/wp\/v2\/media?parent=3170"}],"wp:term":[{"taxonomy":"product_brand","embeddable":true,"href":"https:\/\/monditaly.com\/kauppa\/wp-json\/wp\/v2\/product_brand?post=3170"},{"taxonomy":"product_cat","embeddable":true,"href":"https:\/\/monditaly.com\/kauppa\/wp-json\/wp\/v2\/product_cat?post=3170"},{"taxonomy":"product_tag","embeddable":true,"href":"https:\/\/monditaly.com\/kauppa\/wp-json\/wp\/v2\/product_tag?post=3170"}],"curies":[{"name":"wp","href":"https:\/\/api.w.org\/{rel}","templated":true}]}}