{"id":3237,"date":"2022-12-16T11:00:22","date_gmt":"2022-12-16T09:00:22","guid":{"rendered":"https:\/\/monditaly.com\/kauppa\/?post_type=product&#038;p=3237"},"modified":"2024-07-05T18:30:47","modified_gmt":"2024-07-05T15:30:47","slug":"viander-grillattu-kesakurpitsa-auringonkukkaoljyssa-780g","status":"publish","type":"product","link":"https:\/\/monditaly.com\/kauppa\/tuote\/viander-grillattu-kesakurpitsa-auringonkukkaoljyssa-780g\/","title":{"rendered":"Viander grillattu kes\u00e4kurpitsa auringonkukka\u00f6ljyss\u00e4 780g"},"content":{"rendered":"<h3>Ainesosat \/ Ingredienser:<\/h3>\n<p>Grillattu kes\u00e4kurpitsa (58%), auringonkukka\u00f6ljy, suola, viinietikka, sokeri, minttu, valkosipuli, oregano, happamuudens\u00e4\u00e4t\u00f6aine: sitruunahappo (E330), kiinteytt\u00e4misaine: kalsiumkloridi (E509), hapettumisenestoaine: askorbiinihappo (E300). Sis\u00e4lt\u00e4\u00e4<strong> sulfiitteja<\/strong>. Gluteeniton.<\/p>\n<p>Grillad zucchini (58%), solrosolja, salt, vin\u00e4ger, socker, mynta, vitl\u00f6k, oregano, surhetsreglerande medel: citronsyra (E330), uppstramningsmedel: kalciumklorid (E509), antioxidant: askorbinsyra (E300). Inneh\u00e5ller <strong>sulfiter<\/strong>. Glutenfri.<\/p>\n<h3>Ravintoarvot per 100g \/ N\u00e4ringsv\u00e4rde per 100g:<\/h3>\n<p>Energia \/ Energi 409 kJ \/ 96 kcal<br \/>\nRasva \/ Fett 9,4 g<br \/>\njosta tyydyttynytt\u00e4 \/ varav m\u00e4ttade 1,0 g<br \/>\nHiilihydraatit \/ Kolhydrater 3,2 g<br \/>\njoista sokereita \/ varav sockerarter 3,2 g<br \/>\nKuitu \/ Fiber 1,2 g<br \/>\nProteiini \/ Protein 3,0 g<br \/>\nSuola \/ Salt 0,2 g<\/p>\n","protected":false},"excerpt":{"rendered":"<p><span data-sheets-formula-bar-text-style=\"font-size:13px;color:#000000;font-weight:normal;text-decoration:none;font-family:'Arial';font-style:normal;text-decoration-skip-ink:none;\">Grillatut kes\u00e4kurpitsan siivut auringonkukka\u00f6ljyss\u00e4.<\/span><\/p>\n<p>Grilled zucchini slices in sunflower oil.<\/p>\n","protected":false},"featured_media":3238,"template":"","meta":[],"product_brand":[],"product_cat":[46,110,70,81],"product_tag":[304,325,134],"class_list":{"0":"post-3237","1":"product","2":"type-product","3":"status-publish","4":"has-post-thumbnail","6":"product_cat-teolliset_elintarvikkeet","7":"product_cat-horeca-teolliset-elintarvikkeet","8":"product_cat-sailykkeet-horeca","9":"product_cat-vihannekset-horeca","10":"product_tag-gluteeniton","11":"product_tag-gluten-free","12":"product_tag-zucchini","13":"product_shipping_class-horeca","15":"first","16":"instock","17":"taxable","18":"shipping-taxable","19":"product-type-simple"},"_links":{"self":[{"href":"https:\/\/monditaly.com\/kauppa\/wp-json\/wp\/v2\/product\/3237","targetHints":{"allow":["GET"]}}],"collection":[{"href":"https:\/\/monditaly.com\/kauppa\/wp-json\/wp\/v2\/product"}],"about":[{"href":"https:\/\/monditaly.com\/kauppa\/wp-json\/wp\/v2\/types\/product"}],"wp:featuredmedia":[{"embeddable":true,"href":"https:\/\/monditaly.com\/kauppa\/wp-json\/wp\/v2\/media\/3238"}],"wp:attachment":[{"href":"https:\/\/monditaly.com\/kauppa\/wp-json\/wp\/v2\/media?parent=3237"}],"wp:term":[{"taxonomy":"product_brand","embeddable":true,"href":"https:\/\/monditaly.com\/kauppa\/wp-json\/wp\/v2\/product_brand?post=3237"},{"taxonomy":"product_cat","embeddable":true,"href":"https:\/\/monditaly.com\/kauppa\/wp-json\/wp\/v2\/product_cat?post=3237"},{"taxonomy":"product_tag","embeddable":true,"href":"https:\/\/monditaly.com\/kauppa\/wp-json\/wp\/v2\/product_tag?post=3237"}],"curies":[{"name":"wp","href":"https:\/\/api.w.org\/{rel}","templated":true}]}}