{"id":3248,"date":"2022-12-19T13:20:43","date_gmt":"2022-12-19T11:20:43","guid":{"rendered":"https:\/\/monditaly.com\/kauppa\/?post_type=product&#038;p=3248"},"modified":"2024-07-07T03:48:04","modified_gmt":"2024-07-07T00:48:04","slug":"pasini-pasta-doro-pastajauho-25kg","status":"publish","type":"product","link":"https:\/\/monditaly.com\/kauppa\/tuote\/pasini-pasta-doro-pastajauho-25kg\/","title":{"rendered":"Pasini Pasta d&#8217;Oro pastajauho 25kg"},"content":{"rendered":"<h3>Ainesosat \/ Ingredienser:<\/h3>\n<p>Tyypin 00 vehn\u00e4jauhot. <strong>Sis\u00e4lt\u00e4\u00e4 gluteenia.<\/strong><\/p>\n<p>Vetemj\u00f6l &#8220;00&#8221;. <strong>Inneh\u00e5ller gluten.<\/strong><\/p>\n<h3>Ravintoarvot per 100g \/ N\u00e4ringsv\u00e4rde per 100g:<\/h3>\n<p>Energia \/ Energi 1460 KJ \/ 344 Kcal<br \/>\nRasva \/ Fett 1,0 g<br \/>\njosta tyydyttynytt\u00e4 \/ varav m\u00e4ttade 0,3 g<br \/>\nHiilihydraatit \/ Kolhydrater 72,9 g<br \/>\njoista sokereita \/ varav sockerarter 2,1 g<br \/>\nProteiini \/ Protein 9,8 g<br \/>\nKuitu \/ Fiber 2,1 g<br \/>\nSuola \/ Salt 0 g<\/p>\n","protected":false},"excerpt":{"rendered":"<p>Tuorepastan valmistamiseen suunniteltu jauho. S\u00e4ilytys viile\u00e4ss\u00e4, ilmastoidussa ja kuivassa paikassa.<\/p>\n<p><span class=\"Y2IQFc\" lang=\"en\">Flour designed for making fresh pasta. Store in a cool, air-conditioned and dry place.<\/span><\/p>\n","protected":false},"featured_media":3250,"template":"","meta":[],"product_brand":[],"product_cat":[196,46,110,74,156],"product_tag":[202],"class_list":{"0":"post-3248","1":"product","2":"type-product","3":"status-publish","4":"has-post-thumbnail","6":"product_cat-kilokauppa","7":"product_cat-teolliset_elintarvikkeet","8":"product_cat-horeca-teolliset-elintarvikkeet","9":"product_cat-kuivat-elintarvikkeet-horeca","10":"product_cat-jauhot-horeca","11":"product_tag-flour","12":"product_shipping_class-horeca","14":"first","15":"instock","16":"taxable","17":"shipping-taxable","18":"product-type-simple"},"_links":{"self":[{"href":"https:\/\/monditaly.com\/kauppa\/wp-json\/wp\/v2\/product\/3248","targetHints":{"allow":["GET"]}}],"collection":[{"href":"https:\/\/monditaly.com\/kauppa\/wp-json\/wp\/v2\/product"}],"about":[{"href":"https:\/\/monditaly.com\/kauppa\/wp-json\/wp\/v2\/types\/product"}],"wp:featuredmedia":[{"embeddable":true,"href":"https:\/\/monditaly.com\/kauppa\/wp-json\/wp\/v2\/media\/3250"}],"wp:attachment":[{"href":"https:\/\/monditaly.com\/kauppa\/wp-json\/wp\/v2\/media?parent=3248"}],"wp:term":[{"taxonomy":"product_brand","embeddable":true,"href":"https:\/\/monditaly.com\/kauppa\/wp-json\/wp\/v2\/product_brand?post=3248"},{"taxonomy":"product_cat","embeddable":true,"href":"https:\/\/monditaly.com\/kauppa\/wp-json\/wp\/v2\/product_cat?post=3248"},{"taxonomy":"product_tag","embeddable":true,"href":"https:\/\/monditaly.com\/kauppa\/wp-json\/wp\/v2\/product_tag?post=3248"}],"curies":[{"name":"wp","href":"https:\/\/api.w.org\/{rel}","templated":true}]}}