{"id":3263,"date":"2022-12-27T09:20:35","date_gmt":"2022-12-27T07:20:35","guid":{"rendered":"https:\/\/monditaly.com\/kauppa\/?post_type=product&#038;p=3263"},"modified":"2024-07-05T13:51:25","modified_gmt":"2024-07-05T10:51:25","slug":"le-5-stagioni-gluten-free-semilavorato-pizzajauho-1kg","status":"publish","type":"product","link":"https:\/\/monditaly.com\/kauppa\/tuote\/le-5-stagioni-gluten-free-semilavorato-pizzajauho-1kg\/","title":{"rendered":"Le 5 Stagioni Gluten Free Semilavorato pizzajauho 1kg"},"content":{"rendered":"<h3>Ainesosat \/ Ingredienser:<\/h3>\n<p>Maissit\u00e4rkkelys, perunat\u00e4rkkelys, suola, psyllium-siemenkuitu, palkokasvijauho (herne), sokeri, kasvikuidut (peruna, herneet, riisi, pellava), hirssijauho, sakeuttamisaineet: E464, inuliini, pellavansiemenjauho, riisijauho, ruokasooda, guar-siemenjauho, luonnolliset aromit, natriumpyrofosfaatti, dekstroosi.<\/p>\n<p>Majsst\u00e4rkelse, potatisst\u00e4rkelse, salt, psylliumfr\u00f6fiber, baljv\u00e4xtmj\u00f6l (\u00e4rter), socker, vegetabiliska fibrer (potatis, \u00e4rtor, ris, lin), hirsmj\u00f6l, f\u00f6rtjockningsmedel: E464, inulin, linfr\u00f6mj\u00f6l, rismj\u00f6l, bakpulver, guarfr\u00f6mj\u00f6l, naturliga smak\u00e4mnen, natriumpyrofosfat, dextros.<\/p>\n<h3>Ravintoarvot per 100g \/ N\u00e4ringsv\u00e4rde per 100g:<\/h3>\n","protected":false},"excerpt":{"rendered":"<p>Luonnollisesti gluteenittomista ja maidottomista raaka-aineista valmistettu erikoisjauhosekoitus pizzalle. Koostumus takaa eritt\u00e4in kevyet, helposti sulavat gluteenittomat pizzapohjat.<\/p>\n<p>A special mix for pizza made of naturally gluten-free and milk-free raw materials. Thanks to its composition, it is possible to produce extremely light and digestible gluten-free pizzas. Its simple and intuitive use always guarantees excellent results.<\/p>\n","protected":false},"featured_media":3264,"template":"","meta":[],"product_brand":[],"product_cat":[196,46,110,74,156],"product_tag":[202,304,325],"class_list":{"0":"post-3263","1":"product","2":"type-product","3":"status-publish","4":"has-post-thumbnail","6":"product_cat-kilokauppa","7":"product_cat-teolliset_elintarvikkeet","8":"product_cat-horeca-teolliset-elintarvikkeet","9":"product_cat-kuivat-elintarvikkeet-horeca","10":"product_cat-jauhot-horeca","11":"product_tag-flour","12":"product_tag-gluteeniton","13":"product_tag-gluten-free","14":"product_shipping_class-horeca","16":"first","17":"instock","18":"taxable","19":"shipping-taxable","20":"product-type-simple"},"_links":{"self":[{"href":"https:\/\/monditaly.com\/kauppa\/wp-json\/wp\/v2\/product\/3263","targetHints":{"allow":["GET"]}}],"collection":[{"href":"https:\/\/monditaly.com\/kauppa\/wp-json\/wp\/v2\/product"}],"about":[{"href":"https:\/\/monditaly.com\/kauppa\/wp-json\/wp\/v2\/types\/product"}],"wp:featuredmedia":[{"embeddable":true,"href":"https:\/\/monditaly.com\/kauppa\/wp-json\/wp\/v2\/media\/3264"}],"wp:attachment":[{"href":"https:\/\/monditaly.com\/kauppa\/wp-json\/wp\/v2\/media?parent=3263"}],"wp:term":[{"taxonomy":"product_brand","embeddable":true,"href":"https:\/\/monditaly.com\/kauppa\/wp-json\/wp\/v2\/product_brand?post=3263"},{"taxonomy":"product_cat","embeddable":true,"href":"https:\/\/monditaly.com\/kauppa\/wp-json\/wp\/v2\/product_cat?post=3263"},{"taxonomy":"product_tag","embeddable":true,"href":"https:\/\/monditaly.com\/kauppa\/wp-json\/wp\/v2\/product_tag?post=3263"}],"curies":[{"name":"wp","href":"https:\/\/api.w.org\/{rel}","templated":true}]}}