{"id":3376,"date":"2023-02-16T15:27:56","date_gmt":"2023-02-16T13:27:56","guid":{"rendered":"https:\/\/monditaly.com\/kauppa\/?post_type=product&#038;p=3376"},"modified":"2024-06-07T12:01:08","modified_gmt":"2024-06-07T09:01:08","slug":"viander-appetitoso-gran-buffet-vihannessekoitus-2250g","status":"publish","type":"product","link":"https:\/\/monditaly.com\/kauppa\/tuote\/viander-appetitoso-gran-buffet-vihannessekoitus-2250g\/","title":{"rendered":"Viander Appetitoso Gran Buffet vihannessekoitus 2250g"},"content":{"rendered":"<h3>Ainesosat \/ Ingredienser:<\/h3>\n<div>Porkkana, selleri, sipuli, kukkakaali, paprika, kurkku, vesi, viinietikka, sokeri, suola, auringonkukka\u00f6ljy, happamuudens\u00e4\u00e4t\u00f6aine: sitruunahappo (E330), antioksidantti: askorbiinihappo (E300). Sis\u00e4lt\u00e4\u00e4 sulfiitteja. Gluteeniton.<\/div>\n<div><\/div>\n<div>Mor\u00f6tter, selleri, l\u00f6k, blomk\u00e5l, paprika, gurka, vatten, vin\u00e4ger, socker, salt, solrosolja, surhetsreglerande medel: citronsyra (E330), antioxidant: askorbinsyra (E300). Inneh\u00e5ller sulfiter. Glutenfri.<\/div>\n<h3>Ravintoarvot per 100g \/ N\u00e4ringsv\u00e4rde per 100g:<\/h3>\n<p>Energia \/ Energi 236kJ \/ 59kcal<br \/>\nRasva \/ Fett 0,3g josta tyydyttynytt\u00e4 \/ varav m\u00e4ttade 0,04g<br \/>\nHiilihydraatit \/ Kolhydrater 11,3g joista sokereita \/ varav sockerarter 10,5g<br \/>\nProteiini \/ Protein 1,3g<br \/>\nSuola \/ Salt 1,3g<\/p>\n","protected":false},"excerpt":{"rendered":"<p>Sekoitus vihanneksia, jotka on paloiteltu tasaisesti, s\u00e4il\u00f6tty auringonkukka\u00f6ljyyn ja pakattu alumiinipussiin. Tuote on past\u00f6roitu F85&gt;30, joka takaa tuotteen steriiliyden.<\/p>\n<p>A mixture of vegetables that have been chopped evenly, preserved in sunflower oil and packed in an aluminum bag. The product is pasteurized F85&gt;30, which guarantees the sterility of the product.<\/p>\n","protected":false},"featured_media":3829,"template":"","meta":[],"product_brand":[],"product_cat":[46,110,70,81],"product_tag":[421],"class_list":{"0":"post-3376","1":"product","2":"type-product","3":"status-publish","4":"has-post-thumbnail","6":"product_cat-teolliset_elintarvikkeet","7":"product_cat-horeca-teolliset-elintarvikkeet","8":"product_cat-sailykkeet-horeca","9":"product_cat-vihannekset-horeca","10":"product_tag-vegetables","11":"product_shipping_class-horeca","13":"first","14":"instock","15":"taxable","16":"shipping-taxable","17":"product-type-simple"},"_links":{"self":[{"href":"https:\/\/monditaly.com\/kauppa\/wp-json\/wp\/v2\/product\/3376","targetHints":{"allow":["GET"]}}],"collection":[{"href":"https:\/\/monditaly.com\/kauppa\/wp-json\/wp\/v2\/product"}],"about":[{"href":"https:\/\/monditaly.com\/kauppa\/wp-json\/wp\/v2\/types\/product"}],"wp:featuredmedia":[{"embeddable":true,"href":"https:\/\/monditaly.com\/kauppa\/wp-json\/wp\/v2\/media\/3829"}],"wp:attachment":[{"href":"https:\/\/monditaly.com\/kauppa\/wp-json\/wp\/v2\/media?parent=3376"}],"wp:term":[{"taxonomy":"product_brand","embeddable":true,"href":"https:\/\/monditaly.com\/kauppa\/wp-json\/wp\/v2\/product_brand?post=3376"},{"taxonomy":"product_cat","embeddable":true,"href":"https:\/\/monditaly.com\/kauppa\/wp-json\/wp\/v2\/product_cat?post=3376"},{"taxonomy":"product_tag","embeddable":true,"href":"https:\/\/monditaly.com\/kauppa\/wp-json\/wp\/v2\/product_tag?post=3376"}],"curies":[{"name":"wp","href":"https:\/\/api.w.org\/{rel}","templated":true}]}}