{"id":3403,"date":"2023-02-28T20:06:58","date_gmt":"2023-02-28T18:06:58","guid":{"rendered":"https:\/\/monditaly.com\/kauppa\/?post_type=product&#038;p=3403"},"modified":"2025-07-30T11:28:33","modified_gmt":"2025-07-30T08:28:33","slug":"polara-melograno-limonadi-1ltk","status":"publish","type":"product","link":"https:\/\/monditaly.com\/kauppa\/tuote\/polara-melograno-limonadi-1ltk\/","title":{"rendered":"Polara Melograno limonadi 1ltk (0,275ml x 24 plo)"},"content":{"rendered":"<h3>Ainesosat \/ Ingredienser:<\/h3>\n<p>Vesi, granaattiomenamehu tiivisteest\u00e4 15%, sokeri, hiilidioksidi, seljanmarjauute, luonnolliset aromit, happamuutta s\u00e4\u00e4telev\u00e4 aine: sitruunahappo, v\u00e4ri: E150d, s\u00e4il\u00f6nt\u00e4aineet: natriumbentsoaatti.<\/p>\n<p>Vatten, granat\u00e4pplejuice fr\u00e5n koncentrat 15%, socker, koldioxid, fl\u00e4derextrakt, naturliga favoriter, syrande: citronsyra, f\u00e4rg\u00e4mne: E150d, konserveringsmedel: natriumbensoat.<\/p>\n<h3>Ravintoarvot \/ N\u00e4ringsv\u00e4rde:<\/h3>\n<p>Energia \/ Energi 179 KJ \/ 42 Kcal<br \/>\nRasva \/ Fett 0 g<br \/>\njosta tyydyttynytt\u00e4 \/ varav m\u00e4ttade 0 g<br \/>\nHiilihydraatit \/ Kolhydrater 10,5 g<br \/>\njoista sokereita \/ varav sockerarter 9,5 g<br \/>\nKuitu \/ Fiber 0 g<br \/>\nProteiini \/ Protein 0 g<br \/>\nNatrium \/ Natrium 0 g<\/p>\n","protected":false},"excerpt":{"rendered":"<p><strong>Tuote myyd\u00e4\u00e4n myyntier\u00e4n\u00e4 1 ltk (4 x 6 plo = 24 plo). \/ Sales unit 1 box (4 x 6 bottles = 24 bottles).<\/strong><\/p>\n<p>Perinteisell\u00e4 reseptill\u00e4 valmistettu limonadi parhaista raaka-aineista, joka vie maullaan Sisilian historiaan. Linja on suunniteltu HoReCa-k\u00e4ytt\u00f6\u00f6n ja sen klassisen elegantti br\u00e4ndi vetoaa nostalgisiin kuluttajiin. Raikas, virkist\u00e4v\u00e4 ja aidon maukas limonadi sopii t\u00e4ydellisesti italialaisen ruoan kanssa.<\/p>\n<p id=\"tw-target-text\" class=\"tw-data-text tw-text-large tw-ta\" dir=\"ltr\" data-placeholder=\"Translation\">Lemonade made with a traditional Sicilian recipe from the best ingredients, which takes you to the history of Sicily with its taste. The line is designed for HoReCa use and its classically elegant brand appeals to nostalgic consumers. Fresh, refreshing and really tasty lemonade goes perfectly with Italian food.<\/p>\n","protected":false},"featured_media":7353,"template":"","meta":[],"product_brand":[],"product_cat":[23,294,419],"product_tag":[427,416,417,597,428,418],"class_list":{"0":"post-3403","1":"product","2":"type-product","3":"status-publish","4":"has-post-thumbnail","6":"product_cat-juomat","7":"product_cat-juomat-horeca","8":"product_cat-virvoitusjuomat","9":"product_tag-granaattiomena","10":"product_tag-lemonade","11":"product_tag-limsa","12":"product_tag-melograno","13":"product_tag-pomegranate","14":"product_tag-virvoitusjuoma","15":"product_shipping_class-horeca","17":"first","18":"instock","19":"taxable","20":"shipping-taxable","21":"product-type-simple"},"_links":{"self":[{"href":"https:\/\/monditaly.com\/kauppa\/wp-json\/wp\/v2\/product\/3403","targetHints":{"allow":["GET"]}}],"collection":[{"href":"https:\/\/monditaly.com\/kauppa\/wp-json\/wp\/v2\/product"}],"about":[{"href":"https:\/\/monditaly.com\/kauppa\/wp-json\/wp\/v2\/types\/product"}],"wp:featuredmedia":[{"embeddable":true,"href":"https:\/\/monditaly.com\/kauppa\/wp-json\/wp\/v2\/media\/7353"}],"wp:attachment":[{"href":"https:\/\/monditaly.com\/kauppa\/wp-json\/wp\/v2\/media?parent=3403"}],"wp:term":[{"taxonomy":"product_brand","embeddable":true,"href":"https:\/\/monditaly.com\/kauppa\/wp-json\/wp\/v2\/product_brand?post=3403"},{"taxonomy":"product_cat","embeddable":true,"href":"https:\/\/monditaly.com\/kauppa\/wp-json\/wp\/v2\/product_cat?post=3403"},{"taxonomy":"product_tag","embeddable":true,"href":"https:\/\/monditaly.com\/kauppa\/wp-json\/wp\/v2\/product_tag?post=3403"}],"curies":[{"name":"wp","href":"https:\/\/api.w.org\/{rel}","templated":true}]}}