{"id":3469,"date":"2023-03-29T14:02:37","date_gmt":"2023-03-29T11:02:37","guid":{"rendered":"https:\/\/monditaly.com\/kauppa\/?post_type=product&#038;p=3469"},"modified":"2026-01-02T11:53:51","modified_gmt":"2026-01-02T09:53:51","slug":"tenuta-carretta-dalba-doc-1ltk-6x075l","status":"publish","type":"product","link":"https:\/\/monditaly.com\/kauppa\/tuote\/tenuta-carretta-dalba-doc-1ltk-6x075l\/","title":{"rendered":"Tenuta Carretta Barbera d&#8217;Alba DOC 1ltk (6&#215;0,75l)"},"content":{"rendered":"<p>Maa: Italia<br \/>\nAlue: Piedmont<br \/>\nViinityyppi: Punaviini<br \/>\nPullokoko: 0,75 l<br \/>\nRyp\u00e4leet: Barbera<br \/>\nSokerit: 0,0 g\/l<br \/>\nHapot: 5,8 g\/l<br \/>\nAlkoholi: 14,0 %<\/p>\n<p>Harmoninen ja elegantti punaviini, jonka kirsikkaista makua t\u00e4ydent\u00e4v\u00e4t marjaiset ja kukkeat aromit.<\/p>\n","protected":false},"excerpt":{"rendered":"<p>Harmoninen ja elegantti punaviini, jonka tuoksua s\u00e4vytt\u00e4v\u00e4t kukat ja villimarjat. Maku on keskitanniininen ja kirsikkainen, jota marjojen ja kukkien aromit t\u00e4ydent\u00e4v\u00e4t. Kaunis, violettiin taittuva rubiininpunainen v\u00e4ri. Suosittelemme nautittavaksi italialaisten ruokien, kuten pastan, pizzan ja erilaisten alkupalojen kanssa.<\/p>\n<div class=\"flex flex-grow flex-col max-w-full\">\n<div class=\"min-h-[20px] text-message flex flex-col items-start whitespace-pre-wrap break-words [.text-message+&amp;]:mt-5 juice:w-full juice:items-end overflow-x-auto gap-2\" dir=\"auto\" data-message-author-role=\"assistant\" data-message-id=\"f02f2ff9-653c-4c45-b3a1-b712b466a104\">\n<div class=\"flex w-full flex-col gap-1 juice:empty:hidden juice:first:pt-[3px]\">\n<div class=\"markdown prose w-full break-words dark:prose-invert light\">\n<p>A harmonious and elegant red wine with a bouquet accented by flowers and wild berries. The flavor is medium-tannic and cherry-like, complemented by berry and floral aromas. It has a beautiful ruby-red color with hints of violet. We recommend enjoying it with Italian dishes such as pasta, pizza, and various appetizers.<\/p>\n<\/div>\n<\/div>\n<\/div>\n<\/div>\n","protected":false},"featured_media":3470,"template":"","meta":[],"product_brand":[],"product_cat":[23,294,352,353],"product_tag":[357],"class_list":{"0":"post-3469","1":"product","2":"type-product","3":"status-publish","4":"has-post-thumbnail","6":"product_cat-juomat","7":"product_cat-juomat-horeca","8":"product_cat-viinit","9":"product_cat-punaviinit","10":"product_tag-red-wine","11":"product_shipping_class-horeca","13":"first","14":"instock","15":"featured","16":"taxable","17":"shipping-taxable","18":"product-type-simple"},"_links":{"self":[{"href":"https:\/\/monditaly.com\/kauppa\/wp-json\/wp\/v2\/product\/3469","targetHints":{"allow":["GET"]}}],"collection":[{"href":"https:\/\/monditaly.com\/kauppa\/wp-json\/wp\/v2\/product"}],"about":[{"href":"https:\/\/monditaly.com\/kauppa\/wp-json\/wp\/v2\/types\/product"}],"wp:featuredmedia":[{"embeddable":true,"href":"https:\/\/monditaly.com\/kauppa\/wp-json\/wp\/v2\/media\/3470"}],"wp:attachment":[{"href":"https:\/\/monditaly.com\/kauppa\/wp-json\/wp\/v2\/media?parent=3469"}],"wp:term":[{"taxonomy":"product_brand","embeddable":true,"href":"https:\/\/monditaly.com\/kauppa\/wp-json\/wp\/v2\/product_brand?post=3469"},{"taxonomy":"product_cat","embeddable":true,"href":"https:\/\/monditaly.com\/kauppa\/wp-json\/wp\/v2\/product_cat?post=3469"},{"taxonomy":"product_tag","embeddable":true,"href":"https:\/\/monditaly.com\/kauppa\/wp-json\/wp\/v2\/product_tag?post=3469"}],"curies":[{"name":"wp","href":"https:\/\/api.w.org\/{rel}","templated":true}]}}