{"id":3490,"date":"2023-04-06T09:51:27","date_gmt":"2023-04-06T06:51:27","guid":{"rendered":"https:\/\/monditaly.com\/kauppa\/?post_type=product&#038;p=3490"},"modified":"2024-06-07T12:01:08","modified_gmt":"2024-06-07T09:01:08","slug":"viander-bella-atmosfera-punainen-kirsikkatomaatti-750g","status":"publish","type":"product","link":"https:\/\/monditaly.com\/kauppa\/tuote\/viander-bella-atmosfera-punainen-kirsikkatomaatti-750g\/","title":{"rendered":"Viander Bella Atmosfera punainen kirsikkatomaatti 750g"},"content":{"rendered":"<h3>Ainesosat \/ Ingredienser:<\/h3>\n<div>Puolikuivatut tomaatit (93,3%), runsaasti \u00f6ljyhappoa sis\u00e4lt\u00e4v\u00e4 auringonkukka\u00f6ljy, viinietikka, suola, basilika, valkosipuli, valkopippuri, happamuudens\u00e4\u00e4t\u00f6aine: sitruunahappo (E330), antioksidantti: askorbiinihappo (E300). Sis\u00e4lt\u00e4\u00e4 <strong>sulfiitteja<\/strong>. Gluteeniton.<\/div>\n<div><\/div>\n<div>Halvtorkade tomater (93,3%), solrosolja rik p\u00e5 oljesyra, vin\u00e4ger, salt, basilika, vitl\u00f6k, vitpeppar, surhetsreglerande medel: citronsyra (E330), antioxidant: askorbinsyra (E300). Inneh\u00e5ller <strong>sulfiter<\/strong>. Glutenfri.<\/div>\n<h3>Ravintoarvot per 100 g \/ N\u00e4ringsv\u00e4rde per 100 g:<\/h3>\n<p>Energia \/ Energi 319 kJ \/ 76 kcal<br \/>\nRasva \/ Fett 13,5 g<br \/>\njosta tyydyttynytt\u00e4 \/ varav m\u00e4ttade 1,4 g<br \/>\nHiilihydraatit \/ Kolhydrater 21,7 g<br \/>\njoista sokereita \/ varav sockerarter 21,2 g<br \/>\nProteiini \/ Protein 4,9 g<br \/>\nSuola \/ Salt 1,1 g<\/p>\n","protected":false},"excerpt":{"rendered":"<p><span style=\"font-weight: 400;\">Puolikuivattu tomaatti, 100% Apulian alueen pitk\u00e4st\u00e4 tomaattilajikkeesta valmistettu. <\/span><\/p>\n<p><span style=\"font-weight: 400;\">Bella Atmosfera -vihanness\u00e4ilykkeet on pakattu k\u00e4ytt\u00e4j\u00e4yst\u00e4v\u00e4llisiin pakkauksiin. Pakkausten materiaali on 100% kierr\u00e4tett\u00e4v\u00e4\u00e4 muovia, jossa tuotteet on kevyt kuljettaa ja s\u00e4ilytt\u00e4\u00e4. Ilmaa poistava s\u00e4il\u00f6nt\u00e4tekniikka ja suojakaasun k\u00e4ytt\u00f6 mahdollistavat tuotteiden s\u00e4ilymisen avaamattomina huoneenl\u00e4mm\u00f6ss\u00e4. <\/span><span style=\"font-weight: 400;\">Tuotteissa on k\u00e4ytetty vain 5% \u00f6ljy\u00e4, joka tekee tuotteista k\u00e4tevi\u00e4 k\u00e4ytt\u00e4\u00e4: \u00f6ljy\u00e4 ei tarvitse erikseen valuttaa pois, vaan tuotteet ovat heti valmiita tarjolle. Pakkaus on suunniteltu siten, ett\u00e4 sit\u00e4 voidaan k\u00e4ytt\u00e4\u00e4 my\u00f6s tarjoiluastiana vitriiniss\u00e4. K\u00e4yt\u00f6n j\u00e4lkeen kansi voidaan painaa takaisin paikoilleen ja pakkaus s\u00e4ilytt\u00e4\u00e4 j\u00e4\u00e4kaapissa. Pieni m\u00e4\u00e4r\u00e4 laadukasta \u00f6ljy\u00e4 ei imeydy vihannesten kuituihin, joten niiden ominaisuudet pysyv\u00e4t l\u00e4hes samanlaisina kuin sadonkorjuuhetkell\u00e4.<\/span><\/p>\n<p>&nbsp;<\/p>\n","protected":false},"featured_media":4398,"template":"","meta":[],"product_brand":[],"product_cat":[46,110,70,97],"product_tag":[383,304,176],"class_list":{"0":"post-3490","1":"product","2":"type-product","3":"status-publish","4":"has-post-thumbnail","6":"product_cat-teolliset_elintarvikkeet","7":"product_cat-horeca-teolliset-elintarvikkeet","8":"product_cat-sailykkeet-horeca","9":"product_cat-tomaatti-horeca","10":"product_tag-dried-tomato","11":"product_tag-gluteeniton","12":"product_tag-tomato","13":"product_shipping_class-horeca","15":"first","16":"instock","17":"taxable","18":"shipping-taxable","19":"product-type-simple"},"_links":{"self":[{"href":"https:\/\/monditaly.com\/kauppa\/wp-json\/wp\/v2\/product\/3490","targetHints":{"allow":["GET"]}}],"collection":[{"href":"https:\/\/monditaly.com\/kauppa\/wp-json\/wp\/v2\/product"}],"about":[{"href":"https:\/\/monditaly.com\/kauppa\/wp-json\/wp\/v2\/types\/product"}],"wp:featuredmedia":[{"embeddable":true,"href":"https:\/\/monditaly.com\/kauppa\/wp-json\/wp\/v2\/media\/4398"}],"wp:attachment":[{"href":"https:\/\/monditaly.com\/kauppa\/wp-json\/wp\/v2\/media?parent=3490"}],"wp:term":[{"taxonomy":"product_brand","embeddable":true,"href":"https:\/\/monditaly.com\/kauppa\/wp-json\/wp\/v2\/product_brand?post=3490"},{"taxonomy":"product_cat","embeddable":true,"href":"https:\/\/monditaly.com\/kauppa\/wp-json\/wp\/v2\/product_cat?post=3490"},{"taxonomy":"product_tag","embeddable":true,"href":"https:\/\/monditaly.com\/kauppa\/wp-json\/wp\/v2\/product_tag?post=3490"}],"curies":[{"name":"wp","href":"https:\/\/api.w.org\/{rel}","templated":true}]}}